{"id":227,"date":"2022-03-03T22:26:31","date_gmt":"2022-03-03T20:26:31","guid":{"rendered":"https:\/\/dev4.develope.fi\/dev\/hpcommerce\/?post_type=product&#038;p=227"},"modified":"2022-04-18T17:21:07","modified_gmt":"2022-04-18T14:21:07","slug":"testi","status":"publish","type":"product","link":"https:\/\/dev4.develope.fi\/dev\/hpcommerce\/?product=testi","title":{"rendered":"At-Kone Oy"},"content":{"rendered":"","protected":false},"excerpt":{"rendered":"<p><strong>Toimitusjohtaja Elmo Arola<\/strong><\/p>\n<p><span style=\"color: #0000ff;\"><a style=\"color: #0000ff;\" href=\"http:\/\/www.atkone.fi\/\">http:\/\/www.atkone.fi\/<\/a><\/span><\/p>\n<p>Tarvike- ja ty\u00f6kalukauppa Hyvink\u00e4\u00e4ll\u00e4<br \/>\nPaljon laatutuotteita kaiken tasoisiin k\u00e4siin ja aina avulias palvelu p\u00e4\u00e4lle!<\/p>\n<p>Tervetuloa AT-Kone-myym\u00e4l\u00e4\u00e4mme Hyvink\u00e4\u00e4lle, osoitteeseen Kerkkolankatu 1. Olemme<br \/>\nammattilaisen ja kotiasentajan tarvike- ja ty\u00f6kalukauppa, josta l\u00f6ytyy oikeastaan mit\u00e4 vaan<br \/>\nmaan ja taivaan v\u00e4lilt\u00e4.<\/p>\n<p>On hitsaus- ja s\u00e4hk\u00f6tarviketta, k\u00e4sity\u00f6kalua, pneumatiikkaa, hydrauliikkaa, kumi- ja<br \/>\nmuovituotetta, varaosaa ja varustetta, vain muutamia mainitaksemme. Kannattaa kurkata<br \/>\nlistaukseen tuotteet-sivulle, niin n\u00e4et, mit\u00e4 meilt\u00e4 l\u00f6ytyy. Siin\u00e4 on toki vain murto-osa<br \/>\ntodellisesta tarjonnastamme, joten tule ihmeess\u00e4 ihan paikan p\u00e4\u00e4lle tutkimaan.<\/p>\n<p>Meill\u00e4 sinua vastassa on avulias, leppoisa henkil\u00f6kunta, joka auttaa tekem\u00e4\u00e4n oikeat<br \/>\nostokset tarpeisiisi. Olemme vuonna 1978 perustettu perheyritys jo kolmannessa polvessa.<\/p>\n<div class=\"company-info\">\n<p><span style=\"color: #0000ff;\">Kerkkolankatu 1<\/span><br \/>\n<span style=\"color: #0000ff;\">05800 Hyvink\u00e4\u00e4<\/span><\/p>\n<p><a href=\"tel:0207751270\">\u00a0<span style=\"color: #0000ff;\">0207751270<\/span><\/a><\/p>\n<p><span style=\"color: #0000ff;\"><a style=\"color: #0000ff;\" href=\"mailto:myynti@atkone.fi\">\u00a0myynti@atkone.fi<\/a><\/span><\/p>\n<p><span style=\"color: #0000ff;\">Avoinna ma\u2013to 8.00\u201316.30 ja pe 8.00\u201316.00<\/span><\/p>\n<div class=\"social-icons\"><\/div>\n<\/div>\n<div class=\"editor\">\n<h2><span style=\"color: #0000ff;\">P\u00e4ivystys<\/span><\/h2>\n<h2><span style=\"color: #0000ff;\"><a style=\"color: #0000ff;\" href=\"tel:0207751279\">020 7751 279<\/a><\/span><\/h2>\n<p><span style=\"color: #0000ff;\"><strong>Ma\u2013Pe 7.00\u20138.00<\/strong>\u00a0*48,40 \u20ac **60 \u20ac<\/span><br \/>\n<span style=\"color: #0000ff;\"><strong>Ma\u2013Pe 16.00\u201322.00<\/strong>\u00a0*48,40 \u20ac **60 \u20ac<\/span><br \/>\n<span style=\"color: #0000ff;\"><strong>La\u2013Su 7.00\u201322.00<\/strong>\u00a0*48,40 \u20ac **60 \u20ac<\/span><br \/>\n<span style=\"color: #0000ff;\"><strong>Juhlapyh\u00e4t<\/strong>\u00a0ma\u2013su 22.00\u20137.00 *96,80 \u20ac **120 \u20ac<\/span><\/p>\n<p><span style=\"color: #0000ff;\">*alv. 0 %, **alv. 24 %<\/span><\/p>\n<\/div>\n","protected":false},"featured_media":0,"comment_status":"open","ping_status":"closed","template":"","meta":[],"product_brand":[],"product_cat":[22],"product_tag":[],"class_list":{"0":"post-227","1":"product","2":"type-product","3":"status-publish","5":"product_cat-edut","7":"first","8":"instock","9":"shipping-taxable","10":"product-type-simple"},"_links":{"self":[{"href":"https:\/\/dev4.develope.fi\/dev\/hpcommerce\/index.php?rest_route=\/wp\/v2\/product\/227","targetHints":{"allow":["GET"]}}],"collection":[{"href":"https:\/\/dev4.develope.fi\/dev\/hpcommerce\/index.php?rest_route=\/wp\/v2\/product"}],"about":[{"href":"https:\/\/dev4.develope.fi\/dev\/hpcommerce\/index.php?rest_route=\/wp\/v2\/types\/product"}],"replies":[{"embeddable":true,"href":"https:\/\/dev4.develope.fi\/dev\/hpcommerce\/index.php?rest_route=%2Fwp%2Fv2%2Fcomments&post=227"}],"wp:attachment":[{"href":"https:\/\/dev4.develope.fi\/dev\/hpcommerce\/index.php?rest_route=%2Fwp%2Fv2%2Fmedia&parent=227"}],"wp:term":[{"taxonomy":"product_brand","embeddable":true,"href":"https:\/\/dev4.develope.fi\/dev\/hpcommerce\/index.php?rest_route=%2Fwp%2Fv2%2Fproduct_brand&post=227"},{"taxonomy":"product_cat","embeddable":true,"href":"https:\/\/dev4.develope.fi\/dev\/hpcommerce\/index.php?rest_route=%2Fwp%2Fv2%2Fproduct_cat&post=227"},{"taxonomy":"product_tag","embeddable":true,"href":"https:\/\/dev4.develope.fi\/dev\/hpcommerce\/index.php?rest_route=%2Fwp%2Fv2%2Fproduct_tag&post=227"}],"curies":[{"name":"wp","href":"https:\/\/api.w.org\/{rel}","templated":true}]}}