{"id":230,"date":"2022-03-03T22:48:59","date_gmt":"2022-03-03T20:48:59","guid":{"rendered":"https:\/\/dev4.develope.fi\/dev\/hpcommerce\/?post_type=product&#038;p=230"},"modified":"2022-04-18T20:55:10","modified_gmt":"2022-04-18T17:55:10","slug":"jetsetclub","status":"publish","type":"product","link":"https:\/\/dev4.develope.fi\/dev\/hpcommerce\/?product=jetsetclub","title":{"rendered":"JetSetClub"},"content":{"rendered":"","protected":false},"excerpt":{"rendered":"<div id=\":zh\" class=\"ii gt\">\n<div id=\":zi\" class=\"a3s aiL \">\n<div dir=\"ltr\">\n<div class=\"gmail_quote\">\n<div dir=\"ltr\">\n<p><strong>Kuvassa Timo Jutila<\/strong><\/p>\n<p><span style=\"color: #0000ff;\"><a style=\"color: #0000ff;\" href=\"http:\/\/www. jetsetclub.fi\/\">http:\/\/www. jetsetclub.fi\/<\/a><\/span><\/p>\n<p><strong>PARASTA PALVELUA PARHAALLA PAIKALLA<\/strong><\/p>\n<p>JetSetClub on personoituja asiakastapahtumia ja ohjelmatilaisuuksia tarjoava yritys, joka panostaa kokonaisvaltaisiin tapahtumaratkaisuihin, joissa ohjelma suunnitellaan ja toteutetaan asiakkaan toiveiden mukaisesti ammattitaidolla.<\/p>\n<p>Monipuolisen tapahtumayrityksen kautta l\u00f6yd\u00e4t sis\u00e4ll\u00f6n avajaisiin, tuotelanseerauksiin,<br \/>\nasiakasjuhliin, ty\u00f6paikkasi tyhy-p\u00e4iv\u00e4\u00e4n sek\u00e4 lastenjuhliin, h\u00e4ihin ja valmistujaisiin.<\/p>\n<p>Palvelemme niin isoja kuin pieni\u00e4 asiakkaita, jokainen on meille yht\u00e4 t\u00e4rke\u00e4.<\/p>\n<p>Toimimme aina tavoitel\u00e4ht\u00f6isesti. Ratkaisevaa ei ole tapahtuman koko tai muoto, vaan<br \/>\nvaikuttava tarina, palautteet ja tunne onnistumisesta.<\/p>\n<p>L\u00e4hesty meit\u00e4 ja kerro toiveesi ja anna meid\u00e4n auttaa ikimuistoisen tapahtuman<br \/>\ntekemisess\u00e4.<\/p>\n<p>Nauti juhlap\u00e4iv\u00e4si siit\u00e4 itse nauttien. JetSetClub tarjoaa tapahtumaasi \u201cAvaimet k\u00e4teen-<br \/>\npalvelun\u201d. Ole yhteydess\u00e4 ja rakennetaan juuri sinun n\u00e4k\u00f6isesi juhla<\/p>\n<p><strong>OTA YHTEYTT\u00c4<\/strong><\/p>\n<p>Voit ottaa meihin yhteytt\u00e4 lomakkeella tai soittamalla \/ s\u00e4hk\u00f6postilla.<\/p>\n<p><span style=\"color: #0000ff;\">Timo Jutila 05062801<\/span><br \/>\n<span style=\"color: #0000ff;\">Satu Jutila 0404166340<\/span><br \/>\n<span style=\"color: #0000ff;\">myynti@jetsetclub.fi<\/span><br \/>\n<span style=\"color: #0000ff;\"><a style=\"color: #0000ff;\" href=\"https:\/\/www. jetsetclub.fi\/\">https:\/\/www. jetsetclub.fi\/<\/a><\/span><\/p>\n<\/div>\n<\/div>\n<\/div>\n<div class=\"adL\"><\/div>\n<\/div>\n<\/div>\n<div id=\":120\" class=\"hq gt a10\"><\/div>\n","protected":false},"featured_media":0,"comment_status":"open","ping_status":"closed","template":"","meta":[],"product_brand":[],"product_cat":[22],"product_tag":[],"class_list":{"0":"post-230","1":"product","2":"type-product","3":"status-publish","5":"product_cat-edut","7":"first","8":"instock","9":"shipping-taxable","10":"product-type-simple"},"_links":{"self":[{"href":"https:\/\/dev4.develope.fi\/dev\/hpcommerce\/index.php?rest_route=\/wp\/v2\/product\/230","targetHints":{"allow":["GET"]}}],"collection":[{"href":"https:\/\/dev4.develope.fi\/dev\/hpcommerce\/index.php?rest_route=\/wp\/v2\/product"}],"about":[{"href":"https:\/\/dev4.develope.fi\/dev\/hpcommerce\/index.php?rest_route=\/wp\/v2\/types\/product"}],"replies":[{"embeddable":true,"href":"https:\/\/dev4.develope.fi\/dev\/hpcommerce\/index.php?rest_route=%2Fwp%2Fv2%2Fcomments&post=230"}],"wp:attachment":[{"href":"https:\/\/dev4.develope.fi\/dev\/hpcommerce\/index.php?rest_route=%2Fwp%2Fv2%2Fmedia&parent=230"}],"wp:term":[{"taxonomy":"product_brand","embeddable":true,"href":"https:\/\/dev4.develope.fi\/dev\/hpcommerce\/index.php?rest_route=%2Fwp%2Fv2%2Fproduct_brand&post=230"},{"taxonomy":"product_cat","embeddable":true,"href":"https:\/\/dev4.develope.fi\/dev\/hpcommerce\/index.php?rest_route=%2Fwp%2Fv2%2Fproduct_cat&post=230"},{"taxonomy":"product_tag","embeddable":true,"href":"https:\/\/dev4.develope.fi\/dev\/hpcommerce\/index.php?rest_route=%2Fwp%2Fv2%2Fproduct_tag&post=230"}],"curies":[{"name":"wp","href":"https:\/\/api.w.org\/{rel}","templated":true}]}}