{"id":232,"date":"2022-03-03T22:58:26","date_gmt":"2022-03-03T20:58:26","guid":{"rendered":"https:\/\/dev4.develope.fi\/dev\/hpcommerce\/?post_type=product&#038;p=232"},"modified":"2022-04-18T21:04:34","modified_gmt":"2022-04-18T18:04:34","slug":"kaupin-keilahalli","status":"publish","type":"product","link":"https:\/\/dev4.develope.fi\/dev\/hpcommerce\/?product=kaupin-keilahalli","title":{"rendered":"Kaupin Keilahalli"},"content":{"rendered":"","protected":false},"excerpt":{"rendered":"<div><span style=\"color: #0000ff;\"><a style=\"color: #0000ff;\" href=\"https:\/\/kaupinkeilahalli.fi\/\">https:\/\/kaupinkeilahalli.fi\/<\/a><\/span><\/div>\n<div><\/div>\n<div>24 radan halli<br \/>\nKyll\u00e4h\u00e4n sit\u00e4 kelpaa Kaupissa keilata!<br \/>\n\u2013 24 rataa takaa hulppeat puitteet kisailulle ja kivalle harrastukselle. Tervetuloa!<br \/>\n, 4 p\u00f6yt\u00e4\u00e4<br \/>\nMeill\u00e4 on kaikkea mit\u00e4 biljardiin vaaditaan:<\/div>\n<div><\/div>\n<div>TYKY, syntt\u00e4rit, tapahtumat<br \/>\nTekemist\u00e4 kaiken ik\u00e4isille , tervetuloa viihtym\u00e4\u00e4n<\/div>\n<div><\/div>\n<div><strong>OSOITE<\/strong><\/div>\n<div><span style=\"color: #0000ff;\">Keilakuja 1, 33520 Tampere<\/span><br \/>\n<span style=\"color: #0000ff;\">SOITA<\/span><br \/>\n<span style=\"color: #0000ff;\">03 &#8211; 3126 0500<\/span><br \/>\nviihtyis\u00e4t tilat, laadukkaan p\u00f6yd\u00e4t ja hyv\u00e4t tarjoilut.<br \/>\nTuo sin\u00e4 kaverit tullessasi ja GAME IS ON!<br \/>\nMAUKASTA RUOKAA.<\/div>\n","protected":false},"featured_media":0,"comment_status":"open","ping_status":"closed","template":"","meta":[],"product_brand":[],"product_cat":[22],"product_tag":[],"class_list":{"0":"post-232","1":"product","2":"type-product","3":"status-publish","5":"product_cat-edut","7":"first","8":"instock","9":"shipping-taxable","10":"product-type-simple"},"_links":{"self":[{"href":"https:\/\/dev4.develope.fi\/dev\/hpcommerce\/index.php?rest_route=\/wp\/v2\/product\/232","targetHints":{"allow":["GET"]}}],"collection":[{"href":"https:\/\/dev4.develope.fi\/dev\/hpcommerce\/index.php?rest_route=\/wp\/v2\/product"}],"about":[{"href":"https:\/\/dev4.develope.fi\/dev\/hpcommerce\/index.php?rest_route=\/wp\/v2\/types\/product"}],"replies":[{"embeddable":true,"href":"https:\/\/dev4.develope.fi\/dev\/hpcommerce\/index.php?rest_route=%2Fwp%2Fv2%2Fcomments&post=232"}],"wp:attachment":[{"href":"https:\/\/dev4.develope.fi\/dev\/hpcommerce\/index.php?rest_route=%2Fwp%2Fv2%2Fmedia&parent=232"}],"wp:term":[{"taxonomy":"product_brand","embeddable":true,"href":"https:\/\/dev4.develope.fi\/dev\/hpcommerce\/index.php?rest_route=%2Fwp%2Fv2%2Fproduct_brand&post=232"},{"taxonomy":"product_cat","embeddable":true,"href":"https:\/\/dev4.develope.fi\/dev\/hpcommerce\/index.php?rest_route=%2Fwp%2Fv2%2Fproduct_cat&post=232"},{"taxonomy":"product_tag","embeddable":true,"href":"https:\/\/dev4.develope.fi\/dev\/hpcommerce\/index.php?rest_route=%2Fwp%2Fv2%2Fproduct_tag&post=232"}],"curies":[{"name":"wp","href":"https:\/\/api.w.org\/{rel}","templated":true}]}}