{"id":234,"date":"2022-03-03T23:03:23","date_gmt":"2022-03-03T21:03:23","guid":{"rendered":"https:\/\/dev4.develope.fi\/dev\/hpcommerce\/?post_type=product&#038;p=234"},"modified":"2022-04-26T23:33:10","modified_gmt":"2022-04-26T20:33:10","slug":"torin-hammas","status":"publish","type":"product","link":"https:\/\/dev4.develope.fi\/dev\/hpcommerce\/?product=torin-hammas","title":{"rendered":"Torin Hammas"},"content":{"rendered":"","protected":false},"excerpt":{"rendered":"<p><strong>Kuvassa, toimitusjohtaja Satu Hannuksela<\/strong><\/p>\n<p><span style=\"color: #0000ff;\"><a style=\"color: #0000ff;\" href=\"http:\/\/www.torinhammas.fi\">http:\/\/www.torinhammas.fi<\/a><\/span><\/p>\n<p>Tampereen ydinkeskustassa Keskustorilla sijaitseva Torin Hammas on vuodesta 1987<br \/>\ntoiminut monipuolinen ja ammattitaitoinen hammasl\u00e4\u00e4k\u00e4riasema.<\/p>\n<p>Henkil\u00f6kuntaamme kuuluu kolme hammasl\u00e4\u00e4k\u00e4ri\u00e4.<br \/>\nHammasl\u00e4\u00e4k\u00e4ri-palvelut. Yleishammashoidon ja oikomishoidon lis\u00e4ksi tarjoamme hammasalan erikoispalveluja<br \/>\nlaidasta laitaan, aina suukirurgiasta protetiikkaan asti.<\/p>\n<p><strong>Palveluvalikoimaamme kuuluu:<\/strong><\/p>\n<ul>\n<li>Yleishammashoito<\/li>\n<li>Esteettinen hammashoito<\/li>\n<li>Ien- ja tukikudossairauksien hoito<\/li>\n<li>R\u00f6ntgentutkimukset<\/li>\n<li>Suukirurgia<\/li>\n<li>Implanttihoidot<\/li>\n<li>Kokokeraamiset cerec-t\u00e4ytteet<\/li>\n<li>Kruunu- ja siltaprotettiikka<\/li>\n<li>Irtoprotetiikka<\/li>\n<li>Ty\u00f6terveyshammashoito<\/li>\n<li>Oikomishoito<\/li>\n<\/ul>\n<p>P\u00e4\u00e4set helposti paikalle k\u00e4vellen tai bussilla. Autolla kulkevat voivat j\u00e4tt\u00e4\u00e4 auton l\u00e4heisiin<br \/>\nparkkihalleihin tai kadunvarsiparkkeihin.<\/p>\n<p>Tutustu palveluihimme kotisivuillamme ja varaa aikasi hell\u00e4\u00e4n hammashoitoon!<br \/>\n<span style=\"color: #0000ff;\"><a style=\"color: #0000ff;\" href=\"http:\/\/www.torinhammas.fi\">www.torinhammas.fi<\/a><\/span><\/p>\n<p><strong>Torin Hammas \/ Satu Hannuksela Oy<\/strong><\/p>\n<p><span style=\"color: #0000ff;\">Keskustori 5 A, 33100 Tampere<\/span><\/p>\n<p><span style=\"color: #0000ff;\">p. 03 223 4400<\/span><\/p>\n<p><span style=\"color: #0000ff;\">torinhammas@gmail.com<\/span><\/p>\n","protected":false},"featured_media":0,"comment_status":"open","ping_status":"closed","template":"","meta":[],"product_brand":[],"product_cat":[22],"product_tag":[],"class_list":{"0":"post-234","1":"product","2":"type-product","3":"status-publish","5":"product_cat-edut","7":"first","8":"instock","9":"shipping-taxable","10":"product-type-simple"},"_links":{"self":[{"href":"https:\/\/dev4.develope.fi\/dev\/hpcommerce\/index.php?rest_route=\/wp\/v2\/product\/234","targetHints":{"allow":["GET"]}}],"collection":[{"href":"https:\/\/dev4.develope.fi\/dev\/hpcommerce\/index.php?rest_route=\/wp\/v2\/product"}],"about":[{"href":"https:\/\/dev4.develope.fi\/dev\/hpcommerce\/index.php?rest_route=\/wp\/v2\/types\/product"}],"replies":[{"embeddable":true,"href":"https:\/\/dev4.develope.fi\/dev\/hpcommerce\/index.php?rest_route=%2Fwp%2Fv2%2Fcomments&post=234"}],"wp:attachment":[{"href":"https:\/\/dev4.develope.fi\/dev\/hpcommerce\/index.php?rest_route=%2Fwp%2Fv2%2Fmedia&parent=234"}],"wp:term":[{"taxonomy":"product_brand","embeddable":true,"href":"https:\/\/dev4.develope.fi\/dev\/hpcommerce\/index.php?rest_route=%2Fwp%2Fv2%2Fproduct_brand&post=234"},{"taxonomy":"product_cat","embeddable":true,"href":"https:\/\/dev4.develope.fi\/dev\/hpcommerce\/index.php?rest_route=%2Fwp%2Fv2%2Fproduct_cat&post=234"},{"taxonomy":"product_tag","embeddable":true,"href":"https:\/\/dev4.develope.fi\/dev\/hpcommerce\/index.php?rest_route=%2Fwp%2Fv2%2Fproduct_tag&post=234"}],"curies":[{"name":"wp","href":"https:\/\/api.w.org\/{rel}","templated":true}]}}