{"id":237,"date":"2022-03-03T23:18:38","date_gmt":"2022-03-03T21:18:38","guid":{"rendered":"https:\/\/dev4.develope.fi\/dev\/hpcommerce\/?post_type=product&#038;p=237"},"modified":"2022-04-18T21:22:47","modified_gmt":"2022-04-18T18:22:47","slug":"koneet-kiertoon","status":"publish","type":"product","link":"https:\/\/dev4.develope.fi\/dev\/hpcommerce\/?product=koneet-kiertoon","title":{"rendered":"Koneet Kiertoon (Helsinki)"},"content":{"rendered":"","protected":false},"excerpt":{"rendered":"<p><strong>Kuvassa yritt\u00e4j\u00e4 Eero L\u00e4hde<\/strong><\/p>\n<p><span style=\"color: #0000ff;\"><a style=\"color: #0000ff;\" href=\"http:\/\/www.koneetkiertoon.fi\">http:\/\/www.koneetkiertoon.fi<\/a><\/span><\/p>\n<p><strong>HELSINKI<\/strong><\/p>\n<p>Myymme p\u00e4\u00e4asiassa k\u00e4ytettyj\u00e4, huollettuja ja puhdistettuja yritysten k\u00e4yt\u00f6st\u00e4 poistettuja<\/p>\n<p>kannettavia tietokoneita. N\u00e4m\u00e4 k\u00e4ytetyt yritysl\u00e4pp\u00e4rit ovat erinomaisia hinta-<br \/>\nlaatusuhteeltaan my\u00f6s opiskelijalle. Suosituimmat k\u00e4ytetyt tietokoneet ovat yleens\u00e4 Lenovo<\/p>\n<p>Thinkpad -sarjan l\u00e4pp\u00e4reit\u00e4, joissa on l\u00e4ht\u00f6kohtaisesti panostettu vahvuuteen. Valikoimastamme<br \/>\nl\u00f6ytyy my\u00f6s muita koneita , alkaen satasella kevyeen k\u00e4ytt\u00f6\u00f6n.<\/p>\n<p>Tutustu valikoimaan VERKKOKAUPASSA tai tule k\u00e4ym\u00e4\u00e4n MYYM\u00c4L\u00c4SS\u00c4 niin voimme palvella sinua<br \/>\nhenkil\u00f6kohtaisesti.<\/p>\n<p><strong>Palvelut<\/strong><\/p>\n<p>Matkapuhelimien (apple iPhone ym.), tietokoneiden (Playstation \/PS ,ja Xbox ,YLOD<br \/>\n,HDMI-liit\u00e4nn\u00e4t ym.) ,konsoleiden , kannettavien huollot. Tietojen palautukset ja,<br \/>\ntalteenotot hajonneista tietokoneista . K\u00e4ytt\u00f6j\u00e4rjestelmien korjaukset. N\u00e4ytt\u00f6jen vaihdot,<br \/>\nakun ja latausliitinten vaihto ym.<\/p>\n<p>TERVETULOA OSTOKSILLE, KAUPUNGIN HALVIMMAT HINNAT<\/p>\n<p><strong>YHTEYSTIEDOT<\/strong><\/p>\n<p><span style=\"color: #0000ff;\">Liisankatu 21 L<\/span><br \/>\n<span style=\"color: #0000ff;\">Helsinki<\/span><br \/>\n<span style=\"color: #0000ff;\">:041 317 8548<\/span><br \/>\n<span style=\"color: #0000ff;\">myynti@koneetkiertoon.fi<\/span><br \/>\n<a href=\"https:\/\/www.koneetkiertoon.fi\/\"><span style=\"color: #0000ff;\">https:\/\/www.koneetkiertoon.fi\/<\/span><\/a><\/p>\n","protected":false},"featured_media":0,"comment_status":"open","ping_status":"closed","template":"","meta":[],"product_brand":[],"product_cat":[22],"product_tag":[],"class_list":{"0":"post-237","1":"product","2":"type-product","3":"status-publish","5":"product_cat-edut","7":"first","8":"instock","9":"shipping-taxable","10":"product-type-simple"},"_links":{"self":[{"href":"https:\/\/dev4.develope.fi\/dev\/hpcommerce\/index.php?rest_route=\/wp\/v2\/product\/237","targetHints":{"allow":["GET"]}}],"collection":[{"href":"https:\/\/dev4.develope.fi\/dev\/hpcommerce\/index.php?rest_route=\/wp\/v2\/product"}],"about":[{"href":"https:\/\/dev4.develope.fi\/dev\/hpcommerce\/index.php?rest_route=\/wp\/v2\/types\/product"}],"replies":[{"embeddable":true,"href":"https:\/\/dev4.develope.fi\/dev\/hpcommerce\/index.php?rest_route=%2Fwp%2Fv2%2Fcomments&post=237"}],"wp:attachment":[{"href":"https:\/\/dev4.develope.fi\/dev\/hpcommerce\/index.php?rest_route=%2Fwp%2Fv2%2Fmedia&parent=237"}],"wp:term":[{"taxonomy":"product_brand","embeddable":true,"href":"https:\/\/dev4.develope.fi\/dev\/hpcommerce\/index.php?rest_route=%2Fwp%2Fv2%2Fproduct_brand&post=237"},{"taxonomy":"product_cat","embeddable":true,"href":"https:\/\/dev4.develope.fi\/dev\/hpcommerce\/index.php?rest_route=%2Fwp%2Fv2%2Fproduct_cat&post=237"},{"taxonomy":"product_tag","embeddable":true,"href":"https:\/\/dev4.develope.fi\/dev\/hpcommerce\/index.php?rest_route=%2Fwp%2Fv2%2Fproduct_tag&post=237"}],"curies":[{"name":"wp","href":"https:\/\/api.w.org\/{rel}","templated":true}]}}