{"id":241,"date":"2022-03-03T23:29:44","date_gmt":"2022-03-03T21:29:44","guid":{"rendered":"https:\/\/dev4.develope.fi\/dev\/hpcommerce\/?post_type=product&#038;p=241"},"modified":"2022-04-18T23:48:53","modified_gmt":"2022-04-18T20:48:53","slug":"pyora-suomi-oy","status":"publish","type":"product","link":"https:\/\/dev4.develope.fi\/dev\/hpcommerce\/?product=pyora-suomi-oy","title":{"rendered":"Py\u00f6r\u00e4 Suomi Oy"},"content":{"rendered":"","protected":false},"excerpt":{"rendered":"<div dir=\"ltr\">\n<div class=\"gmail_quote\">\n<p><strong>Kuvassa Tj. Mika Vaskelainen<\/strong><\/p>\n<p><span style=\"color: #0000ff;\"><a style=\"color: #0000ff;\" href=\"https:\/\/www.pyorasuomi.fi\/\">https:\/\/www.pyorasuomi.fi\/<\/a><\/span><\/p>\n<p>100% kotimainen polkupy\u00f6rien ja urheiluv\u00e4lineiden verkkokauppa. Meilt\u00e4 huippumerkkien<br \/>\ns\u00e4hk\u00f6py\u00f6r\u00e4t ja polkupy\u00f6r\u00e4t sek\u00e4 tarvikkeet ja lis\u00e4varusteet, nopealla toimituksella.<\/p>\n<p>Meilt\u00e4 voit tilata polkupy\u00f6r\u00e4n yrityksellesi laskulla. Polkupy\u00f6rien ja s\u00e4hk\u00f6py\u00f6rien k\u00e4ytt\u00f6<br \/>\nyritysten asiointipy\u00f6rin\u00e4 on r\u00e4j\u00e4hdysm\u00e4isess\u00e4 kasvussa. S\u00e4hk\u00f6py\u00f6ri\u00e4 ja tavallisia<br \/>\npolkupy\u00f6ri\u00e4 k\u00e4ytet\u00e4\u00e4n paljon my\u00f6s henkil\u00f6kunnan palkitsemiseen, kannusteeksi sek\u00e4<br \/>\nty\u00f6hyvinvoinnin lis\u00e4\u00e4miseksi.<\/p>\n<p>Saat meilt\u00e4 yritysk\u00e4ytt\u00f6\u00f6n soveltuvan s\u00e4hk\u00f6py\u00f6r\u00e4n tai polkupy\u00f6r\u00e4n yrityksesi ilmeen<br \/>\nmukaisilla teippauksilla ajovalmiina suoraan ty\u00f6paikalle tai loppuk\u00e4ytt\u00e4j\u00e4n kotiosoitteeseen.<\/p>\n<p>Pyyd\u00e4 tarjous yrityksellesi sopivasta py\u00f6r\u00e4st\u00e4 yritysmyynnist\u00e4mme:<br \/>\n<strong>YHTEYSTIEDOT<\/strong><\/p>\n<p><span style=\"color: #0000ff;\">Verstaankatu 2 c Tampere<\/span><br \/>\n<span style=\"color: #0000ff;\">040 1674674<\/span><br \/>\n<span style=\"color: #0000ff;\">https:\/\/www.pyorasuomi.fi\/<\/span><br \/>\n<span style=\"color: #0000ff;\">asiakaspalvelu@pyorasuomi.fi<\/span><\/p>\n<\/div>\n<\/div>\n","protected":false},"featured_media":0,"comment_status":"open","ping_status":"closed","template":"","meta":[],"product_brand":[],"product_cat":[22],"product_tag":[],"class_list":{"0":"post-241","1":"product","2":"type-product","3":"status-publish","5":"product_cat-edut","7":"first","8":"instock","9":"shipping-taxable","10":"product-type-simple"},"_links":{"self":[{"href":"https:\/\/dev4.develope.fi\/dev\/hpcommerce\/index.php?rest_route=\/wp\/v2\/product\/241","targetHints":{"allow":["GET"]}}],"collection":[{"href":"https:\/\/dev4.develope.fi\/dev\/hpcommerce\/index.php?rest_route=\/wp\/v2\/product"}],"about":[{"href":"https:\/\/dev4.develope.fi\/dev\/hpcommerce\/index.php?rest_route=\/wp\/v2\/types\/product"}],"replies":[{"embeddable":true,"href":"https:\/\/dev4.develope.fi\/dev\/hpcommerce\/index.php?rest_route=%2Fwp%2Fv2%2Fcomments&post=241"}],"wp:attachment":[{"href":"https:\/\/dev4.develope.fi\/dev\/hpcommerce\/index.php?rest_route=%2Fwp%2Fv2%2Fmedia&parent=241"}],"wp:term":[{"taxonomy":"product_brand","embeddable":true,"href":"https:\/\/dev4.develope.fi\/dev\/hpcommerce\/index.php?rest_route=%2Fwp%2Fv2%2Fproduct_brand&post=241"},{"taxonomy":"product_cat","embeddable":true,"href":"https:\/\/dev4.develope.fi\/dev\/hpcommerce\/index.php?rest_route=%2Fwp%2Fv2%2Fproduct_cat&post=241"},{"taxonomy":"product_tag","embeddable":true,"href":"https:\/\/dev4.develope.fi\/dev\/hpcommerce\/index.php?rest_route=%2Fwp%2Fv2%2Fproduct_tag&post=241"}],"curies":[{"name":"wp","href":"https:\/\/api.w.org\/{rel}","templated":true}]}}