{"id":245,"date":"2022-03-03T23:34:00","date_gmt":"2022-03-03T21:34:00","guid":{"rendered":"https:\/\/dev4.develope.fi\/dev\/hpcommerce\/?post_type=product&#038;p=245"},"modified":"2022-04-18T23:45:26","modified_gmt":"2022-04-18T20:45:26","slug":"hameen-lvis-talo","status":"publish","type":"product","link":"https:\/\/dev4.develope.fi\/dev\/hpcommerce\/?product=hameen-lvis-talo","title":{"rendered":"H\u00e4meen LVIS-Talo"},"content":{"rendered":"","protected":false},"excerpt":{"rendered":"<div class=\"gmail_quote\">\n<div>Kuvassa Tj. Henry Salonen<\/div>\n<\/div>\n<div><\/div>\n<div><span style=\"color: #0000ff;\"><a style=\"color: #0000ff;\" href=\"http:\/\/www.lvistalot.fi\/\">http:\/\/www.lvistalot.fi\/<\/a><\/span><\/div>\n<div class=\"gmail_quote\">\n<div><\/div>\n<div class=\"gmail_attr\">S\u00e4hk\u00f6t\u00f6iden ammattilaiset.<\/div>\n<div><\/div>\n<div class=\"gmail_attr\">Meilt\u00e4 laadukkaat l\u00e4mp\u00f6pumppujen asennukset ja s\u00e4hk\u00f6ty\u00f6t.<\/div>\n<div class=\"gmail_attr\">H\u00e4meen LVIS-Talo tekee kaikenlaiset s\u00e4hk\u00f6ty\u00f6t laidasta laitaan vahvalla osaamisella, niin<br \/>\nyksityisille kuin yrityksillekin. Huolettomasti avaimet k\u00e4teen -periaatteella.<\/div>\n<div><\/div>\n<div>Asiakaskuntaamme kuuluvat sek\u00e4 yksityiset ett\u00e4 yritykset pienist\u00e4 kotitalouksista suuriin<\/div>\n<div class=\"gmail_attr\">teollisuuden toimijoihin.<\/div>\n<div>Toimimme p\u00e4\u00e4osin Tampereella ja Pirkanmaan alueella, mutta<\/div>\n<div>tarvittaessa s\u00e4hk\u00f6asentajamme ovat k\u00e4ytett\u00e4viss\u00e4 my\u00f6s muualla Suomessa<\/div>\n<div>L\u00e4mp\u00f6pumppujen asennukset<\/div>\n<div>Teemme l\u00e4mp\u00f6pumppujen asennukset laadukkaasti avaimet k\u00e4teen -periaatteella eli<\/div>\n<div class=\"gmail_attr\">teemme kaiken suunnittelusta j\u00e4lkit\u00f6ihin. Huoleton tapa asentaa l\u00e4mp\u00f6pumppu.<\/div>\n<div><\/div>\n<blockquote>\n<div class=\"gmail_attr\"><strong>Ota yhteytt\u00e4<\/strong><br \/>\n0445648882<br \/>\nLentolantie 20<br \/>\n36220 Kangasala<br \/>\nhttps:\/\/lvistalot.fi\/<br \/>\nposti@lvistalot.fi<\/div>\n<\/blockquote>\n<\/div>\n","protected":false},"featured_media":0,"comment_status":"open","ping_status":"closed","template":"","meta":[],"product_brand":[],"product_cat":[22],"product_tag":[],"class_list":{"0":"post-245","1":"product","2":"type-product","3":"status-publish","5":"product_cat-edut","7":"first","8":"instock","9":"shipping-taxable","10":"product-type-simple"},"_links":{"self":[{"href":"https:\/\/dev4.develope.fi\/dev\/hpcommerce\/index.php?rest_route=\/wp\/v2\/product\/245","targetHints":{"allow":["GET"]}}],"collection":[{"href":"https:\/\/dev4.develope.fi\/dev\/hpcommerce\/index.php?rest_route=\/wp\/v2\/product"}],"about":[{"href":"https:\/\/dev4.develope.fi\/dev\/hpcommerce\/index.php?rest_route=\/wp\/v2\/types\/product"}],"replies":[{"embeddable":true,"href":"https:\/\/dev4.develope.fi\/dev\/hpcommerce\/index.php?rest_route=%2Fwp%2Fv2%2Fcomments&post=245"}],"wp:attachment":[{"href":"https:\/\/dev4.develope.fi\/dev\/hpcommerce\/index.php?rest_route=%2Fwp%2Fv2%2Fmedia&parent=245"}],"wp:term":[{"taxonomy":"product_brand","embeddable":true,"href":"https:\/\/dev4.develope.fi\/dev\/hpcommerce\/index.php?rest_route=%2Fwp%2Fv2%2Fproduct_brand&post=245"},{"taxonomy":"product_cat","embeddable":true,"href":"https:\/\/dev4.develope.fi\/dev\/hpcommerce\/index.php?rest_route=%2Fwp%2Fv2%2Fproduct_cat&post=245"},{"taxonomy":"product_tag","embeddable":true,"href":"https:\/\/dev4.develope.fi\/dev\/hpcommerce\/index.php?rest_route=%2Fwp%2Fv2%2Fproduct_tag&post=245"}],"curies":[{"name":"wp","href":"https:\/\/api.w.org\/{rel}","templated":true}]}}