{"id":252,"date":"2022-03-03T23:44:01","date_gmt":"2022-03-03T21:44:01","guid":{"rendered":"https:\/\/dev4.develope.fi\/dev\/hpcommerce\/?post_type=product&#038;p=252"},"modified":"2022-04-26T23:06:20","modified_gmt":"2022-04-26T20:06:20","slug":"salon-desire-1","status":"publish","type":"product","link":"https:\/\/dev4.develope.fi\/dev\/hpcommerce\/?product=salon-desire-1","title":{"rendered":"Salon Desir\u00e9 1"},"content":{"rendered":"","protected":false},"excerpt":{"rendered":"<div id=\":13p\" class=\"ii gt\">\n<div id=\":qm\" class=\"a3s aiL \">\n<div dir=\"ltr\">\n<div class=\"gmail_quote\">\n<div dir=\"ltr\">\n<div><strong>Kuvassa yritt\u00e4j\u00e4 Leila Weppling<\/strong><\/div>\n<div><\/div>\n<div class=\"gmail_quote\">Salon Desiree sijaitsee Helsingiss\u00e4 aivan It\u00e4keskuksen vieress\u00e4 ja liikkeemme edest\u00e4 l\u00f6ytyy<br \/>\nrunsaasti parkkipaikkoja. Ammattitaitoista leikkaus- ja hiustenhoito palvelua vuosien<br \/>\nkokemuksella. Autamme valitsemaan hiuksillesi sopivat tuotteet kotik\u00e4ytt\u00f6\u00f6n sek\u00e4<br \/>\nopastamme niiden k\u00e4yt\u00f6ss\u00e4. .Tervetuloa asiakasyst\u00e4v\u00e4lliseen kampaamoomme<\/div>\n<div class=\"gmail_quote\"><span style=\"color: #0000ff;\">Kasteholmantie 2<\/span><br \/>\n<span style=\"color: #0000ff;\">00900 Helsinki<\/span><br \/>\n<span style=\"color: #0000ff;\">040 500 6248<\/span><br \/>\n<span style=\"color: #0000ff;\">09 323 501<\/span><br \/>\n<span style=\"color: #0000ff;\">09 323501<\/span><\/div>\n<\/div>\n<div class=\"yj6qo\"><\/div>\n<div class=\"adL\"><\/div>\n<\/div>\n<\/div>\n<div class=\"adL\"><\/div>\n<\/div>\n<\/div>\n<div id=\":1o7\" class=\"hq gt a10\"><\/div>\n","protected":false},"featured_media":0,"comment_status":"open","ping_status":"closed","template":"","meta":[],"product_brand":[],"product_cat":[22],"product_tag":[],"class_list":{"0":"post-252","1":"product","2":"type-product","3":"status-publish","5":"product_cat-edut","7":"first","8":"instock","9":"shipping-taxable","10":"product-type-simple"},"_links":{"self":[{"href":"https:\/\/dev4.develope.fi\/dev\/hpcommerce\/index.php?rest_route=\/wp\/v2\/product\/252","targetHints":{"allow":["GET"]}}],"collection":[{"href":"https:\/\/dev4.develope.fi\/dev\/hpcommerce\/index.php?rest_route=\/wp\/v2\/product"}],"about":[{"href":"https:\/\/dev4.develope.fi\/dev\/hpcommerce\/index.php?rest_route=\/wp\/v2\/types\/product"}],"replies":[{"embeddable":true,"href":"https:\/\/dev4.develope.fi\/dev\/hpcommerce\/index.php?rest_route=%2Fwp%2Fv2%2Fcomments&post=252"}],"wp:attachment":[{"href":"https:\/\/dev4.develope.fi\/dev\/hpcommerce\/index.php?rest_route=%2Fwp%2Fv2%2Fmedia&parent=252"}],"wp:term":[{"taxonomy":"product_brand","embeddable":true,"href":"https:\/\/dev4.develope.fi\/dev\/hpcommerce\/index.php?rest_route=%2Fwp%2Fv2%2Fproduct_brand&post=252"},{"taxonomy":"product_cat","embeddable":true,"href":"https:\/\/dev4.develope.fi\/dev\/hpcommerce\/index.php?rest_route=%2Fwp%2Fv2%2Fproduct_cat&post=252"},{"taxonomy":"product_tag","embeddable":true,"href":"https:\/\/dev4.develope.fi\/dev\/hpcommerce\/index.php?rest_route=%2Fwp%2Fv2%2Fproduct_tag&post=252"}],"curies":[{"name":"wp","href":"https:\/\/api.w.org\/{rel}","templated":true}]}}