{"id":266,"date":"2022-03-04T00:05:27","date_gmt":"2022-03-03T22:05:27","guid":{"rendered":"https:\/\/dev4.develope.fi\/dev\/hpcommerce\/?post_type=product&#038;p=266"},"modified":"2022-04-18T19:02:28","modified_gmt":"2022-04-18T16:02:28","slug":"loylymestari","status":"publish","type":"product","link":"https:\/\/dev4.develope.fi\/dev\/hpcommerce\/?product=loylymestari","title":{"rendered":"L\u00f6ylymestari"},"content":{"rendered":"","protected":false},"excerpt":{"rendered":"<p><strong>Kuvassa, toimitusjohtaja Esa Narmala<\/strong><\/p>\n<p><span style=\"color: #0000ff;\"><a style=\"color: #0000ff;\" href=\"http:\/\/www.merijakamo.fi\">http:\/\/www.merijakamo.fi<\/a><\/span><\/p>\n<p>L\u00f6ylymestari tarjoaa PARASTA TUNNELMAA HUIKEISSA MAISEMISSA<br \/>\nSyv\u00e4raumanlahden rannalla. Avanto, poreallas, juomaa, purtavaa, kotiruokalounas.<\/p>\n<p>L\u00d6YLYMESTARI TARJOAA KUNNON L\u00d6YLYT. SAUNAAN MAHTUU JOPA 50 HENKE\u00c4<br \/>\nJA MEREEN P\u00c4\u00c4SEE HELPOSTI VILVOITTELEMAAN L\u00d6YLYJEN V\u00c4LISS\u00c4.<br \/>\nKAHVIOSTA L\u00d6YTYY ITSELEIVOTTUJA KAHVILATUOTTEITA JA PIENT\u00c4 SUOLAISTA<br \/>\nV\u00c4LIPALAKSI, MY\u00d6S MAHDOLLISUUS RUOKAILUUN PIENELL\u00c4 PORUKALLA<br \/>\nONNISTUU ETUK\u00c4TEISTILAUKSELLA, MENUPAKETIT SUUNNITELLAAN ASIAKKAIDEN<br \/>\nTOIVEIDEN MUKAAN. KES\u00c4LL\u00c4 K\u00c4YT\u00d6SS\u00c4 ON LASITETTU TERASSI, JOSSA<br \/>\nONNISTUU RUOKAILU JOPA 30 HENGELLE.<\/p>\n<p>KAHVIOSSAMME ON MY\u00d6S A-OIKEUDET JA KYLM\u00c4KAAPISTA L\u00d6YTYY JUOMAA<br \/>\nMONEEN MAKUUN, SEK\u00c4 Aikuisille ett\u00e4 lapsille.<\/p>\n<p><span style=\"color: #0000ff;\">L\u00d6YLYMESTARIN KAHVIO\/SAUNA +358 40 187 7793<\/span><br \/>\n<span style=\"color: #0000ff;\">SUVITIE 14 RAUMA info@merijakamo.fi<\/span><\/p>\n","protected":false},"featured_media":0,"comment_status":"open","ping_status":"closed","template":"","meta":[],"product_brand":[],"product_cat":[22],"product_tag":[],"class_list":{"0":"post-266","1":"product","2":"type-product","3":"status-publish","5":"product_cat-edut","7":"first","8":"instock","9":"shipping-taxable","10":"product-type-simple"},"_links":{"self":[{"href":"https:\/\/dev4.develope.fi\/dev\/hpcommerce\/index.php?rest_route=\/wp\/v2\/product\/266","targetHints":{"allow":["GET"]}}],"collection":[{"href":"https:\/\/dev4.develope.fi\/dev\/hpcommerce\/index.php?rest_route=\/wp\/v2\/product"}],"about":[{"href":"https:\/\/dev4.develope.fi\/dev\/hpcommerce\/index.php?rest_route=\/wp\/v2\/types\/product"}],"replies":[{"embeddable":true,"href":"https:\/\/dev4.develope.fi\/dev\/hpcommerce\/index.php?rest_route=%2Fwp%2Fv2%2Fcomments&post=266"}],"wp:attachment":[{"href":"https:\/\/dev4.develope.fi\/dev\/hpcommerce\/index.php?rest_route=%2Fwp%2Fv2%2Fmedia&parent=266"}],"wp:term":[{"taxonomy":"product_brand","embeddable":true,"href":"https:\/\/dev4.develope.fi\/dev\/hpcommerce\/index.php?rest_route=%2Fwp%2Fv2%2Fproduct_brand&post=266"},{"taxonomy":"product_cat","embeddable":true,"href":"https:\/\/dev4.develope.fi\/dev\/hpcommerce\/index.php?rest_route=%2Fwp%2Fv2%2Fproduct_cat&post=266"},{"taxonomy":"product_tag","embeddable":true,"href":"https:\/\/dev4.develope.fi\/dev\/hpcommerce\/index.php?rest_route=%2Fwp%2Fv2%2Fproduct_tag&post=266"}],"curies":[{"name":"wp","href":"https:\/\/api.w.org\/{rel}","templated":true}]}}