{"id":269,"date":"2022-03-04T00:09:03","date_gmt":"2022-03-03T22:09:03","guid":{"rendered":"https:\/\/dev4.develope.fi\/dev\/hpcommerce\/?post_type=product&#038;p=269"},"modified":"2022-04-18T22:20:35","modified_gmt":"2022-04-18T19:20:35","slug":"ravintola-turkuas","status":"publish","type":"product","link":"https:\/\/dev4.develope.fi\/dev\/hpcommerce\/?product=ravintola-turkuas","title":{"rendered":"Ravintola TURKUAS"},"content":{"rendered":"","protected":false},"excerpt":{"rendered":"<div><strong>Kuvassa yritt\u00e4j\u00e4 Sedat Yurdakul<\/strong><\/div>\n<div>\n<p><span style=\"color: #0000ff;\"><a style=\"color: #0000ff;\" href=\"http:\/\/www.ravintolaturkuas.fi\">http:\/\/www.ravintolaturkuas.fi<\/a><\/span><\/p>\n<p>Maistuisiko pizza tai kebab? mit\u00e4 t\u00e4n\u00e4\u00e4n sy\u00f6t\u00e4isiin?<br \/>\nRavintola Turkuas on herkullinen ravintola Kaarinassa.<\/p>\n<p>Meilt\u00e4 saat maittavat annokset<br \/>\nkattavasta listastamme Tilaa meilt\u00e4 helposti parhaat pizzat, kebabit ja burgerit noutona tai<br \/>\ntoimitettuna.!<br \/>\nLataa meid\u00e4n sovellus \u00e4lypuhelimeesi, ja varmista, ett\u00e4 lempiravintolasi on aina l\u00e4hell\u00e4!<\/p>\n<p>T\u00e4ytel\u00e4iset annokset soitonp\u00e4\u00e4ss\u00e4.<\/p>\n<p>Tervetuloa herkuttelemaan hyv\u00e4n palvelun pariin<\/p>\n<p><strong>Ravintola Turkuas:<\/strong><\/p>\n<p><span style=\"color: #0000ff;\">Puhelin: 0442403626<\/span><\/p>\n<p><span style=\"color: #0000ff;\">Osoite: Kuskinkatu 5, Kaarina<\/span><\/p>\n<\/div>\n","protected":false},"featured_media":0,"comment_status":"open","ping_status":"closed","template":"","meta":[],"product_brand":[],"product_cat":[22],"product_tag":[],"class_list":{"0":"post-269","1":"product","2":"type-product","3":"status-publish","5":"product_cat-edut","7":"first","8":"instock","9":"shipping-taxable","10":"product-type-simple"},"_links":{"self":[{"href":"https:\/\/dev4.develope.fi\/dev\/hpcommerce\/index.php?rest_route=\/wp\/v2\/product\/269","targetHints":{"allow":["GET"]}}],"collection":[{"href":"https:\/\/dev4.develope.fi\/dev\/hpcommerce\/index.php?rest_route=\/wp\/v2\/product"}],"about":[{"href":"https:\/\/dev4.develope.fi\/dev\/hpcommerce\/index.php?rest_route=\/wp\/v2\/types\/product"}],"replies":[{"embeddable":true,"href":"https:\/\/dev4.develope.fi\/dev\/hpcommerce\/index.php?rest_route=%2Fwp%2Fv2%2Fcomments&post=269"}],"wp:attachment":[{"href":"https:\/\/dev4.develope.fi\/dev\/hpcommerce\/index.php?rest_route=%2Fwp%2Fv2%2Fmedia&parent=269"}],"wp:term":[{"taxonomy":"product_brand","embeddable":true,"href":"https:\/\/dev4.develope.fi\/dev\/hpcommerce\/index.php?rest_route=%2Fwp%2Fv2%2Fproduct_brand&post=269"},{"taxonomy":"product_cat","embeddable":true,"href":"https:\/\/dev4.develope.fi\/dev\/hpcommerce\/index.php?rest_route=%2Fwp%2Fv2%2Fproduct_cat&post=269"},{"taxonomy":"product_tag","embeddable":true,"href":"https:\/\/dev4.develope.fi\/dev\/hpcommerce\/index.php?rest_route=%2Fwp%2Fv2%2Fproduct_tag&post=269"}],"curies":[{"name":"wp","href":"https:\/\/api.w.org\/{rel}","templated":true}]}}