{"id":278,"date":"2022-03-04T00:34:10","date_gmt":"2022-03-03T22:34:10","guid":{"rendered":"https:\/\/dev4.develope.fi\/dev\/hpcommerce\/?post_type=product&#038;p=278"},"modified":"2022-04-18T23:14:42","modified_gmt":"2022-04-18T20:14:42","slug":"autopesu-fixaamo-luxus","status":"publish","type":"product","link":"https:\/\/dev4.develope.fi\/dev\/hpcommerce\/?product=autopesu-fixaamo-luxus","title":{"rendered":"Autopesu &#038; Fixaamo Luxus"},"content":{"rendered":"","protected":false},"excerpt":{"rendered":"<div>Kuvassa yritt\u00e4j\u00e4 Alireza Bayat<\/div>\n<div><\/div>\n<div><span style=\"color: #0000ff;\"><a style=\"color: #0000ff;\" title=\"http:\/\/www.autopesulaluxus.fi\" href=\"http:\/\/www.autopesulaluxus.fi\/\" target=\"_blank\" rel=\"nofollow noopener noreferrer\" data-saferedirecturl=\"https:\/\/www.google.com\/url?q=http:\/\/www.autopesulaluxus.fi\/&amp;source=gmail&amp;ust=1646431600961000&amp;usg=AOvVaw3tJlsioIfx6ARY9bnrVTg4\">autopesulaluxus.fi<\/a><\/span><\/div>\n<div><\/div>\n<div>Autopesu &amp; Fiksaamo Luxus on autopuhdistuksen ja korjauksen ammattilainen Jyv\u00e4skyl\u00e4ss\u00e4. Tarjoamme ensiluokkaista palvelua edullisin hinnoin Jyv\u00e4skyl\u00e4ss\u00e4.<\/div>\n<div>\n<blockquote><p><strong>PALVELUMME<\/strong><\/p><\/blockquote>\n<ul>\n<li>Ulkopesu<\/li>\n<li>Mattojen pesu<\/li>\n<li>Imurointi<\/li>\n<li>Sis\u00e4puhdistus<\/li>\n<li>Ikkunoiden pesu<\/li>\n<li>Lattian pesu<\/li>\n<li>Kattojen pesu<\/li>\n<li>Penkkien pesu<\/li>\n<li>Moottorin pesu<\/li>\n<li>Autojen t\u00e4yshoito<\/li>\n<\/ul>\n<blockquote><p><strong>RENKAIDEN VAIHTO:<\/strong><\/p><\/blockquote>\n<ul>\n<li>Renkaiden vaihto<\/li>\n<li>Renkaiden tasapainoitus<\/li>\n<li>vanteet ja tasapainoitus<\/li>\n<\/ul>\n<blockquote><p><strong>MUKAVUUS<\/strong><\/p><\/blockquote>\n<ul>\n<li>Myllytys<\/li>\n<li>Vahaus<\/li>\n<li>Kovavahaus<\/li>\n<li>Maalipintojen huoltoty\u00f6t<\/li>\n<\/ul>\n<blockquote><p>Tarjoamme ensiluokkaista palvelua<br \/>\nedullisin hinnoin Jyv\u00e4skyl\u00e4ss\u00e4<\/p>\n<p><strong>HUOLTO<\/strong><\/p>\n<p>Teemme autojen huoltoty\u00f6t ja kolarikorjaukset ammattitaidolla kaikkiin automerkkeihin ja<br \/>\nhoidamme tarkastustiedot vakuutusyhti\u00f6\u00f6nne,Tervetuloa korjaamoomme<\/p><\/blockquote>\n<p><strong>YHTEYSTIEDOT<\/strong><\/p>\n<p><span style=\"color: #0000ff;\">Autopesu &amp; Fiksaamo Luxus<\/span><br \/>\n<span style=\"color: #0000ff;\">vasarakatu 7<\/span><br \/>\n<span style=\"color: #0000ff;\">041 7453403<\/span><\/p>\n<\/div>\n","protected":false},"featured_media":0,"comment_status":"open","ping_status":"closed","template":"","meta":[],"product_brand":[],"product_cat":[22],"product_tag":[],"class_list":{"0":"post-278","1":"product","2":"type-product","3":"status-publish","5":"product_cat-edut","7":"first","8":"instock","9":"shipping-taxable","10":"product-type-simple"},"_links":{"self":[{"href":"https:\/\/dev4.develope.fi\/dev\/hpcommerce\/index.php?rest_route=\/wp\/v2\/product\/278","targetHints":{"allow":["GET"]}}],"collection":[{"href":"https:\/\/dev4.develope.fi\/dev\/hpcommerce\/index.php?rest_route=\/wp\/v2\/product"}],"about":[{"href":"https:\/\/dev4.develope.fi\/dev\/hpcommerce\/index.php?rest_route=\/wp\/v2\/types\/product"}],"replies":[{"embeddable":true,"href":"https:\/\/dev4.develope.fi\/dev\/hpcommerce\/index.php?rest_route=%2Fwp%2Fv2%2Fcomments&post=278"}],"wp:attachment":[{"href":"https:\/\/dev4.develope.fi\/dev\/hpcommerce\/index.php?rest_route=%2Fwp%2Fv2%2Fmedia&parent=278"}],"wp:term":[{"taxonomy":"product_brand","embeddable":true,"href":"https:\/\/dev4.develope.fi\/dev\/hpcommerce\/index.php?rest_route=%2Fwp%2Fv2%2Fproduct_brand&post=278"},{"taxonomy":"product_cat","embeddable":true,"href":"https:\/\/dev4.develope.fi\/dev\/hpcommerce\/index.php?rest_route=%2Fwp%2Fv2%2Fproduct_cat&post=278"},{"taxonomy":"product_tag","embeddable":true,"href":"https:\/\/dev4.develope.fi\/dev\/hpcommerce\/index.php?rest_route=%2Fwp%2Fv2%2Fproduct_tag&post=278"}],"curies":[{"name":"wp","href":"https:\/\/api.w.org\/{rel}","templated":true}]}}