{"id":284,"date":"2022-03-04T00:48:45","date_gmt":"2022-03-03T22:48:45","guid":{"rendered":"https:\/\/dev4.develope.fi\/dev\/hpcommerce\/?post_type=product&#038;p=284"},"modified":"2022-04-18T23:34:13","modified_gmt":"2022-04-18T20:34:13","slug":"suomen-tiimi-ikkuna-salo-hame-uusimaa","status":"publish","type":"product","link":"https:\/\/dev4.develope.fi\/dev\/hpcommerce\/?product=suomen-tiimi-ikkuna-salo-hame-uusimaa","title":{"rendered":"Suomen Tiimi-Ikkuna (Salo, H\u00e4me, Uusimaa)"},"content":{"rendered":"<p>SUOMENTIIMI-IKKUNA OY on 100% kotimainen yritys.<br \/>\nOlemme toimineet vuodesta 2008.<\/p>\n<p>Toteutamme SANEERAUSKOHTEISSA IKKUNA- JA OVIREMONTTEJA<br \/>\nsuunnittelusta asentamiseen avaimet k\u00e4teen periaatteella.<\/p>\n<p>Tuotteemme ovat testattuna ja nykyajan laatu standardien mukaisia.<br \/>\nSek\u00e4 laadukkaita ja ulkon\u00e4\u00f6llisesti miellytt\u00e4vi\u00e4.<\/p>\n<p>Ota yhteytt\u00e4 niin teemme r\u00e4\u00e4t\u00e4l\u00f6idyn kokonaisratkaisun kohteessasi<\/p>\n<p><span style=\"color: #0000ff;\">Kimmo Uoti 0400 532 698<\/span><br \/>\n<span style=\"color: #0000ff;\">kimmo.uoti@tiimi-ikkuna.fi<\/span><\/p>\n","protected":false},"excerpt":{"rendered":"<div class=\"gmail_attr\">Suomen Tiimi-Ikkuna<\/div>\n<div class=\"gmail_attr\">(Salo, H\u00e4me, Uusimaa)<\/div>\n<div class=\"gmail_attr\"><\/div>\n<div class=\"gmail_attr\">Toteutamme ikkuna- ja oviremontteja aina suunnittelusta asentamiseen saakka. Tuotteet valmistetaan Suomessa ja ne ovat teknisesti laadukkaita ja ulkon\u00e4\u00f6llisesti miellytt\u00e4vi\u00e4.<\/div>\n<div class=\"gmail_attr\"><\/div>\n<div class=\"gmail_attr\">Kimmo Uoti 0400 532 698<\/div>\n<div class=\"gmail_attr\"><a href=\"mailto:tuomo.jarvenpaa@tiimi-ikkuna.fi\" target=\"_blank\" rel=\"noopener\">kimmo.uoti@tiimi-ikkuna.fi<\/a><\/div>\n","protected":false},"featured_media":0,"comment_status":"open","ping_status":"closed","template":"","meta":[],"product_brand":[],"product_cat":[22],"product_tag":[],"class_list":{"0":"post-284","1":"product","2":"type-product","3":"status-publish","5":"product_cat-edut","7":"first","8":"instock","9":"shipping-taxable","10":"product-type-simple"},"_links":{"self":[{"href":"https:\/\/dev4.develope.fi\/dev\/hpcommerce\/index.php?rest_route=\/wp\/v2\/product\/284","targetHints":{"allow":["GET"]}}],"collection":[{"href":"https:\/\/dev4.develope.fi\/dev\/hpcommerce\/index.php?rest_route=\/wp\/v2\/product"}],"about":[{"href":"https:\/\/dev4.develope.fi\/dev\/hpcommerce\/index.php?rest_route=\/wp\/v2\/types\/product"}],"replies":[{"embeddable":true,"href":"https:\/\/dev4.develope.fi\/dev\/hpcommerce\/index.php?rest_route=%2Fwp%2Fv2%2Fcomments&post=284"}],"wp:attachment":[{"href":"https:\/\/dev4.develope.fi\/dev\/hpcommerce\/index.php?rest_route=%2Fwp%2Fv2%2Fmedia&parent=284"}],"wp:term":[{"taxonomy":"product_brand","embeddable":true,"href":"https:\/\/dev4.develope.fi\/dev\/hpcommerce\/index.php?rest_route=%2Fwp%2Fv2%2Fproduct_brand&post=284"},{"taxonomy":"product_cat","embeddable":true,"href":"https:\/\/dev4.develope.fi\/dev\/hpcommerce\/index.php?rest_route=%2Fwp%2Fv2%2Fproduct_cat&post=284"},{"taxonomy":"product_tag","embeddable":true,"href":"https:\/\/dev4.develope.fi\/dev\/hpcommerce\/index.php?rest_route=%2Fwp%2Fv2%2Fproduct_tag&post=284"}],"curies":[{"name":"wp","href":"https:\/\/api.w.org\/{rel}","templated":true}]}}