{"id":286,"date":"2022-03-04T00:51:29","date_gmt":"2022-03-03T22:51:29","guid":{"rendered":"https:\/\/dev4.develope.fi\/dev\/hpcommerce\/?post_type=product&#038;p=286"},"modified":"2022-04-18T23:35:23","modified_gmt":"2022-04-18T20:35:23","slug":"suomen-tiimi-ikkuna-satakunta-etela-pohjanmaa","status":"publish","type":"product","link":"https:\/\/dev4.develope.fi\/dev\/hpcommerce\/?product=suomen-tiimi-ikkuna-satakunta-etela-pohjanmaa","title":{"rendered":"Suomen Tiimi-Ikkuna (Satakunta, Etel\u00e4-Pohjanmaa)"},"content":{"rendered":"","protected":false},"excerpt":{"rendered":"<div class=\"gmail_attr\">SUOMENTIIMI-IKKUNA OY on 100% kotimainen yritys.<br \/>\nOlemme toimineet vuodesta 2008.<br \/>\nToteutamme SANEERAUSKOHTEISSA IKKUNA- JA OVIREMONTTEJA<br \/>\nsuunnittelusta asentamiseen avaimet k\u00e4teen periaatteella.<br \/>\nTuotteemme ovat testattuna ja nykyajan laatu standardien mukaisia.<br \/>\nSek\u00e4 laadukkaita ja ulkon\u00e4\u00f6llisesti miellytt\u00e4vi\u00e4.<br \/>\nOta yhteytt\u00e4 niin teemme r\u00e4\u00e4t\u00e4l\u00f6idyn kokonaisratkaisun kohteessasi.<\/div>\n<div><\/div>\n<div class=\"gmail_attr\"><span style=\"color: #0000ff;\">Juha V\u00e4likangas 0400 767 545<\/span><br \/>\n<span style=\"color: #0000ff;\">juha.valikangas@tiimi-ikkuna.fi<\/span><\/div>\n<div class=\"gmail_attr\"><\/div>\n","protected":false},"featured_media":0,"comment_status":"open","ping_status":"closed","template":"","meta":[],"product_brand":[],"product_cat":[22],"product_tag":[],"class_list":{"0":"post-286","1":"product","2":"type-product","3":"status-publish","5":"product_cat-edut","7":"first","8":"instock","9":"shipping-taxable","10":"product-type-simple"},"_links":{"self":[{"href":"https:\/\/dev4.develope.fi\/dev\/hpcommerce\/index.php?rest_route=\/wp\/v2\/product\/286","targetHints":{"allow":["GET"]}}],"collection":[{"href":"https:\/\/dev4.develope.fi\/dev\/hpcommerce\/index.php?rest_route=\/wp\/v2\/product"}],"about":[{"href":"https:\/\/dev4.develope.fi\/dev\/hpcommerce\/index.php?rest_route=\/wp\/v2\/types\/product"}],"replies":[{"embeddable":true,"href":"https:\/\/dev4.develope.fi\/dev\/hpcommerce\/index.php?rest_route=%2Fwp%2Fv2%2Fcomments&post=286"}],"wp:attachment":[{"href":"https:\/\/dev4.develope.fi\/dev\/hpcommerce\/index.php?rest_route=%2Fwp%2Fv2%2Fmedia&parent=286"}],"wp:term":[{"taxonomy":"product_brand","embeddable":true,"href":"https:\/\/dev4.develope.fi\/dev\/hpcommerce\/index.php?rest_route=%2Fwp%2Fv2%2Fproduct_brand&post=286"},{"taxonomy":"product_cat","embeddable":true,"href":"https:\/\/dev4.develope.fi\/dev\/hpcommerce\/index.php?rest_route=%2Fwp%2Fv2%2Fproduct_cat&post=286"},{"taxonomy":"product_tag","embeddable":true,"href":"https:\/\/dev4.develope.fi\/dev\/hpcommerce\/index.php?rest_route=%2Fwp%2Fv2%2Fproduct_tag&post=286"}],"curies":[{"name":"wp","href":"https:\/\/api.w.org\/{rel}","templated":true}]}}