{"id":390,"date":"2022-04-10T20:22:14","date_gmt":"2022-04-10T17:22:14","guid":{"rendered":"https:\/\/dev4.develope.fi\/dev\/hpcommerce\/?post_type=product&#038;p=390"},"modified":"2022-04-18T17:14:58","modified_gmt":"2022-04-18T14:14:58","slug":"asikaiset-oy","status":"publish","type":"product","link":"https:\/\/dev4.develope.fi\/dev\/hpcommerce\/?product=asikaiset-oy","title":{"rendered":"Asikaiset Oy"},"content":{"rendered":"","protected":false},"excerpt":{"rendered":"<p><strong>Kuvassa Amin Asiakainen<\/strong><\/p>\n<p><span style=\"color: #0000ff;\"><a style=\"color: #0000ff;\" href=\"https:\/\/www.instagram.com\/aminasikainen\/?hl=fi.\">https:\/\/www.instagram.com\/aminasikainen\/?hl=fi.<\/a><\/span><\/p>\n<p>Haluatko koittaa onneasi Amin Asikaisen kanssa rigiss\u00e4? Pid\u00e4 unohtumattomat polttarit,<br \/>\ntehokas tyky-p\u00e4iv\u00e4 tai vaikka kaveriporukan adrenaliininhuuruiset syntt\u00e4rijuhlat Aminin<br \/>\nkanssa!<\/p>\n<p>Amin voi joko tulla haluamaasi paikkaan vet\u00e4m\u00e4\u00e4n treenin sinulle ja porukallesi tai voitte<br \/>\npit\u00e4\u00e4 harjoituksen jommassa kummassa h\u00e4nen p\u00e4\u00e4kaupunkiseudun toimipisteess\u00e4\u00e4n<br \/>\nEspoossa tai Kirkkonummella.<\/p>\n<p>R\u00e4\u00e4t\u00e4l\u00f6id\u00e4\u00e4n yrityksellesi liikunnallinen Tyky, liikunta tai<br \/>\nvirkistysp\u00e4iv\u00e4 vaikkapa kuntonyrkkeillen Aminin kanssa. Rennolla otteella ja hyv\u00e4ll\u00e4<br \/>\nasenteella kohtaamisesta tulee unohtumaton<\/p>\n<p><span style=\"color: #0000ff;\"><a style=\"color: #0000ff;\" href=\"https:\/\/www.instagram.com\/aminasikainen\/?hl=fi.\">https:\/\/www.instagram.com\/aminasikainen\/?hl=fi.<\/a><\/span><\/p>\n","protected":false},"featured_media":0,"comment_status":"open","ping_status":"closed","template":"","meta":[],"product_brand":[],"product_cat":[22],"product_tag":[],"class_list":{"0":"post-390","1":"product","2":"type-product","3":"status-publish","5":"product_cat-edut","7":"first","8":"instock","9":"shipping-taxable","10":"product-type-simple"},"_links":{"self":[{"href":"https:\/\/dev4.develope.fi\/dev\/hpcommerce\/index.php?rest_route=\/wp\/v2\/product\/390","targetHints":{"allow":["GET"]}}],"collection":[{"href":"https:\/\/dev4.develope.fi\/dev\/hpcommerce\/index.php?rest_route=\/wp\/v2\/product"}],"about":[{"href":"https:\/\/dev4.develope.fi\/dev\/hpcommerce\/index.php?rest_route=\/wp\/v2\/types\/product"}],"replies":[{"embeddable":true,"href":"https:\/\/dev4.develope.fi\/dev\/hpcommerce\/index.php?rest_route=%2Fwp%2Fv2%2Fcomments&post=390"}],"wp:attachment":[{"href":"https:\/\/dev4.develope.fi\/dev\/hpcommerce\/index.php?rest_route=%2Fwp%2Fv2%2Fmedia&parent=390"}],"wp:term":[{"taxonomy":"product_brand","embeddable":true,"href":"https:\/\/dev4.develope.fi\/dev\/hpcommerce\/index.php?rest_route=%2Fwp%2Fv2%2Fproduct_brand&post=390"},{"taxonomy":"product_cat","embeddable":true,"href":"https:\/\/dev4.develope.fi\/dev\/hpcommerce\/index.php?rest_route=%2Fwp%2Fv2%2Fproduct_cat&post=390"},{"taxonomy":"product_tag","embeddable":true,"href":"https:\/\/dev4.develope.fi\/dev\/hpcommerce\/index.php?rest_route=%2Fwp%2Fv2%2Fproduct_tag&post=390"}],"curies":[{"name":"wp","href":"https:\/\/api.w.org\/{rel}","templated":true}]}}