{"id":394,"date":"2022-04-10T20:34:45","date_gmt":"2022-04-10T17:34:45","guid":{"rendered":"https:\/\/dev4.develope.fi\/dev\/hpcommerce\/?post_type=product&#038;p=394"},"modified":"2022-04-18T23:20:39","modified_gmt":"2022-04-18T20:20:39","slug":"eurotam-oy","status":"publish","type":"product","link":"https:\/\/dev4.develope.fi\/dev\/hpcommerce\/?product=eurotam-oy","title":{"rendered":"Eurotam Oy"},"content":{"rendered":"","protected":false},"excerpt":{"rendered":"<p><strong>Kuvassa Juhani Tamminen CEO, Eurotam oy<\/strong><\/p>\n<p><span style=\"color: #0000ff;\"><a style=\"color: #0000ff;\" href=\"http:\/\/www.eurotam.com\">http:\/\/www.eurotam.com<\/a><\/span><\/p>\n<p>30 vuotta-yli 4000 luentotilaisuutta. Juhani Tammisen ammattitaitoon luottavat niin globaalien suuryritysten johtoryhm\u00e4t kuin pienemm\u00e4t pk-yritykset. Ammatti-valmentaja, jonka luentojen perustana on vankka ammattitaito, joka perustuu omaan kokemukseen.<\/p>\n<p>Tamminen on kirjoittanut huippu &#8211; urheilun ja ammattilaisvalmennuksen maailmasta<br \/>\nyhteens\u00e4 11 kirjaa , jotka perustuu henkil\u00f6kohtaiseen kokemukseen.<\/p>\n<p>Koulutukset ei j\u00e4t\u00e4 ket\u00e4\u00e4n kylm\u00e4ksi ja niill\u00e4 on tyytyv\u00e4isyystakuu.<\/p>\n<p>Ota yhteytt\u00e4, niin r\u00e4\u00e4t\u00e4l\u00f6id\u00e4\u00e4n teille sopiva koulutuspaketti<\/p>\n<p><span style=\"color: #0000ff;\"><a style=\"color: #0000ff;\" href=\"http:\/\/www.eurotam.com\">http:\/\/www.eurotam.com<\/a><\/span><\/p>\n","protected":false},"featured_media":0,"comment_status":"open","ping_status":"closed","template":"","meta":[],"product_brand":[],"product_cat":[22],"product_tag":[],"class_list":{"0":"post-394","1":"product","2":"type-product","3":"status-publish","5":"product_cat-edut","7":"first","8":"instock","9":"shipping-taxable","10":"product-type-simple"},"_links":{"self":[{"href":"https:\/\/dev4.develope.fi\/dev\/hpcommerce\/index.php?rest_route=\/wp\/v2\/product\/394","targetHints":{"allow":["GET"]}}],"collection":[{"href":"https:\/\/dev4.develope.fi\/dev\/hpcommerce\/index.php?rest_route=\/wp\/v2\/product"}],"about":[{"href":"https:\/\/dev4.develope.fi\/dev\/hpcommerce\/index.php?rest_route=\/wp\/v2\/types\/product"}],"replies":[{"embeddable":true,"href":"https:\/\/dev4.develope.fi\/dev\/hpcommerce\/index.php?rest_route=%2Fwp%2Fv2%2Fcomments&post=394"}],"wp:attachment":[{"href":"https:\/\/dev4.develope.fi\/dev\/hpcommerce\/index.php?rest_route=%2Fwp%2Fv2%2Fmedia&parent=394"}],"wp:term":[{"taxonomy":"product_brand","embeddable":true,"href":"https:\/\/dev4.develope.fi\/dev\/hpcommerce\/index.php?rest_route=%2Fwp%2Fv2%2Fproduct_brand&post=394"},{"taxonomy":"product_cat","embeddable":true,"href":"https:\/\/dev4.develope.fi\/dev\/hpcommerce\/index.php?rest_route=%2Fwp%2Fv2%2Fproduct_cat&post=394"},{"taxonomy":"product_tag","embeddable":true,"href":"https:\/\/dev4.develope.fi\/dev\/hpcommerce\/index.php?rest_route=%2Fwp%2Fv2%2Fproduct_tag&post=394"}],"curies":[{"name":"wp","href":"https:\/\/api.w.org\/{rel}","templated":true}]}}