{"id":411,"date":"2022-04-10T22:13:24","date_gmt":"2022-04-10T19:13:24","guid":{"rendered":"https:\/\/dev4.develope.fi\/dev\/hpcommerce\/?post_type=product&#038;p=411"},"modified":"2022-04-26T23:26:57","modified_gmt":"2022-04-26T20:26:57","slug":"narmapinnoitus-oy","status":"publish","type":"product","link":"https:\/\/dev4.develope.fi\/dev\/hpcommerce\/?product=narmapinnoitus-oy","title":{"rendered":"Narmapinnoitus Oy"},"content":{"rendered":"","protected":false},"excerpt":{"rendered":"<p><strong>Kuvassa tj. Esa Narmala<\/strong><\/p>\n<p>Narmapinnoitus Oy tuo maahan Saksalaista Alseccon julkisivutuotteita ja j\u00e4rjestelmi\u00e4.<br \/>\nUusi ilme rapatuille julkisivuille!<br \/>\nRakennuksen julkisivusta voidaan tehd\u00e4 jopa mustan v\u00e4rinen k\u00e4ytt\u00e4m\u00e4ll\u00e4 alseccon<br \/>\npatentoimaa hiilikuitulaastia, Armatop Carbonia. Vahvojen v\u00e4rien k\u00e4ytt\u00f6 tuo<br \/>\njulkisivusuunnitteluun aivan uusia ulottuvuuksia.<br \/>\nalsecco-julkisivuissa voi my\u00f6s yhdistell\u00e4 eri materiaaleja:<br \/>\nrappausta<br \/>\nlaattoja<br \/>\nklinkkereit\u00e4<br \/>\nlevyverhouksia jne.<\/p>\n<p>J\u00e4rjestelmist\u00e4 l\u00f6ytyv\u00e4t my\u00f6s tuuletetut ratkaisut sek\u00e4 kivipintaiset julkisivuverhoilut. Kun<br \/>\nvaatimuksena on t\u00e4ydellinen julkisivuratkaisu ota yhteytt\u00e4 ja kysy lis\u00e4\u00e4 palveluistamme<br \/>\nVuokraamme my\u00f6s kuukulkijoita ja saksilavoja.<\/p>\n<p><span style=\"color: #0000ff;\">Narmapinnoitus Oy<\/span><br \/>\n<span style=\"color: #0000ff;\">Paattistentie 947<\/span><br \/>\n<span style=\"color: #0000ff;\">21330 Paattinen<\/span><br \/>\n<span style=\"color: #0000ff;\">Esa Narmala<\/span><br \/>\n<span style=\"color: #0000ff;\">040 764 6648<\/span><br \/>\n<span style=\"color: #0000ff;\">esa.narmala@narma.fi<\/span><br \/>\n<span style=\"color: #0000ff;\">Merja Nikula<\/span><br \/>\n<span style=\"color: #0000ff;\">040 764 6649<\/span><br \/>\n<span style=\"color: #0000ff;\">merja.nikula@narma.fi<\/span><br \/>\n<span style=\"color: #0000ff;\">Https:\/\/alseccofinland.fi<\/span><\/p>\n","protected":false},"featured_media":0,"comment_status":"open","ping_status":"closed","template":"","meta":[],"product_brand":[],"product_cat":[22],"product_tag":[],"class_list":{"0":"post-411","1":"product","2":"type-product","3":"status-publish","5":"product_cat-edut","7":"first","8":"instock","9":"shipping-taxable","10":"product-type-simple"},"_links":{"self":[{"href":"https:\/\/dev4.develope.fi\/dev\/hpcommerce\/index.php?rest_route=\/wp\/v2\/product\/411","targetHints":{"allow":["GET"]}}],"collection":[{"href":"https:\/\/dev4.develope.fi\/dev\/hpcommerce\/index.php?rest_route=\/wp\/v2\/product"}],"about":[{"href":"https:\/\/dev4.develope.fi\/dev\/hpcommerce\/index.php?rest_route=\/wp\/v2\/types\/product"}],"replies":[{"embeddable":true,"href":"https:\/\/dev4.develope.fi\/dev\/hpcommerce\/index.php?rest_route=%2Fwp%2Fv2%2Fcomments&post=411"}],"wp:attachment":[{"href":"https:\/\/dev4.develope.fi\/dev\/hpcommerce\/index.php?rest_route=%2Fwp%2Fv2%2Fmedia&parent=411"}],"wp:term":[{"taxonomy":"product_brand","embeddable":true,"href":"https:\/\/dev4.develope.fi\/dev\/hpcommerce\/index.php?rest_route=%2Fwp%2Fv2%2Fproduct_brand&post=411"},{"taxonomy":"product_cat","embeddable":true,"href":"https:\/\/dev4.develope.fi\/dev\/hpcommerce\/index.php?rest_route=%2Fwp%2Fv2%2Fproduct_cat&post=411"},{"taxonomy":"product_tag","embeddable":true,"href":"https:\/\/dev4.develope.fi\/dev\/hpcommerce\/index.php?rest_route=%2Fwp%2Fv2%2Fproduct_tag&post=411"}],"curies":[{"name":"wp","href":"https:\/\/api.w.org\/{rel}","templated":true}]}}