{"id":415,"date":"2022-04-10T22:28:17","date_gmt":"2022-04-10T19:28:17","guid":{"rendered":"https:\/\/dev4.develope.fi\/dev\/hpcommerce\/?post_type=product&#038;p=415"},"modified":"2022-04-18T19:19:43","modified_gmt":"2022-04-18T16:19:43","slug":"pikku-kiinalainen","status":"publish","type":"product","link":"https:\/\/dev4.develope.fi\/dev\/hpcommerce\/?product=pikku-kiinalainen","title":{"rendered":"Pikku Kiinalainen"},"content":{"rendered":"","protected":false},"excerpt":{"rendered":"<p><strong>Kuvassa Juha Lamberg &amp; Mari-Lou Penol.<\/strong><\/p>\n<p>Legendaarinen kiinalainen ravintola Tampereella rautatieaseman l\u00e4heisyydess\u00e4. Pikku<br \/>\nkiinalainen \u00e4\u00e4nestettiin koko Suomessa toiseksi parhaaksi kiinalaiseksi ravintolaksi<br \/>\ninstagrammissa.<\/p>\n<p>L\u00e4mminhenkinen ravintola on perustettu vuonna 2000 ja tarjoaa<br \/>\nuskomattomia makuel\u00e4myksi\u00e4 hyv\u00e4n ruoan yst\u00e4ville, tervetuloa hyv\u00e4n palvelun ravintolaan.<\/p>\n<p><span style=\"color: #0000ff;\">Tuomiokirkonkatu 34, TAMPERE<\/span><br \/>\n<span style=\"color: #0000ff;\">040 516 4178<\/span><br \/>\n<span style=\"color: #0000ff;\">ravintola@pikkukiinalainen.fi<\/span><br \/>\n<span style=\"color: #0000ff;\">instagram.com\/pikkukiinalainen<\/span><\/p>\n","protected":false},"featured_media":0,"comment_status":"open","ping_status":"closed","template":"","meta":[],"product_brand":[],"product_cat":[22],"product_tag":[],"class_list":{"0":"post-415","1":"product","2":"type-product","3":"status-publish","5":"product_cat-edut","7":"first","8":"instock","9":"shipping-taxable","10":"product-type-simple"},"_links":{"self":[{"href":"https:\/\/dev4.develope.fi\/dev\/hpcommerce\/index.php?rest_route=\/wp\/v2\/product\/415","targetHints":{"allow":["GET"]}}],"collection":[{"href":"https:\/\/dev4.develope.fi\/dev\/hpcommerce\/index.php?rest_route=\/wp\/v2\/product"}],"about":[{"href":"https:\/\/dev4.develope.fi\/dev\/hpcommerce\/index.php?rest_route=\/wp\/v2\/types\/product"}],"replies":[{"embeddable":true,"href":"https:\/\/dev4.develope.fi\/dev\/hpcommerce\/index.php?rest_route=%2Fwp%2Fv2%2Fcomments&post=415"}],"wp:attachment":[{"href":"https:\/\/dev4.develope.fi\/dev\/hpcommerce\/index.php?rest_route=%2Fwp%2Fv2%2Fmedia&parent=415"}],"wp:term":[{"taxonomy":"product_brand","embeddable":true,"href":"https:\/\/dev4.develope.fi\/dev\/hpcommerce\/index.php?rest_route=%2Fwp%2Fv2%2Fproduct_brand&post=415"},{"taxonomy":"product_cat","embeddable":true,"href":"https:\/\/dev4.develope.fi\/dev\/hpcommerce\/index.php?rest_route=%2Fwp%2Fv2%2Fproduct_cat&post=415"},{"taxonomy":"product_tag","embeddable":true,"href":"https:\/\/dev4.develope.fi\/dev\/hpcommerce\/index.php?rest_route=%2Fwp%2Fv2%2Fproduct_tag&post=415"}],"curies":[{"name":"wp","href":"https:\/\/api.w.org\/{rel}","templated":true}]}}