{"id":418,"date":"2022-04-10T22:37:47","date_gmt":"2022-04-10T19:37:47","guid":{"rendered":"https:\/\/dev4.develope.fi\/dev\/hpcommerce\/?post_type=product&#038;p=418"},"modified":"2022-04-18T18:39:58","modified_gmt":"2022-04-18T15:39:58","slug":"suvitien-merijakamo-oy","status":"publish","type":"product","link":"https:\/\/dev4.develope.fi\/dev\/hpcommerce\/?product=suvitien-merijakamo-oy","title":{"rendered":"F\u00e5fangan Paviljonki"},"content":{"rendered":"","protected":false},"excerpt":{"rendered":"<p><strong>Kuvassa tj.Esa Narmala<\/strong><\/p>\n<p><span style=\"color: #0000ff;\"><a style=\"color: #0000ff;\" href=\"http:\/\/https\/\/www.merijakomo,fi\/ffnga\">http:\/\/https\/\/www.merijakomo,fi\/ffnga<\/a><\/span><\/p>\n<p>RAUMALLA SIJAITSEVA F\u00c5FAGAN PAVILJONKI SIJAITSEE KAUNIILLA PAIKALLA<br \/>\nMEREN \u00c4\u00c4RELL\u00c4.<\/p>\n<p>SAAT JUURI OMAAN TAPAHTUMAASI SOPIVAN PAKETIN. UPEA PAVILJONKI<br \/>\nTARJOAA HIENOT PUITTEET YRITYS- JA YKSITYISTILAISUUKSIIN, TY\u00d6PORUKAN<br \/>\nSAUNAILLAT, RIPPI- TAI VALMISTUJAISJUHLAT, H\u00c4\u00c4T, SYNTT\u00c4RIT JA<br \/>\nMUISTOTILAISUUDET J\u00c4RJESTYV\u00c4T KAIKKI TILOISSAMME.<\/p>\n<p>AINUTLAATUISESSA YMP\u00c4RIST\u00d6SS\u00c4 ON AIVAN L\u00c4HELL\u00c4 MERIJAKAMON<br \/>\nVIERASVENESATAMA SEK\u00c4 KES\u00c4TERASSI, L\u00d6YLYMESTARIN SAUNA, MAAUIMALA<br \/>\nJA LEIRINT\u00c4ALUE.<\/p>\n<p>PYYD\u00c4 TARJOUS JUHLISTANNE JA TEHD\u00c4\u00c4N YHDESS\u00c4 P\u00c4IV\u00c4ST\u00c4NNE<br \/>\nONNISTUNUT.<\/p>\n<p><strong>TERVETULOA VIIHTYM\u00c4\u00c4N<\/strong><\/p>\n<p><span style=\"color: #0000ff;\">INFO@MERIJAKAMO.FI \/ 0413155978<\/span><br \/>\ntervetuloa paikanp\u00e4\u00e4lle osoitteeseen Suvitie 4 Rauma<br \/>\n<span style=\"color: #0000ff;\"><a style=\"color: #0000ff;\" href=\"http:\/\/https\/\/www.merijakomo,fi\/ffnga\">http:\/\/https\/\/www.merijakomo,fi\/ffnga<\/a><\/span><\/p>\n","protected":false},"featured_media":0,"comment_status":"open","ping_status":"closed","template":"","meta":[],"product_brand":[],"product_cat":[22],"product_tag":[],"class_list":{"0":"post-418","1":"product","2":"type-product","3":"status-publish","5":"product_cat-edut","7":"first","8":"instock","9":"shipping-taxable","10":"product-type-simple"},"_links":{"self":[{"href":"https:\/\/dev4.develope.fi\/dev\/hpcommerce\/index.php?rest_route=\/wp\/v2\/product\/418","targetHints":{"allow":["GET"]}}],"collection":[{"href":"https:\/\/dev4.develope.fi\/dev\/hpcommerce\/index.php?rest_route=\/wp\/v2\/product"}],"about":[{"href":"https:\/\/dev4.develope.fi\/dev\/hpcommerce\/index.php?rest_route=\/wp\/v2\/types\/product"}],"replies":[{"embeddable":true,"href":"https:\/\/dev4.develope.fi\/dev\/hpcommerce\/index.php?rest_route=%2Fwp%2Fv2%2Fcomments&post=418"}],"wp:attachment":[{"href":"https:\/\/dev4.develope.fi\/dev\/hpcommerce\/index.php?rest_route=%2Fwp%2Fv2%2Fmedia&parent=418"}],"wp:term":[{"taxonomy":"product_brand","embeddable":true,"href":"https:\/\/dev4.develope.fi\/dev\/hpcommerce\/index.php?rest_route=%2Fwp%2Fv2%2Fproduct_brand&post=418"},{"taxonomy":"product_cat","embeddable":true,"href":"https:\/\/dev4.develope.fi\/dev\/hpcommerce\/index.php?rest_route=%2Fwp%2Fv2%2Fproduct_cat&post=418"},{"taxonomy":"product_tag","embeddable":true,"href":"https:\/\/dev4.develope.fi\/dev\/hpcommerce\/index.php?rest_route=%2Fwp%2Fv2%2Fproduct_tag&post=418"}],"curies":[{"name":"wp","href":"https:\/\/api.w.org\/{rel}","templated":true}]}}