{"id":421,"date":"2022-04-10T22:54:15","date_gmt":"2022-04-10T19:54:15","guid":{"rendered":"https:\/\/dev4.develope.fi\/dev\/hpcommerce\/?post_type=product&#038;p=421"},"modified":"2022-04-26T23:04:46","modified_gmt":"2022-04-26T20:04:46","slug":"optikko-kivinen-turenki","status":"publish","type":"product","link":"https:\/\/dev4.develope.fi\/dev\/hpcommerce\/?product=optikko-kivinen-turenki","title":{"rendered":"Optikko Kivinen (Turenki)"},"content":{"rendered":"","protected":false},"excerpt":{"rendered":"<p>Kuvassa toimitusjohtaja Ismo Kivinen<\/p>\n<p><span style=\"color: #0000ff;\"><a style=\"color: #0000ff;\" href=\"http:\/\/www.optikkokivinen.fi\">http:\/\/www.optikkokivinen.fi<\/a><\/span><\/p>\n<p>Optikko Kivinen TURENKI<\/p>\n<p>MYYM\u00c4L\u00c4MME SIJAITSEE TURENGIN KESKUSTASSA KAUPPAKATU 2:ssa Laajan<br \/>\ntuotevalikoiman ohella tarjoamme kaikki Optikon ja silm\u00e4l\u00e4\u00e4k\u00e4rin palvelut.<\/p>\n<p><strong>KOSKA EL\u00c4M\u00c4 ON N\u00c4KEMISEN ARVOISTA<\/strong><\/p>\n<p>Meilt\u00e4 saat kaikki optikon palvelut helposti l\u00e4helt\u00e4si:<\/p>\n<ul>\n<li>N\u00e4\u00f6ntutkimus<\/li>\n<li>Silm\u00e4npaineenmittaus<\/li>\n<li>Piilolinssien sovitus<\/li>\n<li>Piilolinssitarkastukset<\/li>\n<li>Ty\u00f6n\u00e4k\u00f6tutkimukset<\/li>\n<\/ul>\n<blockquote><p>SILM\u00c4L\u00c4\u00c4K\u00c4RIN VASTAANOTTO ON SAMOISSA TILOISSA LIIKKEESS\u00c4MME.<br \/>\nLIIKKEEST\u00c4MME L\u00d6YD\u00c4T MITTAVAN VALIKOIMAN LAADUKKAITA KEHYKSI\u00c4 JA<br \/>\nAURINKOLASEJA.<\/p>\n<p>Tervetuloa myym\u00e4l\u00e4\u00e4n<\/p>\n<p><span style=\"color: #0000ff;\">Optikko Ilkka Kivinen<\/span><\/p>\n<p><span style=\"color: #0000ff;\">YHTEYSTIEDOT<\/span><\/p>\n<p><span style=\"color: #0000ff;\">Kauppakuja 2<\/span><\/p>\n<p><span style=\"color: #0000ff;\">075 758 0990<\/span><\/p><\/blockquote>\n","protected":false},"featured_media":0,"comment_status":"open","ping_status":"closed","template":"","meta":[],"product_brand":[],"product_cat":[22],"product_tag":[],"class_list":{"0":"post-421","1":"product","2":"type-product","3":"status-publish","5":"product_cat-edut","7":"first","8":"instock","9":"shipping-taxable","10":"product-type-simple"},"_links":{"self":[{"href":"https:\/\/dev4.develope.fi\/dev\/hpcommerce\/index.php?rest_route=\/wp\/v2\/product\/421","targetHints":{"allow":["GET"]}}],"collection":[{"href":"https:\/\/dev4.develope.fi\/dev\/hpcommerce\/index.php?rest_route=\/wp\/v2\/product"}],"about":[{"href":"https:\/\/dev4.develope.fi\/dev\/hpcommerce\/index.php?rest_route=\/wp\/v2\/types\/product"}],"replies":[{"embeddable":true,"href":"https:\/\/dev4.develope.fi\/dev\/hpcommerce\/index.php?rest_route=%2Fwp%2Fv2%2Fcomments&post=421"}],"wp:attachment":[{"href":"https:\/\/dev4.develope.fi\/dev\/hpcommerce\/index.php?rest_route=%2Fwp%2Fv2%2Fmedia&parent=421"}],"wp:term":[{"taxonomy":"product_brand","embeddable":true,"href":"https:\/\/dev4.develope.fi\/dev\/hpcommerce\/index.php?rest_route=%2Fwp%2Fv2%2Fproduct_brand&post=421"},{"taxonomy":"product_cat","embeddable":true,"href":"https:\/\/dev4.develope.fi\/dev\/hpcommerce\/index.php?rest_route=%2Fwp%2Fv2%2Fproduct_cat&post=421"},{"taxonomy":"product_tag","embeddable":true,"href":"https:\/\/dev4.develope.fi\/dev\/hpcommerce\/index.php?rest_route=%2Fwp%2Fv2%2Fproduct_tag&post=421"}],"curies":[{"name":"wp","href":"https:\/\/api.w.org\/{rel}","templated":true}]}}