{"id":422,"date":"2022-04-10T23:02:20","date_gmt":"2022-04-10T20:02:20","guid":{"rendered":"https:\/\/dev4.develope.fi\/dev\/hpcommerce\/?post_type=product&#038;p=422"},"modified":"2022-04-18T21:49:13","modified_gmt":"2022-04-18T18:49:13","slug":"optikko-kivinen-lammi","status":"publish","type":"product","link":"https:\/\/dev4.develope.fi\/dev\/hpcommerce\/?product=optikko-kivinen-lammi","title":{"rendered":"Optikko Kivinen (Lammi)"},"content":{"rendered":"","protected":false},"excerpt":{"rendered":"<p><strong>Kuvassa toimitusjohtaja Ismo Kivinen<\/strong><\/p>\n<p><span style=\"color: #0000ff;\"><a style=\"color: #0000ff;\" href=\"http:\/\/www.optikkokivinen.fi\">http:\/\/www.optikkokivinen.fi<\/a><\/span><\/p>\n<p>Optikko Kivinen LAMMI<\/p>\n<p><strong>TERVETULOA HYV\u00c4N PALVELUN PARIIN, KOSKA EL\u00c4M\u00c4 ON N\u00c4KEMISEN ARVOISTA<\/strong><\/p>\n<p>Meilt\u00e4 saat kaikki optikon palvelut helposti l\u00e4helt\u00e4si:<\/p>\n<ul>\n<li>N\u00e4\u00f6ntutkimus<\/li>\n<li>Silm\u00e4npaineenmittaus<\/li>\n<li>Piilolinssien sovitus<\/li>\n<li>Piilolinssitarkastukset<\/li>\n<li>Ty\u00f6n\u00e4k\u00f6tutkimukset<\/li>\n<\/ul>\n<blockquote><p>SILM\u00c4L\u00c4\u00c4K\u00c4RIN VASTAANOTTO ON SAMOISSA TILOISSA LIIKKEESS\u00c4MME.<br \/>\nLIIKKEEST\u00c4MME L\u00d6YD\u00c4T MITTAVAN VALIKOIMAN LAADUKKAITA KEHYKSI\u00c4 JA<br \/>\nAURINKOLASEJA.<\/p><\/blockquote>\n<p><strong>Tervetuloa myym\u00e4l\u00e4\u00e4n:<\/strong><\/p>\n<p><strong>Optikko Martti Kivinen<\/strong><\/p>\n<p><span style=\"color: #0000ff;\">Lamminraitti 18, Lammi<\/span><\/p>\n<p><span style=\"color: #0000ff;\">Puh. 075 758 0901<\/span><\/p>\n<p><span style=\"color: #0000ff;\">0ptikkokivinen.fi<\/span><br \/>\n<span style=\"color: #0000ff;\">https\/\/optikkokivinen.fi\/myym\u00e4l\u00e4t\/optikko-kivinen-lammi<\/span><\/p>\n","protected":false},"featured_media":0,"comment_status":"open","ping_status":"closed","template":"","meta":[],"product_brand":[],"product_cat":[22],"product_tag":[],"class_list":{"0":"post-422","1":"product","2":"type-product","3":"status-publish","5":"product_cat-edut","7":"first","8":"instock","9":"shipping-taxable","10":"product-type-simple"},"_links":{"self":[{"href":"https:\/\/dev4.develope.fi\/dev\/hpcommerce\/index.php?rest_route=\/wp\/v2\/product\/422","targetHints":{"allow":["GET"]}}],"collection":[{"href":"https:\/\/dev4.develope.fi\/dev\/hpcommerce\/index.php?rest_route=\/wp\/v2\/product"}],"about":[{"href":"https:\/\/dev4.develope.fi\/dev\/hpcommerce\/index.php?rest_route=\/wp\/v2\/types\/product"}],"replies":[{"embeddable":true,"href":"https:\/\/dev4.develope.fi\/dev\/hpcommerce\/index.php?rest_route=%2Fwp%2Fv2%2Fcomments&post=422"}],"wp:attachment":[{"href":"https:\/\/dev4.develope.fi\/dev\/hpcommerce\/index.php?rest_route=%2Fwp%2Fv2%2Fmedia&parent=422"}],"wp:term":[{"taxonomy":"product_brand","embeddable":true,"href":"https:\/\/dev4.develope.fi\/dev\/hpcommerce\/index.php?rest_route=%2Fwp%2Fv2%2Fproduct_brand&post=422"},{"taxonomy":"product_cat","embeddable":true,"href":"https:\/\/dev4.develope.fi\/dev\/hpcommerce\/index.php?rest_route=%2Fwp%2Fv2%2Fproduct_cat&post=422"},{"taxonomy":"product_tag","embeddable":true,"href":"https:\/\/dev4.develope.fi\/dev\/hpcommerce\/index.php?rest_route=%2Fwp%2Fv2%2Fproduct_tag&post=422"}],"curies":[{"name":"wp","href":"https:\/\/api.w.org\/{rel}","templated":true}]}}