{"id":423,"date":"2022-04-10T23:19:31","date_gmt":"2022-04-10T20:19:31","guid":{"rendered":"https:\/\/dev4.develope.fi\/dev\/hpcommerce\/?post_type=product&#038;p=423"},"modified":"2022-04-26T23:12:27","modified_gmt":"2022-04-26T20:12:27","slug":"deli-bakers-2","status":"publish","type":"product","link":"https:\/\/dev4.develope.fi\/dev\/hpcommerce\/?product=deli-bakers-2","title":{"rendered":"Deli Bakers"},"content":{"rendered":"","protected":false},"excerpt":{"rendered":"<p><strong>Kuvassa tj Minna Koskinen<\/strong><\/p>\n<p><span style=\"color: #0000ff;\"><a style=\"color: #0000ff;\" href=\"http:\/\/www.delibakers.fi\"><span style=\"color: #0000ff;\">http:\/\/www.delibakers.fi<\/span><\/a><\/span><\/p>\n<p><strong>KAIKKEA ERIKOISEN HYV\u00c4\u00c4!<\/strong><\/p>\n<p>Deli Bakers on uuden liikeidean mukainen leipomotuotteiden ja juustojen, sek\u00e4 muiden<br \/>\nerikoistuotteiden ja palvelujen myym\u00e4l\u00e4. Valitse erikoisen hyv\u00e4nmakuiset suolaiset ja makeat<br \/>\nleivonnaiset, juustot, leikkeleet ja kuohuvat juomat.<\/p>\n<p><strong>LAAJA VALIKOIMA TUOTTEITA!<\/strong><\/p>\n<p>Suosimme kotimaista, mutta meilt\u00e4 l\u00f6ytyy herkkuja mm. Ranskasta, Ruotsista sek\u00e4<br \/>\nHollannista. Jokainen tuote on valittu erityisen hyv\u00e4n makunsa vuoksi valikoimaamme.<\/p>\n<p><strong>OLUTMAAILMA<\/strong><\/p>\n<p>Tiloistamme l\u00f6yd\u00e4t laajan valikoiman erikoisoluita. Liikkeess\u00e4 p\u00e4\u00e4set tutustumaan<br \/>\nvirtuaalisen olutmaailman kautta lukuisiin eri makuisiin, maalaisiin ja eri tilanteisiin sopiviin<br \/>\njuomiin.<\/p>\n<p>Tervetuloa ostoksille.<\/p>\n<p><strong>DELI BAKER\u2019S LOHJA<\/strong><\/p>\n<p><span style=\"color: #0000ff;\">Hossanm\u00e4entie 1<\/span><br \/>\n<span style=\"color: #0000ff;\">08350 LOHJA<\/span><br \/>\n<span style=\"color: #0000ff;\">Puh: (019) 382 290<\/span><br \/>\n<span style=\"color: #0000ff;\">lohja(at)delibakers.fi<\/span><br \/>\n<span style=\"color: #0000ff;\"><a style=\"color: #0000ff;\" href=\"http:\/\/www.delibakers.fi\">http:\/\/www.delibakers.fi<\/a><\/span><\/p>\n","protected":false},"featured_media":0,"comment_status":"open","ping_status":"closed","template":"","meta":[],"product_brand":[],"product_cat":[22],"product_tag":[],"class_list":{"0":"post-423","1":"product","2":"type-product","3":"status-publish","5":"product_cat-edut","7":"first","8":"instock","9":"shipping-taxable","10":"product-type-simple"},"_links":{"self":[{"href":"https:\/\/dev4.develope.fi\/dev\/hpcommerce\/index.php?rest_route=\/wp\/v2\/product\/423","targetHints":{"allow":["GET"]}}],"collection":[{"href":"https:\/\/dev4.develope.fi\/dev\/hpcommerce\/index.php?rest_route=\/wp\/v2\/product"}],"about":[{"href":"https:\/\/dev4.develope.fi\/dev\/hpcommerce\/index.php?rest_route=\/wp\/v2\/types\/product"}],"replies":[{"embeddable":true,"href":"https:\/\/dev4.develope.fi\/dev\/hpcommerce\/index.php?rest_route=%2Fwp%2Fv2%2Fcomments&post=423"}],"wp:attachment":[{"href":"https:\/\/dev4.develope.fi\/dev\/hpcommerce\/index.php?rest_route=%2Fwp%2Fv2%2Fmedia&parent=423"}],"wp:term":[{"taxonomy":"product_brand","embeddable":true,"href":"https:\/\/dev4.develope.fi\/dev\/hpcommerce\/index.php?rest_route=%2Fwp%2Fv2%2Fproduct_brand&post=423"},{"taxonomy":"product_cat","embeddable":true,"href":"https:\/\/dev4.develope.fi\/dev\/hpcommerce\/index.php?rest_route=%2Fwp%2Fv2%2Fproduct_cat&post=423"},{"taxonomy":"product_tag","embeddable":true,"href":"https:\/\/dev4.develope.fi\/dev\/hpcommerce\/index.php?rest_route=%2Fwp%2Fv2%2Fproduct_tag&post=423"}],"curies":[{"name":"wp","href":"https:\/\/api.w.org\/{rel}","templated":true}]}}