{"id":425,"date":"2022-04-10T23:33:00","date_gmt":"2022-04-10T20:33:00","guid":{"rendered":"https:\/\/dev4.develope.fi\/dev\/hpcommerce\/?post_type=product&#038;p=425"},"modified":"2022-04-18T20:29:34","modified_gmt":"2022-04-18T17:29:34","slug":"autoverhoilu-tampere","status":"publish","type":"product","link":"https:\/\/dev4.develope.fi\/dev\/hpcommerce\/?product=autoverhoilu-tampere","title":{"rendered":"Autoverhoilu Tampere"},"content":{"rendered":"","protected":false},"excerpt":{"rendered":"<p><strong>Kuvassa yritt\u00e4j\u00e4 Mari Peltoniemi<\/strong><\/p>\n<p><span style=\"color: #0000ff;\"><a style=\"color: #0000ff;\" href=\"http:\/\/autoverhoomotampere.fi\">http:\/\/autoverhoomotampere.fi<\/a><\/span><\/p>\n<p>Kangasalla sijaitseva Autoverhoilu Tampere tekee toiveidesi mukaiset verhoiluratkaisut korkealaatuisista materiaaleista. Anna autollesi<br \/>\npersoonallinen ja ainutlaatuinen ilme meid\u00e4n avullamme.<\/p>\n<p>Toteutamme kaikkien<br \/>\nmoottoriajoneuvojen verhoiluty\u00f6t laadukkaana ja yksil\u00f6llisen\u00e4 k\u00e4sity\u00f6n\u00e4 Tampereella ja<br \/>\nTampereen l\u00e4hialueilla.<\/p>\n<p>Pyyd\u00e4 tarjous auton, veneen, huonekalun tai ravintolan verhoilusta<br \/>\nSoita meille ja kerro, mihin verhoilua tarvitaan. Sovitaan tarkempi aika ty\u00f6n suorittamiselle.<br \/>\nSaat tarvittaessa lis\u00e4\u00e4 tietoa referensseist\u00e4 ja tehdyist\u00e4 t\u00f6ist\u00e4.<\/p>\n<p>Soitathan meille, ennen kuin tulet k\u00e4ym\u00e4\u00e4n. Meill\u00e4 on l\u00e4mmin 160m2 talli, jossa ty\u00f6t<br \/>\ntehd\u00e4\u00e4n. Verhoomon puolelle on lis\u00e4ksi varattu tilaa noin 60 neli\u00f6n verran<\/p>\n<p><span style=\"color: #0000ff;\">Mari Peltoniemi<\/span><br \/>\n<span style=\"color: #0000ff;\">044 5045443<\/span><br \/>\n<span style=\"color: #0000ff;\">info@autoverhoomotampere.fi<\/span><br \/>\n<span style=\"color: #0000ff;\">Osoite: Huhmarintie 33, 36200 Kangasala<\/span><br \/>\n<a href=\"http:\/\/autoverhoomotampere.fi\"><span style=\"color: #0000ff;\">http:\/\/autoverhoomotampere.fi<\/span><\/a><br \/>\nSoitathan meille, ennen kuin tulet k\u00e4ym\u00e4\u00e4n!<\/p>\n","protected":false},"featured_media":0,"comment_status":"open","ping_status":"closed","template":"","meta":[],"product_brand":[],"product_cat":[22],"product_tag":[],"class_list":{"0":"post-425","1":"product","2":"type-product","3":"status-publish","5":"product_cat-edut","7":"first","8":"instock","9":"shipping-taxable","10":"product-type-simple"},"_links":{"self":[{"href":"https:\/\/dev4.develope.fi\/dev\/hpcommerce\/index.php?rest_route=\/wp\/v2\/product\/425","targetHints":{"allow":["GET"]}}],"collection":[{"href":"https:\/\/dev4.develope.fi\/dev\/hpcommerce\/index.php?rest_route=\/wp\/v2\/product"}],"about":[{"href":"https:\/\/dev4.develope.fi\/dev\/hpcommerce\/index.php?rest_route=\/wp\/v2\/types\/product"}],"replies":[{"embeddable":true,"href":"https:\/\/dev4.develope.fi\/dev\/hpcommerce\/index.php?rest_route=%2Fwp%2Fv2%2Fcomments&post=425"}],"wp:attachment":[{"href":"https:\/\/dev4.develope.fi\/dev\/hpcommerce\/index.php?rest_route=%2Fwp%2Fv2%2Fmedia&parent=425"}],"wp:term":[{"taxonomy":"product_brand","embeddable":true,"href":"https:\/\/dev4.develope.fi\/dev\/hpcommerce\/index.php?rest_route=%2Fwp%2Fv2%2Fproduct_brand&post=425"},{"taxonomy":"product_cat","embeddable":true,"href":"https:\/\/dev4.develope.fi\/dev\/hpcommerce\/index.php?rest_route=%2Fwp%2Fv2%2Fproduct_cat&post=425"},{"taxonomy":"product_tag","embeddable":true,"href":"https:\/\/dev4.develope.fi\/dev\/hpcommerce\/index.php?rest_route=%2Fwp%2Fv2%2Fproduct_tag&post=425"}],"curies":[{"name":"wp","href":"https:\/\/api.w.org\/{rel}","templated":true}]}}