{"id":429,"date":"2022-04-10T23:49:25","date_gmt":"2022-04-10T20:49:25","guid":{"rendered":"https:\/\/dev4.develope.fi\/dev\/hpcommerce\/?post_type=product&#038;p=429"},"modified":"2022-04-18T18:56:07","modified_gmt":"2022-04-18T15:56:07","slug":"hyvinkaan-oma-panimo","status":"publish","type":"product","link":"https:\/\/dev4.develope.fi\/dev\/hpcommerce\/?product=hyvinkaan-oma-panimo","title":{"rendered":"Hyvink\u00e4\u00e4n Oma Panimo"},"content":{"rendered":"","protected":false},"excerpt":{"rendered":"<p><strong>Kuvassa Tj Jukka-Pekka Terho<\/strong><\/p>\n<p><span style=\"color: #0000ff;\"><a style=\"color: #0000ff;\" href=\"https:\/\/www.omapanimo.fi\/?page_id\">https:\/\/www.omapanimo.fi\/?page_id<\/a><\/span><\/p>\n<p>CHEERS FROM SAHANM\u00c4KI!<br \/>\nJos haluat hetkeksi irti arjen harmaudesta, sinun ei tarvitse matkustaa kaukomaille. Visiitti<br \/>\nHyvink\u00e4\u00e4ll\u00e4 voi yll\u00e4tt\u00e4\u00e4 positiivisesti. Helpoin ja miellytt\u00e4vin tapa kokea Hyvink\u00e4\u00e4n parhaat<br \/>\npuolet on tehd\u00e4 l\u00e4himatka, korkata laadukas ja tuore paikallisesti pantu hyvink\u00e4\u00e4l\u00e4inen olut,<br \/>\nvaikkapa t\u00e4llainen Sahanm\u00e4ki India Pale Lager.<\/p>\n<p>HUOM . KAUTTAMME SAAT TILATA OMALLA HALUAMMALLASI UNIIKILLA<br \/>\nETIKETILL\u00c4 LAADUKKAITA OLUT TUOTTEITA ITSELLESI ,YRITYKSELLESI TAI<br \/>\nVAIKKAPA LAHJAKSI LIIKEKUMPPANEILLESI TAI HENKIL\u00d6KUNNALLESI.<\/p>\n<p>Panimomyym\u00e4l\u00e4 palvelee Sahanm\u00e4ess\u00e4 perjantaisin klo 14\u201318. Tervetuloa!<\/p>\n<p><strong>Yhteystiedot<\/strong><\/p>\n<p><span style=\"color: #0000ff;\">Niinist\u00f6nkatu 6, Hyvink\u00e4\u00e4<\/span><br \/>\n<span style=\"color: #0000ff;\">+358 40 581 4217<\/span><br \/>\n<span style=\"color: #0000ff;\"><a style=\"color: #0000ff;\" href=\"https:\/\/www.omapanimo.fi\/?page_id\">https:\/\/www.omapanimo.fi\/?page_id<\/a><\/span><\/p>\n","protected":false},"featured_media":0,"comment_status":"open","ping_status":"closed","template":"","meta":[],"product_brand":[],"product_cat":[22],"product_tag":[],"class_list":{"0":"post-429","1":"product","2":"type-product","3":"status-publish","5":"product_cat-edut","7":"first","8":"instock","9":"shipping-taxable","10":"product-type-simple"},"_links":{"self":[{"href":"https:\/\/dev4.develope.fi\/dev\/hpcommerce\/index.php?rest_route=\/wp\/v2\/product\/429","targetHints":{"allow":["GET"]}}],"collection":[{"href":"https:\/\/dev4.develope.fi\/dev\/hpcommerce\/index.php?rest_route=\/wp\/v2\/product"}],"about":[{"href":"https:\/\/dev4.develope.fi\/dev\/hpcommerce\/index.php?rest_route=\/wp\/v2\/types\/product"}],"replies":[{"embeddable":true,"href":"https:\/\/dev4.develope.fi\/dev\/hpcommerce\/index.php?rest_route=%2Fwp%2Fv2%2Fcomments&post=429"}],"wp:attachment":[{"href":"https:\/\/dev4.develope.fi\/dev\/hpcommerce\/index.php?rest_route=%2Fwp%2Fv2%2Fmedia&parent=429"}],"wp:term":[{"taxonomy":"product_brand","embeddable":true,"href":"https:\/\/dev4.develope.fi\/dev\/hpcommerce\/index.php?rest_route=%2Fwp%2Fv2%2Fproduct_brand&post=429"},{"taxonomy":"product_cat","embeddable":true,"href":"https:\/\/dev4.develope.fi\/dev\/hpcommerce\/index.php?rest_route=%2Fwp%2Fv2%2Fproduct_cat&post=429"},{"taxonomy":"product_tag","embeddable":true,"href":"https:\/\/dev4.develope.fi\/dev\/hpcommerce\/index.php?rest_route=%2Fwp%2Fv2%2Fproduct_tag&post=429"}],"curies":[{"name":"wp","href":"https:\/\/api.w.org\/{rel}","templated":true}]}}