{"id":430,"date":"2022-04-10T23:54:35","date_gmt":"2022-04-10T20:54:35","guid":{"rendered":"https:\/\/dev4.develope.fi\/dev\/hpcommerce\/?post_type=product&#038;p=430"},"modified":"2022-04-19T01:03:42","modified_gmt":"2022-04-18T22:03:42","slug":"amazing-city-oy-roof-walk","status":"publish","type":"product","link":"https:\/\/dev4.develope.fi\/dev\/hpcommerce\/?product=amazing-city-oy-roof-walk","title":{"rendered":"Amazing City Oy (Roof Walk)"},"content":{"rendered":"","protected":false},"excerpt":{"rendered":"<p><strong>Kuvassa Tj. Heikki N\u00e4rv\u00e4inen<\/strong><\/p>\n<p><span style=\"color: #0000ff;\"><a style=\"color: #0000ff;\" href=\"http:\/\/www.amazingcity.fi\">http:\/\/www.amazingcity.fi<\/a><\/span><\/p>\n<p>Amazing City tarjoaa syk\u00e4hdytt\u00e4vimm\u00e4t el\u00e4mys-, ohjelma-, hyvinvointi- ja vuokraamopalvelut<br \/>\nammattitaidolla niin matkailijoille, yrityksille kuin yksityisillekin!<br \/>\nToteutamme ohjelmapalvelutarpeet suurella syd\u00e4mell\u00e4<\/p>\n<p>ja aina toiveidenne mukaan, oli kyseess\u00e4 sitten tyhy- tai virkistysp\u00e4iv\u00e4, kokouksen<br \/>\noheisohjelma, pikkujoulut tai kes\u00e4p\u00e4iv\u00e4t.<br \/>\nTule yksin, kaksin, pienell\u00e4 porukalla tai satojen osallistujien voimin ja voit luottaa:<br \/>\nMe her\u00e4t\u00e4mme el\u00e4mykset henkiin!<\/p>\n<p><strong>Heikki N\u00e4rv\u00e4nen<\/strong><br \/>\n<strong>Seikkailutireht\u00f6\u00f6ri, yritt\u00e4j\u00e4<\/strong><br \/>\n<span style=\"color: #0000ff;\">heikki.narvanen@amazingcity.fi<\/span><br \/>\n<span style=\"color: #0000ff;\"><a style=\"color: #0000ff;\" href=\"http:\/\/www.amazingcity.fi\">http:\/\/www.amazingcity.fi<\/a><\/span><br \/>\n<span style=\"color: #0000ff;\">puh. 0400 734 174<\/span><\/p>\n","protected":false},"featured_media":0,"comment_status":"open","ping_status":"closed","template":"","meta":[],"product_brand":[],"product_cat":[22],"product_tag":[],"class_list":{"0":"post-430","1":"product","2":"type-product","3":"status-publish","5":"product_cat-edut","7":"first","8":"instock","9":"shipping-taxable","10":"product-type-simple"},"_links":{"self":[{"href":"https:\/\/dev4.develope.fi\/dev\/hpcommerce\/index.php?rest_route=\/wp\/v2\/product\/430","targetHints":{"allow":["GET"]}}],"collection":[{"href":"https:\/\/dev4.develope.fi\/dev\/hpcommerce\/index.php?rest_route=\/wp\/v2\/product"}],"about":[{"href":"https:\/\/dev4.develope.fi\/dev\/hpcommerce\/index.php?rest_route=\/wp\/v2\/types\/product"}],"replies":[{"embeddable":true,"href":"https:\/\/dev4.develope.fi\/dev\/hpcommerce\/index.php?rest_route=%2Fwp%2Fv2%2Fcomments&post=430"}],"wp:attachment":[{"href":"https:\/\/dev4.develope.fi\/dev\/hpcommerce\/index.php?rest_route=%2Fwp%2Fv2%2Fmedia&parent=430"}],"wp:term":[{"taxonomy":"product_brand","embeddable":true,"href":"https:\/\/dev4.develope.fi\/dev\/hpcommerce\/index.php?rest_route=%2Fwp%2Fv2%2Fproduct_brand&post=430"},{"taxonomy":"product_cat","embeddable":true,"href":"https:\/\/dev4.develope.fi\/dev\/hpcommerce\/index.php?rest_route=%2Fwp%2Fv2%2Fproduct_cat&post=430"},{"taxonomy":"product_tag","embeddable":true,"href":"https:\/\/dev4.develope.fi\/dev\/hpcommerce\/index.php?rest_route=%2Fwp%2Fv2%2Fproduct_tag&post=430"}],"curies":[{"name":"wp","href":"https:\/\/api.w.org\/{rel}","templated":true}]}}