{"id":432,"date":"2022-04-10T23:59:13","date_gmt":"2022-04-10T20:59:13","guid":{"rendered":"https:\/\/dev4.develope.fi\/dev\/hpcommerce\/?post_type=product&#038;p=432"},"modified":"2022-04-18T19:22:17","modified_gmt":"2022-04-18T16:22:17","slug":"ravintola-sherwood","status":"publish","type":"product","link":"https:\/\/dev4.develope.fi\/dev\/hpcommerce\/?product=ravintola-sherwood","title":{"rendered":"Ravintola Sherwood"},"content":{"rendered":"","protected":false},"excerpt":{"rendered":"<p><strong>Kuvassa yritt\u00e4j\u00e4 Petri Rastas<\/strong><\/p>\n<p><span style=\"color: #0000ff;\"><a style=\"color: #0000ff;\" href=\"http:\/\/www.ravintolasherwood.com\/\">http:\/\/www.ravintolasherwood.com\/<\/a><\/span><\/p>\n<p>Ravintola Sherwood on Keljonkankaalla sijaitseva l\u00e4mminhenkinen anniskeluravintola. Sen<br \/>\nhistoria ulottuu aina vuoteen 1996 saakka. Sherwood on tunnettu parhaista pizzoista ja<\/p>\n<p>monipuolisesta ohjelmasta. Siell\u00e4 ovat k\u00e4yneet esiintym\u00e4ss\u00e4 b\u00e4ndien lis\u00e4ksi taikurit, stand-<br \/>\nup koomikot kuin my\u00f6s vatsastapuhujakin. Perjantaisin vakiintunut karaoke antaa<\/p>\n<p>mahdollisuuden kultakurkuille k\u00e4yd\u00e4 esitt\u00e4m\u00e4ss\u00e4 taitojaan. Kes\u00e4n ajan k\u00e4yt\u00f6ss\u00e4 oleva<br \/>\naurinkoinen terassi on mainio rentoutumispaikka.<br \/>\nSeuraa meit\u00e4 Facebookissa ja saat tiedon tulevista tapahtumista<br \/>\nTervetuloa rentoutumaan<br \/>\nBILJARDI<br \/>\nKARAOKE<br \/>\nPIZZA<br \/>\nLIVEMUSIIKKI<\/p>\n<p><span style=\"color: #0000ff;\">Ota yhteytt\u00e4<\/span><br \/>\n<span style=\"color: #0000ff;\">info@ravintolasherwood.com<\/span><br \/>\n<span style=\"color: #0000ff;\">014 242588<\/span><br \/>\n<span style=\"color: #0000ff;\">pihkatie 4 Jyv\u00e4skyl\u00e4<\/span><br \/>\n<span style=\"color: #0000ff;\"><a style=\"color: #0000ff;\" href=\"http:\/\/www.ravintolasherwood.com\/\">http:\/\/www.ravintolasherwood.com\/<\/a><\/span><\/p>\n","protected":false},"featured_media":0,"comment_status":"open","ping_status":"closed","template":"","meta":[],"product_brand":[],"product_cat":[22],"product_tag":[],"class_list":{"0":"post-432","1":"product","2":"type-product","3":"status-publish","5":"product_cat-edut","7":"first","8":"instock","9":"shipping-taxable","10":"product-type-simple"},"_links":{"self":[{"href":"https:\/\/dev4.develope.fi\/dev\/hpcommerce\/index.php?rest_route=\/wp\/v2\/product\/432","targetHints":{"allow":["GET"]}}],"collection":[{"href":"https:\/\/dev4.develope.fi\/dev\/hpcommerce\/index.php?rest_route=\/wp\/v2\/product"}],"about":[{"href":"https:\/\/dev4.develope.fi\/dev\/hpcommerce\/index.php?rest_route=\/wp\/v2\/types\/product"}],"replies":[{"embeddable":true,"href":"https:\/\/dev4.develope.fi\/dev\/hpcommerce\/index.php?rest_route=%2Fwp%2Fv2%2Fcomments&post=432"}],"wp:attachment":[{"href":"https:\/\/dev4.develope.fi\/dev\/hpcommerce\/index.php?rest_route=%2Fwp%2Fv2%2Fmedia&parent=432"}],"wp:term":[{"taxonomy":"product_brand","embeddable":true,"href":"https:\/\/dev4.develope.fi\/dev\/hpcommerce\/index.php?rest_route=%2Fwp%2Fv2%2Fproduct_brand&post=432"},{"taxonomy":"product_cat","embeddable":true,"href":"https:\/\/dev4.develope.fi\/dev\/hpcommerce\/index.php?rest_route=%2Fwp%2Fv2%2Fproduct_cat&post=432"},{"taxonomy":"product_tag","embeddable":true,"href":"https:\/\/dev4.develope.fi\/dev\/hpcommerce\/index.php?rest_route=%2Fwp%2Fv2%2Fproduct_tag&post=432"}],"curies":[{"name":"wp","href":"https:\/\/api.w.org\/{rel}","templated":true}]}}