{"id":434,"date":"2022-04-11T00:03:17","date_gmt":"2022-04-10T21:03:17","guid":{"rendered":"https:\/\/dev4.develope.fi\/dev\/hpcommerce\/?post_type=product&#038;p=434"},"modified":"2022-04-26T23:04:01","modified_gmt":"2022-04-26T20:04:01","slug":"ravintola-pizzeria-pasargad","status":"publish","type":"product","link":"https:\/\/dev4.develope.fi\/dev\/hpcommerce\/?product=ravintola-pizzeria-pasargad","title":{"rendered":"Pasargad"},"content":{"rendered":"","protected":false},"excerpt":{"rendered":"<p>Kuvassa yritt\u00e4j\u00e4 Zaker Bayat.<\/p>\n<p><span style=\"color: #0000ff;\"><a style=\"color: #0000ff;\" href=\"http:\/\/www.pasargad.fi\">www.pasargad.fi<\/a><\/span><\/p>\n<p>Kaikki hyv\u00e4 alkaa maukkaasta ruoasta<br \/>\nRAIKKAISTA RAAKA-AINEISTA RAKKAUDELLA VALMISTETTUA PITZAA<\/p>\n<p>Jyv\u00e4skyl\u00e4n paras Pizza<br \/>\nRavintolamme pizzat valmistuvat huolella valituista laadukkaista raaka-aineista.<br \/>\nMeilt\u00e4 nopea toimitus<br \/>\nValmistamme tilauksesi nopeasti ja ajallaan. Toimitamme viivytyksett\u00e4!<br \/>\nIlmainen kuljetus 7 km toimitusalue<br \/>\nIlmainen kuljetus tilauksen ylitt\u00e4ess\u00e4 16 \u20ac. Toimitamme 7 km s\u00e4teell\u00e4.<br \/>\nJokaisen tilatun annoksen mukaan saat ilmaisen 0,33L juoman kaupanp\u00e4\u00e4lle. Tilaa heti!<br \/>\nhttp:\/\/www.pasargad.fi\/pasargad\/<\/p>\n<p><strong>Yhteystiedot:<\/strong><\/p>\n<p><span style=\"color: #0000ff;\">V\u00e4in\u00f6nkatu 30, 40100 JYV\u00c4SKYL\u00c4<\/span><br \/>\n<span style=\"color: #0000ff;\">(+358) 040 500 4668<\/span><br \/>\n<span style=\"color: #0000ff;\">info@pasargad.fi<\/span><\/p>\n","protected":false},"featured_media":0,"comment_status":"open","ping_status":"closed","template":"","meta":[],"product_brand":[],"product_cat":[22],"product_tag":[],"class_list":{"0":"post-434","1":"product","2":"type-product","3":"status-publish","5":"product_cat-edut","7":"first","8":"instock","9":"shipping-taxable","10":"product-type-simple"},"_links":{"self":[{"href":"https:\/\/dev4.develope.fi\/dev\/hpcommerce\/index.php?rest_route=\/wp\/v2\/product\/434","targetHints":{"allow":["GET"]}}],"collection":[{"href":"https:\/\/dev4.develope.fi\/dev\/hpcommerce\/index.php?rest_route=\/wp\/v2\/product"}],"about":[{"href":"https:\/\/dev4.develope.fi\/dev\/hpcommerce\/index.php?rest_route=\/wp\/v2\/types\/product"}],"replies":[{"embeddable":true,"href":"https:\/\/dev4.develope.fi\/dev\/hpcommerce\/index.php?rest_route=%2Fwp%2Fv2%2Fcomments&post=434"}],"wp:attachment":[{"href":"https:\/\/dev4.develope.fi\/dev\/hpcommerce\/index.php?rest_route=%2Fwp%2Fv2%2Fmedia&parent=434"}],"wp:term":[{"taxonomy":"product_brand","embeddable":true,"href":"https:\/\/dev4.develope.fi\/dev\/hpcommerce\/index.php?rest_route=%2Fwp%2Fv2%2Fproduct_brand&post=434"},{"taxonomy":"product_cat","embeddable":true,"href":"https:\/\/dev4.develope.fi\/dev\/hpcommerce\/index.php?rest_route=%2Fwp%2Fv2%2Fproduct_cat&post=434"},{"taxonomy":"product_tag","embeddable":true,"href":"https:\/\/dev4.develope.fi\/dev\/hpcommerce\/index.php?rest_route=%2Fwp%2Fv2%2Fproduct_tag&post=434"}],"curies":[{"name":"wp","href":"https:\/\/api.w.org\/{rel}","templated":true}]}}