{"id":436,"date":"2022-04-11T00:09:53","date_gmt":"2022-04-10T21:09:53","guid":{"rendered":"https:\/\/dev4.develope.fi\/dev\/hpcommerce\/?post_type=product&#038;p=436"},"modified":"2022-04-19T00:00:25","modified_gmt":"2022-04-18T21:00:25","slug":"koneesi","status":"publish","type":"product","link":"https:\/\/dev4.develope.fi\/dev\/hpcommerce\/?product=koneesi","title":{"rendered":"KoneeSi"},"content":{"rendered":"","protected":false},"excerpt":{"rendered":"<p><strong>Kuvassa Yritt\u00e4j\u00e4 Sakari Siikaranta<\/strong><\/p>\n<p><span style=\"color: #0000ff;\"><a style=\"color: #0000ff;\" href=\"http:\/\/www.koneesijkl.fi\">http:\/\/www.koneesijkl.fi<\/a><\/span><\/p>\n<p>Koneesi on vuonna 2017 perustettu viherty\u00f6koneiden kauppaan ja huoltoon suuntautunut<br \/>\nyritys Jyv\u00e4skyl\u00e4ss\u00e4. Korjaamme kaikki tarvitsemasi viherty\u00f6koneet ammattitaitoisesti ja<br \/>\nnopeasti asialliseen hintaan, niin yksityisille kuin yrityksillekin.<\/p>\n<p>Toimimme virallisena Stiga huoltopisteen\u00e4, mink\u00e4 lis\u00e4ksi korjaamme ja huollamme<br \/>\nyleisimpi\u00e4 merkkej\u00e4 kuten Husqvarna, Jonsered, Partner, Honda, Klippo, Stihl, Viking,<br \/>\nBriggs &amp; Stratton. Yleisimm\u00e4t varaosat ja tarvikkeet l\u00f6ytyv\u00e4t heti hyllyst\u00e4, sek\u00e4 hyvien<br \/>\nverkostojen kautta loputkin osat saadaan nopeasti. Olemme my\u00f6s virallinen Hautala<br \/>\nService Oy:n tuotteiden j\u00e4lleenmyyj\u00e4.<\/p>\n<p>Yleisimpi\u00e4 koneita:<br \/>\nTy\u00f6nnett\u00e4v\u00e4t ja itsevet\u00e4v\u00e4t ruohonleikkurit<br \/>\nAjoleikkurit eli p\u00e4\u00e4lt\u00e4ajettavat ruohonleikkurit<br \/>\nMoottorisahat, raivaussahat, siimaleikkurit, trimmerit ja lehtipuhaltimet<br \/>\nAggregaatit, puutarhajyrsimet, vesipumput ja polttomoottoripainepesurit<br \/>\nOstamme k\u00e4ytettyj\u00e4 turhaksi j\u00e4\u00e4neit\u00e4 ja\/tai rikkin\u00e4isi\u00e4 ajoleikkureita.<\/p>\n<p>TERVETULOA LIIKKEESEEMME<\/p>\n<p><strong>YHTEYSTIEDOT<\/strong><\/p>\n<p><span style=\"color: #0000ff;\">Sakari Siikaranta +358 45 122 9964<\/span><br \/>\n<span style=\"color: #0000ff;\">sakari@koneesijkl.fi<\/span><br \/>\n<span style=\"color: #0000ff;\">Raivionsuntti 6, 40520 Jyv\u00e4skyl\u00e4<\/span><br \/>\n<span style=\"color: #0000ff;\">Y-tunnus: 2824285-3<\/span><\/p>\n","protected":false},"featured_media":0,"comment_status":"open","ping_status":"closed","template":"","meta":[],"product_brand":[],"product_cat":[22],"product_tag":[],"class_list":{"0":"post-436","1":"product","2":"type-product","3":"status-publish","5":"product_cat-edut","7":"first","8":"instock","9":"shipping-taxable","10":"product-type-simple"},"_links":{"self":[{"href":"https:\/\/dev4.develope.fi\/dev\/hpcommerce\/index.php?rest_route=\/wp\/v2\/product\/436","targetHints":{"allow":["GET"]}}],"collection":[{"href":"https:\/\/dev4.develope.fi\/dev\/hpcommerce\/index.php?rest_route=\/wp\/v2\/product"}],"about":[{"href":"https:\/\/dev4.develope.fi\/dev\/hpcommerce\/index.php?rest_route=\/wp\/v2\/types\/product"}],"replies":[{"embeddable":true,"href":"https:\/\/dev4.develope.fi\/dev\/hpcommerce\/index.php?rest_route=%2Fwp%2Fv2%2Fcomments&post=436"}],"wp:attachment":[{"href":"https:\/\/dev4.develope.fi\/dev\/hpcommerce\/index.php?rest_route=%2Fwp%2Fv2%2Fmedia&parent=436"}],"wp:term":[{"taxonomy":"product_brand","embeddable":true,"href":"https:\/\/dev4.develope.fi\/dev\/hpcommerce\/index.php?rest_route=%2Fwp%2Fv2%2Fproduct_brand&post=436"},{"taxonomy":"product_cat","embeddable":true,"href":"https:\/\/dev4.develope.fi\/dev\/hpcommerce\/index.php?rest_route=%2Fwp%2Fv2%2Fproduct_cat&post=436"},{"taxonomy":"product_tag","embeddable":true,"href":"https:\/\/dev4.develope.fi\/dev\/hpcommerce\/index.php?rest_route=%2Fwp%2Fv2%2Fproduct_tag&post=436"}],"curies":[{"name":"wp","href":"https:\/\/api.w.org\/{rel}","templated":true}]}}