{"id":438,"date":"2022-04-11T00:15:44","date_gmt":"2022-04-10T21:15:44","guid":{"rendered":"https:\/\/dev4.develope.fi\/dev\/hpcommerce\/?post_type=product&#038;p=438"},"modified":"2022-04-18T20:20:15","modified_gmt":"2022-04-18T17:20:15","slug":"vaatetusliike-aarons-oy","status":"publish","type":"product","link":"https:\/\/dev4.develope.fi\/dev\/hpcommerce\/?product=vaatetusliike-aarons-oy","title":{"rendered":"Vaatetusliike AARON&#8217;S Oy"},"content":{"rendered":"","protected":false},"excerpt":{"rendered":"<p><strong>Kuvassa yritt\u00e4j\u00e4 Harri Pii.<\/strong><\/p>\n<p><span style=\"color: #0000ff;\"><a style=\"color: #0000ff;\" href=\"http:\/\/www.vaatetusliikeaarons.fi\">http:\/\/www.vaatetusliikeaarons.fi<\/a><\/span><\/p>\n<p>MIESTEN VAATTEIDEN ERIKOISLIIKE<br \/>\nJYV\u00c4SKYL\u00c4N K\u00c4VELYKADULLA, JOSSA ON YKSIL\u00d6LLINEN AMMATITAITOINEN JA<br \/>\nHENKIL\u00d6KOHTAINEN PALVELU.<br \/>\nLaadukkaasta tuotevalikoimastamme l\u00f6ytyy varmasti sopiva asukokonaisuus,<br \/>\n\u201c<br \/>\nPuku on tyylikk\u00e4\u00e4n ja siistin miehen vaate arkeen, bisnekseen ja juhlaan. Materiaaleja ja<br \/>\nmalleja on loputtomasti. Pukua hankittaessa on syyt\u00e4 kiinnitt\u00e4\u00e4 huomiota k\u00e4ytt\u00f6tarkoitukseen<br \/>\nsek\u00e4 istuvuuteen.<br \/>\n\u201c<\/p>\n<p>Laadukkaat materiaalit ja vaatteiden kest\u00e4vyys ovat meille t\u00e4rkeit\u00e4 asioita. Myymme vain<br \/>\nsellaisten br\u00e4ndien tuotteita, jotka valmistavat tuotteensa vastuullisesti. Eri tuotteiden er\u00e4t<br \/>\novat pieni\u00e4, joten liikkeess\u00e4mme kannattaa vierailla usein.<br \/>\nverkkokauppamme on mainio tapa hankkia tyylikk\u00e4it\u00e4 vaatteitamme, kenki\u00e4 ja<br \/>\nasukokonaisuuksia.<\/p>\n<blockquote><p>\n<strong>SIJAINTI<\/strong><\/p><\/blockquote>\n<ul>\n<li><span style=\"color: #0000ff;\">Kauppakatu 18 (Huom. uusi sijainti)<\/span><br \/>\n<span style=\"color: #0000ff;\">40100 Jyv\u00e4skyl\u00e4<\/span><\/li>\n<\/ul>\n<blockquote><p><strong>SOITA<\/strong><\/p><\/blockquote>\n<ul>\n<li><span style=\"color: #0000ff;\">+358 45 123 5018<\/span><\/li>\n<\/ul>\n<blockquote><p>\n<strong>AUKIOLOAJAT<\/strong><\/p><\/blockquote>\n<ul>\n<li><span style=\"color: #0000ff;\">Tiistai &#8211; Perjantai: 11:00 &#8211; 17:00<\/span><\/li>\n<li><span style=\"color: #0000ff;\">Lauantai: 11:00 &#8211; 15:00<\/span><br \/>\n<span style=\"color: #0000ff;\">Ota rohkeasti yhteytt\u00e4, pyrimme palvelemaan my\u00f6s sopimuksen mukaan.<\/span><\/li>\n<\/ul>\n<blockquote><p>\n<strong>S\u00c4HK\u00d6POSTI<\/strong><\/p><\/blockquote>\n<ul>\n<li><span style=\"color: #0000ff;\">harri.pii@vaatetusliikeaarons.fi<\/span><\/li>\n<\/ul>\n","protected":false},"featured_media":0,"comment_status":"open","ping_status":"closed","template":"","meta":[],"product_brand":[],"product_cat":[22],"product_tag":[],"class_list":{"0":"post-438","1":"product","2":"type-product","3":"status-publish","5":"product_cat-edut","7":"first","8":"instock","9":"shipping-taxable","10":"product-type-simple"},"_links":{"self":[{"href":"https:\/\/dev4.develope.fi\/dev\/hpcommerce\/index.php?rest_route=\/wp\/v2\/product\/438","targetHints":{"allow":["GET"]}}],"collection":[{"href":"https:\/\/dev4.develope.fi\/dev\/hpcommerce\/index.php?rest_route=\/wp\/v2\/product"}],"about":[{"href":"https:\/\/dev4.develope.fi\/dev\/hpcommerce\/index.php?rest_route=\/wp\/v2\/types\/product"}],"replies":[{"embeddable":true,"href":"https:\/\/dev4.develope.fi\/dev\/hpcommerce\/index.php?rest_route=%2Fwp%2Fv2%2Fcomments&post=438"}],"wp:attachment":[{"href":"https:\/\/dev4.develope.fi\/dev\/hpcommerce\/index.php?rest_route=%2Fwp%2Fv2%2Fmedia&parent=438"}],"wp:term":[{"taxonomy":"product_brand","embeddable":true,"href":"https:\/\/dev4.develope.fi\/dev\/hpcommerce\/index.php?rest_route=%2Fwp%2Fv2%2Fproduct_brand&post=438"},{"taxonomy":"product_cat","embeddable":true,"href":"https:\/\/dev4.develope.fi\/dev\/hpcommerce\/index.php?rest_route=%2Fwp%2Fv2%2Fproduct_cat&post=438"},{"taxonomy":"product_tag","embeddable":true,"href":"https:\/\/dev4.develope.fi\/dev\/hpcommerce\/index.php?rest_route=%2Fwp%2Fv2%2Fproduct_tag&post=438"}],"curies":[{"name":"wp","href":"https:\/\/api.w.org\/{rel}","templated":true}]}}