{"id":440,"date":"2022-04-11T00:19:50","date_gmt":"2022-04-10T21:19:50","guid":{"rendered":"https:\/\/dev4.develope.fi\/dev\/hpcommerce\/?post_type=product&#038;p=440"},"modified":"2022-04-18T18:59:29","modified_gmt":"2022-04-18T15:59:29","slug":"lelut24","status":"publish","type":"product","link":"https:\/\/dev4.develope.fi\/dev\/hpcommerce\/?product=lelut24","title":{"rendered":"Lelut24"},"content":{"rendered":"","protected":false},"excerpt":{"rendered":"<p><span style=\"color: #0000ff;\"><a style=\"color: #0000ff;\" href=\"http:\/\/www.lelut24.fi\">http:\/\/www.lelut24.fi<\/a><\/span><\/p>\n<p>LEGOt ja lelut \u2013 Lelukauppa Lelut24:sta edullisesti ja nopealla toimituksella.<br \/>\nToimitamme paketit postin kautta.<\/p>\n<p>LEGOt nyt seuraavaksi p\u00e4iv\u00e4ksi netist\u00e4. LEGO tuotteet suoraan suuresta varastostamme,<br \/>\ntoimitamme tilaukset eteenp\u00e4in samana p\u00e4iv\u00e4n\u00e4.<br \/>\nOstokset kotiin heti!<\/p>\n<p>Jouston Laskun tai Jousto Osamaksun avulla saat maksuaikaa ostoksellesi.<br \/>\nPaljon LEGO erikoisuuksia ja Exclusive tuotteita, my\u00f6skin muita leluja.<br \/>\nLIIKKEEMME PALVELEE KELJON KAUPPAKESKUKSESSA.<br \/>\nTERVETULOA OSTOKSILLE!<\/p>\n<p><strong>(Soita)<\/strong> <span style=\"color: #0000ff;\">0040 6550101<\/span><br \/>\n<span style=\"color: #0000ff;\"><a style=\"color: #0000ff;\" href=\"http:\/\/www.lelut24.fi\">http:\/\/www.lelut24.fi<\/a><\/span><\/p>\n","protected":false},"featured_media":0,"comment_status":"open","ping_status":"closed","template":"","meta":[],"product_brand":[],"product_cat":[22],"product_tag":[],"class_list":{"0":"post-440","1":"product","2":"type-product","3":"status-publish","5":"product_cat-edut","7":"first","8":"instock","9":"shipping-taxable","10":"product-type-simple"},"_links":{"self":[{"href":"https:\/\/dev4.develope.fi\/dev\/hpcommerce\/index.php?rest_route=\/wp\/v2\/product\/440","targetHints":{"allow":["GET"]}}],"collection":[{"href":"https:\/\/dev4.develope.fi\/dev\/hpcommerce\/index.php?rest_route=\/wp\/v2\/product"}],"about":[{"href":"https:\/\/dev4.develope.fi\/dev\/hpcommerce\/index.php?rest_route=\/wp\/v2\/types\/product"}],"replies":[{"embeddable":true,"href":"https:\/\/dev4.develope.fi\/dev\/hpcommerce\/index.php?rest_route=%2Fwp%2Fv2%2Fcomments&post=440"}],"wp:attachment":[{"href":"https:\/\/dev4.develope.fi\/dev\/hpcommerce\/index.php?rest_route=%2Fwp%2Fv2%2Fmedia&parent=440"}],"wp:term":[{"taxonomy":"product_brand","embeddable":true,"href":"https:\/\/dev4.develope.fi\/dev\/hpcommerce\/index.php?rest_route=%2Fwp%2Fv2%2Fproduct_brand&post=440"},{"taxonomy":"product_cat","embeddable":true,"href":"https:\/\/dev4.develope.fi\/dev\/hpcommerce\/index.php?rest_route=%2Fwp%2Fv2%2Fproduct_cat&post=440"},{"taxonomy":"product_tag","embeddable":true,"href":"https:\/\/dev4.develope.fi\/dev\/hpcommerce\/index.php?rest_route=%2Fwp%2Fv2%2Fproduct_tag&post=440"}],"curies":[{"name":"wp","href":"https:\/\/api.w.org\/{rel}","templated":true}]}}