{"id":444,"date":"2022-04-11T00:30:19","date_gmt":"2022-04-10T21:30:19","guid":{"rendered":"https:\/\/dev4.develope.fi\/dev\/hpcommerce\/?post_type=product&#038;p=444"},"modified":"2022-04-18T18:44:05","modified_gmt":"2022-04-18T15:44:05","slug":"foto-antti","status":"publish","type":"product","link":"https:\/\/dev4.develope.fi\/dev\/hpcommerce\/?product=foto-antti","title":{"rendered":"Foto Antti"},"content":{"rendered":"","protected":false},"excerpt":{"rendered":"<p><strong>Kuvassa Tj. Jyrki R\u00f6pp\u00e4inen.<\/strong><\/p>\n<p><span style=\"color: #0000ff;\"><a style=\"color: #0000ff;\" href=\"http:\/\/www.fotoantti.fi\/\">http:\/\/www.fotoantti.fi\/<\/a><\/span><\/p>\n<p>Foto Antti on Jyv\u00e4skyl\u00e4n Vaajakoskella sijaitseva palveleva valokuvausliike. Viralliset<br \/>\ns\u00e4hk\u00f6iset passikuvat ilman ajanvarausta. Studio ja milj\u00f6\u00f6 kuvaukset, kaikki valokuvien ja<br \/>\nfilmien muokkaukset.<\/p>\n<p><strong>VALOKUVATULOSTEET<\/strong><\/p>\n<p>Myym\u00e4l\u00e4ss\u00e4mme voidaan valmistaa asiakkaan muistitikuilta, muistikorteilta, k\u00e4nnyk\u00e4st\u00e4,<br \/>\nCD:lt\u00e4, kuvia odottaessa ilman aloitusmaksuja.<br \/>\nTilauksesta meilt\u00e4 saa erikokoisia kuvia mattana\/kiilt\u00e4vin\u00e4.<\/p>\n<p><strong>DIGITOINTI<\/strong><\/p>\n<p>Digitoimme dia-, mustavalko-, v\u00e4rifilmej\u00e4 sek\u00e4 kaita- ja VHS-filmej\u00e4.<\/p>\n<p><strong>SKANNAUS<\/strong><\/p>\n<p>Skannaamme vanhat kuvasi tai dokumenttisi haluamaasi muotoon.<\/p>\n<p><strong>HENKIL\u00d6-, AJOKORTTI- JA VIISUMIKUVAT<\/strong><\/p>\n<p>Viralliset kuvat kaikkiin henkil\u00f6kortteihin.<br \/>\nPROFIILI-, SOME-, CV-KUVAUS<br \/>\nASUNTOKUVAUS \/ KIINTEIST\u00d6KUVAUS<br \/>\nTUOTEKUVAUS<br \/>\nTAULUTUOTTEET<\/p>\n<p><strong>YHTEYSTIEDOT<\/strong><\/p>\n<p><span style=\"color: #0000ff;\">Foto-Antti<\/span><br \/>\n<span style=\"color: #0000ff;\">Savonm\u00e4entie 3<\/span><br \/>\n<span style=\"color: #0000ff;\">40800 Vaajakoski \/ Jyv\u00e4skyl\u00e4<\/span><br \/>\n<span style=\"color: #0000ff;\">Ma \u2013 Pe 9-17<\/span><br \/>\n<span style=\"color: #0000ff;\">La ja Su Suljettu, Avoinna sopimuksen mukaan.<\/span><br \/>\n<span style=\"color: #0000ff;\">Puh. 014 261 344<\/span><br \/>\n<span style=\"color: #0000ff;\">Gsm. 050 357 3289<\/span><br \/>\n<span style=\"color: #0000ff;\">valokuvaus.fotoantti@gmail.com<\/span><br \/>\n<span style=\"color: #0000ff;\">ronikuva@gmail.com<\/span><\/p>\n","protected":false},"featured_media":0,"comment_status":"open","ping_status":"closed","template":"","meta":[],"product_brand":[],"product_cat":[22],"product_tag":[],"class_list":{"0":"post-444","1":"product","2":"type-product","3":"status-publish","5":"product_cat-edut","7":"first","8":"instock","9":"shipping-taxable","10":"product-type-simple"},"_links":{"self":[{"href":"https:\/\/dev4.develope.fi\/dev\/hpcommerce\/index.php?rest_route=\/wp\/v2\/product\/444","targetHints":{"allow":["GET"]}}],"collection":[{"href":"https:\/\/dev4.develope.fi\/dev\/hpcommerce\/index.php?rest_route=\/wp\/v2\/product"}],"about":[{"href":"https:\/\/dev4.develope.fi\/dev\/hpcommerce\/index.php?rest_route=\/wp\/v2\/types\/product"}],"replies":[{"embeddable":true,"href":"https:\/\/dev4.develope.fi\/dev\/hpcommerce\/index.php?rest_route=%2Fwp%2Fv2%2Fcomments&post=444"}],"wp:attachment":[{"href":"https:\/\/dev4.develope.fi\/dev\/hpcommerce\/index.php?rest_route=%2Fwp%2Fv2%2Fmedia&parent=444"}],"wp:term":[{"taxonomy":"product_brand","embeddable":true,"href":"https:\/\/dev4.develope.fi\/dev\/hpcommerce\/index.php?rest_route=%2Fwp%2Fv2%2Fproduct_brand&post=444"},{"taxonomy":"product_cat","embeddable":true,"href":"https:\/\/dev4.develope.fi\/dev\/hpcommerce\/index.php?rest_route=%2Fwp%2Fv2%2Fproduct_cat&post=444"},{"taxonomy":"product_tag","embeddable":true,"href":"https:\/\/dev4.develope.fi\/dev\/hpcommerce\/index.php?rest_route=%2Fwp%2Fv2%2Fproduct_tag&post=444"}],"curies":[{"name":"wp","href":"https:\/\/api.w.org\/{rel}","templated":true}]}}