{"id":448,"date":"2022-04-11T00:41:16","date_gmt":"2022-04-10T21:41:16","guid":{"rendered":"https:\/\/dev4.develope.fi\/dev\/hpcommerce\/?post_type=product&#038;p=448"},"modified":"2022-04-26T23:09:45","modified_gmt":"2022-04-26T20:09:45","slug":"hinaus-ja-kuljetuspalvelu-rantanen-oy","status":"publish","type":"product","link":"https:\/\/dev4.develope.fi\/dev\/hpcommerce\/?product=hinaus-ja-kuljetuspalvelu-rantanen-oy","title":{"rendered":"Hinaus ja Kuljetuspalvelu Rantanen Oy"},"content":{"rendered":"","protected":false},"excerpt":{"rendered":"<p><strong>KUVASSA Tj. Mika Rantanen<\/strong><\/p>\n<p><span style=\"color: #0000ff;\"><a style=\"color: #0000ff;\" href=\"http:\/\/www.hinausrantanen.fi\">http:\/\/www.hinausrantanen.fi<\/a><\/span><\/p>\n<p>HINAUSPALVELUT 24\/7 JYV\u00c4SKYL\u00c4N SEUDULLA<br \/>\nSEK\u00c4 MUUALLA KESKI-SUOMESSA<\/p>\n<p>Kuljettajamme ovat pitk\u00e4\u00e4n perheyrityksess\u00e4mme olleita alan rautaisia ammattilaisia, jotka<br \/>\novat valmiina auttamaan tilanteessa kuin tilanteessa. Toimimme p\u00e4\u00e4asiassa Jyv\u00e4skyl\u00e4n ja muun Keski-Suomen alueella.<\/p>\n<p>Yhteisty\u00f6kumppaneitamme ovat kaikki vakuutusyhti\u00f6t, Kuusakoski Oy, Stena Oy, Copart<br \/>\nSuomi Oy sek\u00e4 alueellamme toimivat merkkiliikkeet ja korjaamot. Hoidamme my\u00f6s Copart<br \/>\nSuomi Oy:n Jyv\u00e4skyl\u00e4n toimipisteen varastoinnin.<\/p>\n<p>PALVELUMME:<br \/>\nHinauspalvelu<br \/>\nTiepalvelu<br \/>\nAuton oven avaus<br \/>\nParkkitalohinaus<br \/>\nK\u00e4ynnistysapu<br \/>\nRomuauton nouto<br \/>\nVeneen kuljetuspalvelu<br \/>\nRaskaan kaluston hinaus<\/p>\n<p><strong>YHTEYSTIEDOT<\/strong><\/p>\n<p><span style=\"color: #0000ff;\">Vaajakoski<\/span><\/p>\n<p><span style=\"color: #0000ff;\">P\u00c4IVYSTYSNUMEROT:<\/span><br \/>\n<span style=\"color: #0000ff;\">0400 342 381<\/span><br \/>\n<span style=\"color: #0000ff;\">0400 888 005<\/span><br \/>\n<span style=\"color: #0000ff;\">tilaukset@hinausrantanen.fi<\/span><br \/>\n<span style=\"color: #0000ff;\">toimisto@hinausrantanen.fi<\/span><\/p>\n<p><span style=\"color: #0000ff;\">http:\/\/www.hinausrantanen.fi<\/span><\/p>\n","protected":false},"featured_media":0,"comment_status":"open","ping_status":"closed","template":"","meta":[],"product_brand":[],"product_cat":[22],"product_tag":[],"class_list":{"0":"post-448","1":"product","2":"type-product","3":"status-publish","5":"product_cat-edut","7":"first","8":"instock","9":"shipping-taxable","10":"product-type-simple"},"_links":{"self":[{"href":"https:\/\/dev4.develope.fi\/dev\/hpcommerce\/index.php?rest_route=\/wp\/v2\/product\/448","targetHints":{"allow":["GET"]}}],"collection":[{"href":"https:\/\/dev4.develope.fi\/dev\/hpcommerce\/index.php?rest_route=\/wp\/v2\/product"}],"about":[{"href":"https:\/\/dev4.develope.fi\/dev\/hpcommerce\/index.php?rest_route=\/wp\/v2\/types\/product"}],"replies":[{"embeddable":true,"href":"https:\/\/dev4.develope.fi\/dev\/hpcommerce\/index.php?rest_route=%2Fwp%2Fv2%2Fcomments&post=448"}],"wp:attachment":[{"href":"https:\/\/dev4.develope.fi\/dev\/hpcommerce\/index.php?rest_route=%2Fwp%2Fv2%2Fmedia&parent=448"}],"wp:term":[{"taxonomy":"product_brand","embeddable":true,"href":"https:\/\/dev4.develope.fi\/dev\/hpcommerce\/index.php?rest_route=%2Fwp%2Fv2%2Fproduct_brand&post=448"},{"taxonomy":"product_cat","embeddable":true,"href":"https:\/\/dev4.develope.fi\/dev\/hpcommerce\/index.php?rest_route=%2Fwp%2Fv2%2Fproduct_cat&post=448"},{"taxonomy":"product_tag","embeddable":true,"href":"https:\/\/dev4.develope.fi\/dev\/hpcommerce\/index.php?rest_route=%2Fwp%2Fv2%2Fproduct_tag&post=448"}],"curies":[{"name":"wp","href":"https:\/\/api.w.org\/{rel}","templated":true}]}}