{"id":450,"date":"2022-04-11T00:46:14","date_gmt":"2022-04-10T21:46:14","guid":{"rendered":"https:\/\/dev4.develope.fi\/dev\/hpcommerce\/?post_type=product&#038;p=450"},"modified":"2022-04-18T17:12:02","modified_gmt":"2022-04-18T14:12:02","slug":"antikvariaatti-lukuhetki","status":"publish","type":"product","link":"https:\/\/dev4.develope.fi\/dev\/hpcommerce\/?product=antikvariaatti-lukuhetki","title":{"rendered":"Antikvariaatti Lukuhetki"},"content":{"rendered":"","protected":false},"excerpt":{"rendered":"<p><strong>Kuvassa yritt\u00e4j\u00e4 Pekka R\u00e4s\u00e4nen.<\/strong><\/p>\n<p><span style=\"color: #0000ff;\"><a style=\"color: #0000ff;\" href=\"http:\/\/www.lukuhetki.fi\">http:\/\/www.lukuhetki.fi<\/a><\/span><\/p>\n<p>Sarjakuvat ovat syd\u00e4menasiamme. Keski-Suomen laadukkaimmissa valikoimissa uudet ja<br \/>\nvanhat sarjakuvat, sek\u00e4 kirjallisuutta laidasta laitaan.<\/p>\n<p>Nettikauppaa jo vuodesta 2007<br \/>\nAntikvariaatti Lukuhetki on Jyv\u00e4skyl\u00e4n kirkkopuistossa sijaitseva kirjoihin ja sarjakuviin<br \/>\nerikoistunut liike. Ostamme koko ajan sarjakuvia ja kirjoja. Myynti- ja puutelistat ovat<br \/>\ntervetulleita.<\/p>\n<p>Kaikkia verkkokaupassa n\u00e4kyvi\u00e4 tuotteita l\u00f6ytyy suoraan varastostamme,<br \/>\ntervetuloa liikkeeseemme<\/p>\n<p><span style=\"color: #0000ff;\">Kauppakatu 17<\/span><br \/>\n<span style=\"color: #0000ff;\">40100 Jyv\u00e4skyl\u00e4<\/span><br \/>\n<span style=\"color: #0000ff;\">(014) 618 869<\/span><br \/>\n<span style=\"color: #0000ff;\"><a style=\"color: #0000ff;\" href=\"http:\/\/www.lukuhetki.fi\">http:\/\/www.lukuhetki.fi<\/a><\/span><\/p>\n","protected":false},"featured_media":0,"comment_status":"open","ping_status":"closed","template":"","meta":[],"product_brand":[],"product_cat":[22],"product_tag":[],"class_list":{"0":"post-450","1":"product","2":"type-product","3":"status-publish","5":"product_cat-edut","7":"first","8":"instock","9":"shipping-taxable","10":"product-type-simple"},"_links":{"self":[{"href":"https:\/\/dev4.develope.fi\/dev\/hpcommerce\/index.php?rest_route=\/wp\/v2\/product\/450","targetHints":{"allow":["GET"]}}],"collection":[{"href":"https:\/\/dev4.develope.fi\/dev\/hpcommerce\/index.php?rest_route=\/wp\/v2\/product"}],"about":[{"href":"https:\/\/dev4.develope.fi\/dev\/hpcommerce\/index.php?rest_route=\/wp\/v2\/types\/product"}],"replies":[{"embeddable":true,"href":"https:\/\/dev4.develope.fi\/dev\/hpcommerce\/index.php?rest_route=%2Fwp%2Fv2%2Fcomments&post=450"}],"wp:attachment":[{"href":"https:\/\/dev4.develope.fi\/dev\/hpcommerce\/index.php?rest_route=%2Fwp%2Fv2%2Fmedia&parent=450"}],"wp:term":[{"taxonomy":"product_brand","embeddable":true,"href":"https:\/\/dev4.develope.fi\/dev\/hpcommerce\/index.php?rest_route=%2Fwp%2Fv2%2Fproduct_brand&post=450"},{"taxonomy":"product_cat","embeddable":true,"href":"https:\/\/dev4.develope.fi\/dev\/hpcommerce\/index.php?rest_route=%2Fwp%2Fv2%2Fproduct_cat&post=450"},{"taxonomy":"product_tag","embeddable":true,"href":"https:\/\/dev4.develope.fi\/dev\/hpcommerce\/index.php?rest_route=%2Fwp%2Fv2%2Fproduct_tag&post=450"}],"curies":[{"name":"wp","href":"https:\/\/api.w.org\/{rel}","templated":true}]}}