{"id":454,"date":"2022-04-11T00:56:01","date_gmt":"2022-04-10T21:56:01","guid":{"rendered":"https:\/\/dev4.develope.fi\/dev\/hpcommerce\/?post_type=product&#038;p=454"},"modified":"2022-04-19T00:07:25","modified_gmt":"2022-04-18T21:07:25","slug":"lasi-kalle-oy","status":"publish","type":"product","link":"https:\/\/dev4.develope.fi\/dev\/hpcommerce\/?product=lasi-kalle-oy","title":{"rendered":"Lasi-kalle Oy"},"content":{"rendered":"","protected":false},"excerpt":{"rendered":"<p><strong>KUVASSA Tj. Janne Halme<\/strong><\/p>\n<p><span style=\"color: #0000ff;\"><a style=\"color: #0000ff;\" href=\"http:\/\/www.lasikalle.fi\">http:\/\/www.lasikalle.fi<\/a><\/span><\/p>\n<p>AMMATTITAITOA SEK\u00c4 NOPEAA PALVELUA JO VUODESTA 1947<br \/>\nKORJAUSLASITUKSET<br \/>\nHoidamme korjauslasitukset vauhdilla. Soita meille, niin k\u00e4ymme ottamassa mitat ja tuomme<br \/>\nruudun paikalleen. Voimme valmistaa uuden ruudun Jyv\u00e4skyl\u00e4ss\u00e4 jopa 24 tunnissa, eik\u00e4<br \/>\nrumaa vaneripaikkaa ei en\u00e4\u00e4 tarvita puuttuvaa ruutua paikkaamaan.<br \/>\nMeilt\u00e4 saat kaikki korjauslasitukset jopa 24 tunnissa.<br \/>\nJulkisten tilat<br \/>\nYksityistilat<br \/>\nP\u00c4IVYSTYS<br \/>\nLasiasennuspalvelumme on k\u00e4ytett\u00e4viss\u00e4nne my\u00f6s kiireellisiss\u00e4 tapauksissa 24 h \/ vrk<br \/>\nLIIKKEEST\u00c4MME L\u00d6YD\u00c4T SEURAAVAT TUOTTEET<br \/>\nEtusivu<br \/>\nRakennuslasit<br \/>\nTurvalasit<\/p>\n<p>Sisustuslasit<br \/>\nPeilit<br \/>\nTerassi ja lasivalokatteet<br \/>\nLasitarvikkeet<br \/>\nPALVELUT<br \/>\nEtusivu<br \/>\nTuotte<br \/>\nKorjauslasitukset<br \/>\n24-h p\u00e4ivystys<br \/>\nAjoneuvojen lasit<br \/>\nKuljetus- ja asennuspalvelut<br \/>\nIkkunoiden entis\u00f6inti- ja huolto<\/p>\n<p><strong>YHTEYSTIEDOT<\/strong><\/p>\n<p><strong>LASI-KALLE OY<\/strong><\/p>\n<p><span style=\"color: #0000ff;\">Akkalankuja 4, 40420 Jysk\u00e4<\/span><br \/>\n<span style=\"color: #0000ff;\">Puh. (vaihde) 0207 851 851<\/span><br \/>\n<span style=\"color: #0000ff;\">Puh. 020 785 1855 (autot ja ty\u00f6koneet)<\/span><br \/>\n<span style=\"color: #0000ff;\">P\u00e4ivystys 0207 851 861<\/span><br \/>\n<span style=\"color: #0000ff;\">Fax 0207 851 859<\/span><br \/>\n<span style=\"color: #0000ff;\">Email: lasi-kalle[at]lasi-kalle.fi<\/span><br \/>\n<span style=\"color: #0000ff;\">http:\/\/www.lasikalle.fi<\/span><\/p>\n","protected":false},"featured_media":0,"comment_status":"open","ping_status":"closed","template":"","meta":[],"product_brand":[],"product_cat":[22],"product_tag":[],"class_list":{"0":"post-454","1":"product","2":"type-product","3":"status-publish","5":"product_cat-edut","7":"first","8":"instock","9":"shipping-taxable","10":"product-type-simple"},"_links":{"self":[{"href":"https:\/\/dev4.develope.fi\/dev\/hpcommerce\/index.php?rest_route=\/wp\/v2\/product\/454","targetHints":{"allow":["GET"]}}],"collection":[{"href":"https:\/\/dev4.develope.fi\/dev\/hpcommerce\/index.php?rest_route=\/wp\/v2\/product"}],"about":[{"href":"https:\/\/dev4.develope.fi\/dev\/hpcommerce\/index.php?rest_route=\/wp\/v2\/types\/product"}],"replies":[{"embeddable":true,"href":"https:\/\/dev4.develope.fi\/dev\/hpcommerce\/index.php?rest_route=%2Fwp%2Fv2%2Fcomments&post=454"}],"wp:attachment":[{"href":"https:\/\/dev4.develope.fi\/dev\/hpcommerce\/index.php?rest_route=%2Fwp%2Fv2%2Fmedia&parent=454"}],"wp:term":[{"taxonomy":"product_brand","embeddable":true,"href":"https:\/\/dev4.develope.fi\/dev\/hpcommerce\/index.php?rest_route=%2Fwp%2Fv2%2Fproduct_brand&post=454"},{"taxonomy":"product_cat","embeddable":true,"href":"https:\/\/dev4.develope.fi\/dev\/hpcommerce\/index.php?rest_route=%2Fwp%2Fv2%2Fproduct_cat&post=454"},{"taxonomy":"product_tag","embeddable":true,"href":"https:\/\/dev4.develope.fi\/dev\/hpcommerce\/index.php?rest_route=%2Fwp%2Fv2%2Fproduct_tag&post=454"}],"curies":[{"name":"wp","href":"https:\/\/api.w.org\/{rel}","templated":true}]}}