{"id":456,"date":"2022-04-11T01:01:55","date_gmt":"2022-04-10T22:01:55","guid":{"rendered":"https:\/\/dev4.develope.fi\/dev\/hpcommerce\/?post_type=product&#038;p=456"},"modified":"2022-04-26T22:56:01","modified_gmt":"2022-04-26T19:56:01","slug":"santa-claus-finland","status":"publish","type":"product","link":"https:\/\/dev4.develope.fi\/dev\/hpcommerce\/?product=santa-claus-finland","title":{"rendered":"Joulupukki Finland"},"content":{"rendered":"","protected":false},"excerpt":{"rendered":"<p><strong>Kuvassa Tj. joulupukki<\/strong><\/p>\n<p>Korvatunturin Joulupukki on myyttinen hyv\u00e4 ja kiltti mieshahmo, joka tuo jouluna lahjoja. H\u00e4n<br \/>\ntekee kerran vuodessa kuolemattoman roolisuorituksen olemalla samaan aikaan joka<br \/>\npaikassa ja siit\u00e4kin huolimatta suuri osa meist\u00e4 uskoo t\u00e4h\u00e4n joulun legendaariseen<br \/>\nsankariin.<br \/>\nPukin eliittiin kuuluvat tontut ovat ahkeria ja ty\u00f6skentelev\u00e4t vuoden ihan jokaisena p\u00e4iv\u00e4n\u00e4 ja<br \/>\nn\u00e4in osoittavat ty\u00f6moraalia meille kaikille. \u201cToivotan teille kaikille hyv\u00e4\u00e4 ty\u00f6p\u00e4iv\u00e4\u00e4 ja kaikkea<br \/>\nmuutakin hyv\u00e4\u00e4 ja muistutan viel\u00e4 siit\u00e4 , ett\u00e4 muistakaahan olla kilttej\u00e4 ty\u00f6kavereillenne ja<br \/>\nyst\u00e4v\u00e4llisi\u00e4 kaikille muillekin\u2019.\u201d<br \/>\nyhteystietoja p\u00e4ivitet\u00e4\u00e4n<\/p>\n","protected":false},"featured_media":0,"comment_status":"open","ping_status":"closed","template":"","meta":[],"product_brand":[],"product_cat":[22],"product_tag":[],"class_list":{"0":"post-456","1":"product","2":"type-product","3":"status-publish","5":"product_cat-edut","7":"first","8":"instock","9":"shipping-taxable","10":"product-type-simple"},"_links":{"self":[{"href":"https:\/\/dev4.develope.fi\/dev\/hpcommerce\/index.php?rest_route=\/wp\/v2\/product\/456","targetHints":{"allow":["GET"]}}],"collection":[{"href":"https:\/\/dev4.develope.fi\/dev\/hpcommerce\/index.php?rest_route=\/wp\/v2\/product"}],"about":[{"href":"https:\/\/dev4.develope.fi\/dev\/hpcommerce\/index.php?rest_route=\/wp\/v2\/types\/product"}],"replies":[{"embeddable":true,"href":"https:\/\/dev4.develope.fi\/dev\/hpcommerce\/index.php?rest_route=%2Fwp%2Fv2%2Fcomments&post=456"}],"wp:attachment":[{"href":"https:\/\/dev4.develope.fi\/dev\/hpcommerce\/index.php?rest_route=%2Fwp%2Fv2%2Fmedia&parent=456"}],"wp:term":[{"taxonomy":"product_brand","embeddable":true,"href":"https:\/\/dev4.develope.fi\/dev\/hpcommerce\/index.php?rest_route=%2Fwp%2Fv2%2Fproduct_brand&post=456"},{"taxonomy":"product_cat","embeddable":true,"href":"https:\/\/dev4.develope.fi\/dev\/hpcommerce\/index.php?rest_route=%2Fwp%2Fv2%2Fproduct_cat&post=456"},{"taxonomy":"product_tag","embeddable":true,"href":"https:\/\/dev4.develope.fi\/dev\/hpcommerce\/index.php?rest_route=%2Fwp%2Fv2%2Fproduct_tag&post=456"}],"curies":[{"name":"wp","href":"https:\/\/api.w.org\/{rel}","templated":true}]}}