{"id":458,"date":"2022-04-11T01:08:20","date_gmt":"2022-04-10T22:08:20","guid":{"rendered":"https:\/\/dev4.develope.fi\/dev\/hpcommerce\/?post_type=product&#038;p=458"},"modified":"2022-04-18T16:54:29","modified_gmt":"2022-04-18T13:54:29","slug":"a1-muutot","status":"publish","type":"product","link":"https:\/\/dev4.develope.fi\/dev\/hpcommerce\/?product=a1-muutot","title":{"rendered":"A1 Muutot"},"content":{"rendered":"","protected":false},"excerpt":{"rendered":"<p><strong>Kuvassa Yritt\u00e4j\u00e4 Rafik Tevosyan<\/strong><\/p>\n<p><span style=\"color: #0000ff;\"><a style=\"color: #0000ff;\" href=\"http:\/\/www.a1muutot.net\">http:\/\/www.a1muutot.net<\/a><\/span><\/p>\n<p>Muuttopalvelua Jyv\u00e4skyl\u00e4st\u00e4 &#8211; l\u00e4helle ja kauas!<br \/>\nTeemme kotimuutot kaikkialle Suomeen ammattitaidolla, luotettavasti, aikataulussa pysyen,<br \/>\nnopeasti, turvallisesti ja edullisin hinnoin.<\/p>\n<p><strong>Yritysmuutot<\/strong><\/p>\n<p>Jokainen tekee, mit\u00e4 parhaiten osaa. Voit keskitty\u00e4 liiketoimintaasi rauhassa sill\u00e4 aikaa kun<br \/>\nteemme yritysmuuttosi vankalla ammattitaidolla. Meilt\u00e4 saat tarvittavan m\u00e4\u00e4r\u00e4n<br \/>\nmuuttolaatikoita, pakkaustarvikkeita ja muuttomiehi\u00e4 hyvin sujuvan muuton tekemiseen.<\/p>\n<p><strong>Muuttolaatikot<\/strong><br \/>\nSaat muuttolaatikot ja muut muuttotarvikkeet joko kotitoimituksilla tai itse hakien<br \/>\ntoimipaikastamme Ahjokatu 12, Sepp\u00e4l\u00e4n Liikekeskus.<\/p>\n<p>Palvelemme sopimuksen mukaan<br \/>\nmy\u00f6s viikonloppuisin. Soitathan ennen tuloasi.<\/p>\n<p><strong>Ota yhteytt\u00e4 ja kysy paras muuttotarjous ensin meilt\u00e4!<\/strong><\/p>\n<p><strong>Yhteystiedot<\/strong><\/p>\n<p><strong>A1 Muutot Oy<\/strong><br \/>\n<span style=\"color: #0000ff;\">Y-tunnus: 2831795-8<\/span><br \/>\n<span style=\"color: #0000ff;\">Ahjokatu 12, Sepp\u00e4l\u00e4n Liikekeskus<\/span><br \/>\n<span style=\"color: #0000ff;\">40320 JYV\u00c4SKYL\u00c4<\/span><br \/>\n<span style=\"color: #0000ff;\">+358 50 539 0559<\/span><br \/>\n<a href=\"mailto:aki@a1muutot.net\"><span style=\"color: #0000ff;\">aki@a1muutot.net<\/span><\/a><br \/>\n<span style=\"color: #0000ff;\"><a style=\"color: #0000ff;\" href=\"http:\/\/www.a1muutot.net\">www.a1muutot.net<\/a><\/span><\/p>\n","protected":false},"featured_media":0,"comment_status":"open","ping_status":"closed","template":"","meta":[],"product_brand":[],"product_cat":[22],"product_tag":[],"class_list":{"0":"post-458","1":"product","2":"type-product","3":"status-publish","5":"product_cat-edut","7":"first","8":"instock","9":"shipping-taxable","10":"product-type-simple"},"_links":{"self":[{"href":"https:\/\/dev4.develope.fi\/dev\/hpcommerce\/index.php?rest_route=\/wp\/v2\/product\/458","targetHints":{"allow":["GET"]}}],"collection":[{"href":"https:\/\/dev4.develope.fi\/dev\/hpcommerce\/index.php?rest_route=\/wp\/v2\/product"}],"about":[{"href":"https:\/\/dev4.develope.fi\/dev\/hpcommerce\/index.php?rest_route=\/wp\/v2\/types\/product"}],"replies":[{"embeddable":true,"href":"https:\/\/dev4.develope.fi\/dev\/hpcommerce\/index.php?rest_route=%2Fwp%2Fv2%2Fcomments&post=458"}],"wp:attachment":[{"href":"https:\/\/dev4.develope.fi\/dev\/hpcommerce\/index.php?rest_route=%2Fwp%2Fv2%2Fmedia&parent=458"}],"wp:term":[{"taxonomy":"product_brand","embeddable":true,"href":"https:\/\/dev4.develope.fi\/dev\/hpcommerce\/index.php?rest_route=%2Fwp%2Fv2%2Fproduct_brand&post=458"},{"taxonomy":"product_cat","embeddable":true,"href":"https:\/\/dev4.develope.fi\/dev\/hpcommerce\/index.php?rest_route=%2Fwp%2Fv2%2Fproduct_cat&post=458"},{"taxonomy":"product_tag","embeddable":true,"href":"https:\/\/dev4.develope.fi\/dev\/hpcommerce\/index.php?rest_route=%2Fwp%2Fv2%2Fproduct_tag&post=458"}],"curies":[{"name":"wp","href":"https:\/\/api.w.org\/{rel}","templated":true}]}}