{"id":460,"date":"2022-04-11T01:13:15","date_gmt":"2022-04-10T22:13:15","guid":{"rendered":"https:\/\/dev4.develope.fi\/dev\/hpcommerce\/?post_type=product&#038;p=460"},"modified":"2022-04-18T16:47:56","modified_gmt":"2022-04-18T13:47:56","slug":"teemun-talotekniikka-oy","status":"publish","type":"product","link":"https:\/\/dev4.develope.fi\/dev\/hpcommerce\/?product=teemun-talotekniikka-oy","title":{"rendered":"Teemun Talotekniikka Oy"},"content":{"rendered":"","protected":false},"excerpt":{"rendered":"<p><strong>Kuvassa yritt\u00e4j\u00e4 Teemu Remes<\/strong><\/p>\n<p><span style=\"color: #0000ff;\"><a style=\"color: #0000ff;\" href=\"http:\/\/www.teemuntalotekniikka.fi\">http:\/\/www.teemuntalotekniikka.fi<\/a><\/span><\/p>\n<p>LVIS -ty\u00f6t Jyv\u00e4skyl\u00e4ss\u00e4<br \/>\nEtsitk\u00f6 s\u00e4hk\u00f6- tai putkimiest\u00e4 Keski-Suomesta? Osuit juuri oikeaan paikkaan!<\/p>\n<p>Saat koko talosi talotekniikan yhden yrityksen kautta. Toimimme Jyv\u00e4skyl\u00e4ss\u00e4 ja l\u00e4hiseudulla, palvellen<br \/>\nKeski-Suomen Kansalaisia niin s\u00e4hk\u00f6- kuin putkit\u00f6iss\u00e4kin.<\/p>\n<p>Ty\u00f6t tehd\u00e4\u00e4n rivakasti, mutta laadukkaasti. Meill\u00e4 on hyv\u00e4 yhteishenki ja korkea ty\u00f6moraali.<\/p>\n<p><strong>Putkity\u00f6t<\/strong><\/p>\n<p>Rakennatko uutta kotia, autotallia tai muuta rakennusta, mutta sinulta puuttuu putkity\u00f6lle<br \/>\ntekij\u00e4?<br \/>\nMeill\u00e4 on laaja ja vahva kokemus LVI- ja putkit\u00f6ist\u00e4 ja meille hyv\u00e4 ty\u00f6nj\u00e4lki on ehdoton<br \/>\nkunnia-asia.<\/p>\n<p><strong>S\u00e4hk\u00f6ty\u00f6t<\/strong><\/p>\n<p>Meill\u00e4 on s\u00e4hk\u00f6t\u00f6ist\u00e4 ja muutenkin rakentamisesta vahva kokemus. Hyv\u00e4 ty\u00f6nj\u00e4lki on<br \/>\ntavaramerkkimme. Pistorasiat laitamme j\u00e4mptisti suoraan ja ty\u00f6n p\u00e4\u00e4tytty\u00e4 siistimme<br \/>\nj\u00e4lkemme.<\/p>\n<p><strong>YHTEYSTIEDOT<\/strong><\/p>\n<p><strong>TeeMun Talotekniikka Oy<\/strong><\/p>\n<p><span style=\"color: #0000ff;\">Laurinrinne 13<\/span><br \/>\n<span style=\"color: #0000ff;\">Vaajakoski<\/span><\/p>\n<p><span style=\"color: #0000ff;\"><a style=\"color: #0000ff;\" href=\"tel:0442747422\">044 274 7422<\/a><\/span><\/p>\n<p><span style=\"color: #0000ff;\"><a style=\"color: #0000ff;\" href=\"mailto:info@teemuntalotekniikka.fi\">info@teemuntalotekniikka.fi<\/a>\u00a0<\/span><\/p>\n","protected":false},"featured_media":0,"comment_status":"open","ping_status":"closed","template":"","meta":[],"product_brand":[],"product_cat":[22],"product_tag":[],"class_list":{"0":"post-460","1":"product","2":"type-product","3":"status-publish","5":"product_cat-edut","7":"first","8":"instock","9":"shipping-taxable","10":"product-type-simple"},"_links":{"self":[{"href":"https:\/\/dev4.develope.fi\/dev\/hpcommerce\/index.php?rest_route=\/wp\/v2\/product\/460","targetHints":{"allow":["GET"]}}],"collection":[{"href":"https:\/\/dev4.develope.fi\/dev\/hpcommerce\/index.php?rest_route=\/wp\/v2\/product"}],"about":[{"href":"https:\/\/dev4.develope.fi\/dev\/hpcommerce\/index.php?rest_route=\/wp\/v2\/types\/product"}],"replies":[{"embeddable":true,"href":"https:\/\/dev4.develope.fi\/dev\/hpcommerce\/index.php?rest_route=%2Fwp%2Fv2%2Fcomments&post=460"}],"wp:attachment":[{"href":"https:\/\/dev4.develope.fi\/dev\/hpcommerce\/index.php?rest_route=%2Fwp%2Fv2%2Fmedia&parent=460"}],"wp:term":[{"taxonomy":"product_brand","embeddable":true,"href":"https:\/\/dev4.develope.fi\/dev\/hpcommerce\/index.php?rest_route=%2Fwp%2Fv2%2Fproduct_brand&post=460"},{"taxonomy":"product_cat","embeddable":true,"href":"https:\/\/dev4.develope.fi\/dev\/hpcommerce\/index.php?rest_route=%2Fwp%2Fv2%2Fproduct_cat&post=460"},{"taxonomy":"product_tag","embeddable":true,"href":"https:\/\/dev4.develope.fi\/dev\/hpcommerce\/index.php?rest_route=%2Fwp%2Fv2%2Fproduct_tag&post=460"}],"curies":[{"name":"wp","href":"https:\/\/api.w.org\/{rel}","templated":true}]}}