{"id":462,"date":"2022-04-11T01:17:41","date_gmt":"2022-04-10T22:17:41","guid":{"rendered":"https:\/\/dev4.develope.fi\/dev\/hpcommerce\/?post_type=product&#038;p=462"},"modified":"2022-04-18T16:40:11","modified_gmt":"2022-04-18T13:40:11","slug":"akiri-oy","status":"publish","type":"product","link":"https:\/\/dev4.develope.fi\/dev\/hpcommerce\/?product=akiri-oy","title":{"rendered":"Akiri Oy"},"content":{"rendered":"","protected":false},"excerpt":{"rendered":"<p><strong>Kuvassa Tj. Jarkko Sepp\u00e4nen<\/strong><\/p>\n<p><span style=\"color: #0000ff;\"><a style=\"color: #0000ff;\" href=\"http:\/\/www.akiri.net\">http:\/\/www.akiri.net<\/a><\/span><\/p>\n<p><strong>JYV\u00c4SKYL\u00c4N SUURIN K\u00c4YTETTYJEN TIETOKONEIDEN J\u00c4LLEENMYYJ\u00c4<\/strong><\/p>\n<p>Akirista l\u00f6yd\u00e4t uudet ja k\u00e4ytetyt tietokoneet, kannettavat sek\u00e4 komponentit edullisesti.<br \/>\nMeill\u00e4 on my\u00f6s nopea ja asiantunteva tietokonehuolto. Tarvittaessa teemme my\u00f6s kotik\u00e4yntej\u00e4.<\/p>\n<p>Akiri on mukana yhteisess\u00e4 tavoitteessamme s\u00e4\u00e4st\u00e4\u00e4 luontoa turhalta kuormitukselta, ja sen<br \/>\nvuoksi otamme vastaan kierr\u00e4tett\u00e4vi\u00e4 atk-laitteita. Toiselle riitt\u00e4m\u00e4t\u00f6n tai tehoton laite voi toiselle<br \/>\nk\u00e4ytt\u00e4j\u00e4lle riitt\u00e4\u00e4 aivan mainiosti esimerkiksi nettikoneena.<\/p>\n<p>Varastostamme esim. erilaisia moottoreita, johtoja, elektroniikkakomponentteja jne. muita alaan<br \/>\nliittyvi\u00e4 tuotteita, joita kannattaa kysell\u00e4<\/p>\n<p><strong>TERVETULOA LIIKKEESEEMME<\/strong><\/p>\n<p><strong>YHTEYSTIEDOT<\/strong><\/p>\n<p><strong>Akiri Oy<\/strong><\/p>\n<p><span style=\"color: #0000ff;\">Huhtasuonkatu 2-4 Jyv\u00e4skyl\u00e4<\/span><br \/>\n<span style=\"color: #0000ff;\">E-mail: info@akiri.net<\/span><br \/>\n<span style=\"color: #0000ff;\"><a style=\"color: #0000ff;\" href=\"http:\/\/www.akiri.net\">http:\/\/www.akiri.net<\/a><\/span><br \/>\n<span style=\"color: #0000ff;\">Puh (014) 283 909<\/span><\/p>\n","protected":false},"featured_media":0,"comment_status":"open","ping_status":"closed","template":"","meta":[],"product_brand":[],"product_cat":[22],"product_tag":[],"class_list":{"0":"post-462","1":"product","2":"type-product","3":"status-publish","5":"product_cat-edut","7":"first","8":"instock","9":"shipping-taxable","10":"product-type-simple"},"_links":{"self":[{"href":"https:\/\/dev4.develope.fi\/dev\/hpcommerce\/index.php?rest_route=\/wp\/v2\/product\/462","targetHints":{"allow":["GET"]}}],"collection":[{"href":"https:\/\/dev4.develope.fi\/dev\/hpcommerce\/index.php?rest_route=\/wp\/v2\/product"}],"about":[{"href":"https:\/\/dev4.develope.fi\/dev\/hpcommerce\/index.php?rest_route=\/wp\/v2\/types\/product"}],"replies":[{"embeddable":true,"href":"https:\/\/dev4.develope.fi\/dev\/hpcommerce\/index.php?rest_route=%2Fwp%2Fv2%2Fcomments&post=462"}],"wp:attachment":[{"href":"https:\/\/dev4.develope.fi\/dev\/hpcommerce\/index.php?rest_route=%2Fwp%2Fv2%2Fmedia&parent=462"}],"wp:term":[{"taxonomy":"product_brand","embeddable":true,"href":"https:\/\/dev4.develope.fi\/dev\/hpcommerce\/index.php?rest_route=%2Fwp%2Fv2%2Fproduct_brand&post=462"},{"taxonomy":"product_cat","embeddable":true,"href":"https:\/\/dev4.develope.fi\/dev\/hpcommerce\/index.php?rest_route=%2Fwp%2Fv2%2Fproduct_cat&post=462"},{"taxonomy":"product_tag","embeddable":true,"href":"https:\/\/dev4.develope.fi\/dev\/hpcommerce\/index.php?rest_route=%2Fwp%2Fv2%2Fproduct_tag&post=462"}],"curies":[{"name":"wp","href":"https:\/\/api.w.org\/{rel}","templated":true}]}}