{"id":464,"date":"2022-04-11T01:24:52","date_gmt":"2022-04-10T22:24:52","guid":{"rendered":"https:\/\/dev4.develope.fi\/dev\/hpcommerce\/?post_type=product&#038;p=464"},"modified":"2022-04-18T16:31:57","modified_gmt":"2022-04-18T13:31:57","slug":"yliopistokadun-kukka-ja-hautaustoimisto-jyvaskyla","status":"publish","type":"product","link":"https:\/\/dev4.develope.fi\/dev\/hpcommerce\/?product=yliopistokadun-kukka-ja-hautaustoimisto-jyvaskyla","title":{"rendered":"Yliopistokadun Kukka ja Hautaustoimisto (Jyv\u00e4skyl\u00e4)"},"content":{"rendered":"","protected":false},"excerpt":{"rendered":"<p><strong>Kuvassa Tj. Joonas Pikkarainen.<\/strong><\/p>\n<p><span style=\"color: #0000ff;\"><a style=\"color: #0000ff;\" href=\"http:\/\/www.kukkajahautaustoimisto.fi\">http:\/\/www.kukkajahautaustoimisto.fi<\/a><\/span><\/p>\n<p>Yliopistonkadun Kukka- ja Hautaustoimisto palvelee Jyv\u00e4skyl\u00e4ss\u00e4 ja Tikkakoskella sek\u00e4<br \/>\nymp\u00e4ri Suomen<\/p>\n<p>Tarjoamme monipuoliset hautaustoimistopalvelut sek\u00e4 kauniit kukkalaitteet niin h\u00e4\u00e4juhliin<br \/>\nkuin hautajaisiinkin. Sijaitsemme Jyv\u00e4skyl\u00e4ss\u00e4 ja Tikkakoskella, mutta palvelemme<br \/>\nasiakkaitamme joustavasti koko Suomen alueella.<\/p>\n<p>Kukkakauppamme on toiminut hautaustoimiston rinnalla tiiviisti koko toimintamme ajan.<br \/>\nPalvelemme mahdollisimman laaja-alaisesti ja olemme mukana asiakkaidemme arjessa, niin<br \/>\nilossa kuin surussakin.<\/p>\n<p>Pitk\u00e4n ty\u00f6kokemuksemme tuomalla tietotaidolla osaamme palvella jokaista asiakastamme<br \/>\nasiantuntevasti ja asiakasl\u00e4ht\u00f6isesti. Meille jokainen asiakas on t\u00e4rke\u00e4 ja haluamme<br \/>\npanostaa asiakastyytyv\u00e4isyyteen<\/p>\n<p><strong>YHTEYSTIEDOT<\/strong><\/p>\n<p><span style=\"color: #0000ff;\">Yliopistonkatu 42 Jyv\u00e4skyl\u00e4<\/span><\/p>\n<p><span style=\"color: #0000ff;\">014 612 404<\/span><\/p>\n<p><span style=\"color: #0000ff;\">Joonas Pirkkanen<\/span><\/p>\n<p><span style=\"color: #0000ff;\">0400 640 231<\/span><\/p>\n<p><a href=\"mailto:joonas.pirkkanen@kukkajahautaustoimisto.fi\"><span style=\"color: #0000ff;\">joonas.pirkkanen@kukkajahautaustoimisto.fi<\/span><\/a><\/p>\n<p><span style=\"color: #0000ff;\"><a style=\"color: #0000ff;\" href=\"http:\/\/www.kukkajahautaustoimisto.fi\">http:\/\/www.kukkajahautaustoimisto.fi<\/a><\/span><\/p>\n","protected":false},"featured_media":0,"comment_status":"open","ping_status":"closed","template":"","meta":[],"product_brand":[],"product_cat":[22],"product_tag":[],"class_list":{"0":"post-464","1":"product","2":"type-product","3":"status-publish","5":"product_cat-edut","7":"first","8":"instock","9":"shipping-taxable","10":"product-type-simple"},"_links":{"self":[{"href":"https:\/\/dev4.develope.fi\/dev\/hpcommerce\/index.php?rest_route=\/wp\/v2\/product\/464","targetHints":{"allow":["GET"]}}],"collection":[{"href":"https:\/\/dev4.develope.fi\/dev\/hpcommerce\/index.php?rest_route=\/wp\/v2\/product"}],"about":[{"href":"https:\/\/dev4.develope.fi\/dev\/hpcommerce\/index.php?rest_route=\/wp\/v2\/types\/product"}],"replies":[{"embeddable":true,"href":"https:\/\/dev4.develope.fi\/dev\/hpcommerce\/index.php?rest_route=%2Fwp%2Fv2%2Fcomments&post=464"}],"wp:attachment":[{"href":"https:\/\/dev4.develope.fi\/dev\/hpcommerce\/index.php?rest_route=%2Fwp%2Fv2%2Fmedia&parent=464"}],"wp:term":[{"taxonomy":"product_brand","embeddable":true,"href":"https:\/\/dev4.develope.fi\/dev\/hpcommerce\/index.php?rest_route=%2Fwp%2Fv2%2Fproduct_brand&post=464"},{"taxonomy":"product_cat","embeddable":true,"href":"https:\/\/dev4.develope.fi\/dev\/hpcommerce\/index.php?rest_route=%2Fwp%2Fv2%2Fproduct_cat&post=464"},{"taxonomy":"product_tag","embeddable":true,"href":"https:\/\/dev4.develope.fi\/dev\/hpcommerce\/index.php?rest_route=%2Fwp%2Fv2%2Fproduct_tag&post=464"}],"curies":[{"name":"wp","href":"https:\/\/api.w.org\/{rel}","templated":true}]}}