{"id":466,"date":"2022-04-11T01:26:19","date_gmt":"2022-04-10T22:26:19","guid":{"rendered":"https:\/\/dev4.develope.fi\/dev\/hpcommerce\/?post_type=product&#038;p=466"},"modified":"2022-04-18T16:27:01","modified_gmt":"2022-04-18T13:27:01","slug":"yliopistonkadun-kukka-ja-hautaustoimisto-tikkakoski","status":"publish","type":"product","link":"https:\/\/dev4.develope.fi\/dev\/hpcommerce\/?product=yliopistonkadun-kukka-ja-hautaustoimisto-tikkakoski","title":{"rendered":"Yliopistonkadun Kukka ja Hautaustoimisto (Tikkakoski)"},"content":{"rendered":"","protected":false},"excerpt":{"rendered":"<p><strong>Kuvassa Tj. Joonas Pikkarainen.<\/strong><\/p>\n<p><span style=\"color: #0000ff;\"><a style=\"color: #0000ff;\" href=\"http:\/\/www.kukkajahautaustoimisto.fi\">http:\/\/www.kukkajahautaustoimisto.fi<\/a><\/span><\/p>\n<p>Yliopistonkadun Kukka- ja Hautaustoimisto palvelee Tikkakoskella ja Jyv\u00e4skyl\u00e4ss\u00e4 sek\u00e4<br \/>\nymp\u00e4ri Suomen<br \/>\nTarjoamme monipuoliset hautaustoimistopalvelut sek\u00e4 kauniit kukkalaitteet niin h\u00e4\u00e4juhliin<br \/>\nkuin hautajaisiinkin. Sijaitsemme Tikkakoskella, mutta palvelemme<br \/>\nasiakkaitamme joustavasti koko Suomen alueella.<br \/>\nKukkakauppamme on toiminut hautaustoimiston rinnalla tiiviisti koko toimintamme ajan.<br \/>\nPalvelemme mahdollisimman laaja-alaisesti ja olemme mukana asiakkaidemme arjessa, niin<br \/>\nilossa kuin surussakin.<br \/>\nPitk\u00e4n ty\u00f6kokemuksemme tuomalla tietotaidolla osaamme palvella jokaista asiakastamme<br \/>\nasiantuntevasti ja asiakasl\u00e4ht\u00f6isesti. Meille jokainen asiakas on t\u00e4rke\u00e4 ja haluamme<br \/>\npanostaa asiakastyytyv\u00e4isyyteen<\/p>\n<p><strong>YHTEYSTIEDOT<\/strong><\/p>\n<p><strong>Tikkakosken Hautaustoimisto<\/strong><\/p>\n<div id=\"m1847\" class=\"module text\">\n<p class=\"bodytext\"><span style=\"color: #0000ff;\">Kirkkokatu 1<\/span><\/p>\n<p class=\"bodytext\"><span style=\"color: #0000ff;\">41160 Tikkakoski<\/span><\/p>\n<p class=\"bodytext\"><span style=\"color: #0000ff;\"><a style=\"color: #0000ff;\" href=\"tel:+358400640231\" data-track-event=\"click\" data-track-action=\"phone_link\">0400 640 231<\/a><\/span><\/p>\n<p class=\"bodytext\"><strong>Avoinna sopimuksen mukaan.<\/strong><\/p>\n<\/div>\n<div class=\"module text\">\n<p class=\"bodytext\"><span style=\"color: #0000ff;\">\u00a0<a style=\"color: #0000ff;\" href=\"mailto:mailto:info@kukkajahautaustoimisto.fi\" data-track-event=\"click\" data-track-action=\"email_link\">info@kukkajahautaustoimisto.fi<\/a><\/span><\/p>\n<\/div>\n<p><span style=\"color: #0000ff;\"><a style=\"color: #0000ff;\" href=\"http:\/\/www.kukkajahautaustoimisto.fi\">http:\/\/www.kukkajahautaustoimisto.fi<\/a><\/span><\/p>\n","protected":false},"featured_media":0,"comment_status":"open","ping_status":"closed","template":"","meta":[],"product_brand":[],"product_cat":[22],"product_tag":[],"class_list":{"0":"post-466","1":"product","2":"type-product","3":"status-publish","5":"product_cat-edut","7":"first","8":"instock","9":"shipping-taxable","10":"product-type-simple"},"_links":{"self":[{"href":"https:\/\/dev4.develope.fi\/dev\/hpcommerce\/index.php?rest_route=\/wp\/v2\/product\/466","targetHints":{"allow":["GET"]}}],"collection":[{"href":"https:\/\/dev4.develope.fi\/dev\/hpcommerce\/index.php?rest_route=\/wp\/v2\/product"}],"about":[{"href":"https:\/\/dev4.develope.fi\/dev\/hpcommerce\/index.php?rest_route=\/wp\/v2\/types\/product"}],"replies":[{"embeddable":true,"href":"https:\/\/dev4.develope.fi\/dev\/hpcommerce\/index.php?rest_route=%2Fwp%2Fv2%2Fcomments&post=466"}],"wp:attachment":[{"href":"https:\/\/dev4.develope.fi\/dev\/hpcommerce\/index.php?rest_route=%2Fwp%2Fv2%2Fmedia&parent=466"}],"wp:term":[{"taxonomy":"product_brand","embeddable":true,"href":"https:\/\/dev4.develope.fi\/dev\/hpcommerce\/index.php?rest_route=%2Fwp%2Fv2%2Fproduct_brand&post=466"},{"taxonomy":"product_cat","embeddable":true,"href":"https:\/\/dev4.develope.fi\/dev\/hpcommerce\/index.php?rest_route=%2Fwp%2Fv2%2Fproduct_cat&post=466"},{"taxonomy":"product_tag","embeddable":true,"href":"https:\/\/dev4.develope.fi\/dev\/hpcommerce\/index.php?rest_route=%2Fwp%2Fv2%2Fproduct_tag&post=466"}],"curies":[{"name":"wp","href":"https:\/\/api.w.org\/{rel}","templated":true}]}}