{"id":468,"date":"2022-04-11T01:48:32","date_gmt":"2022-04-10T22:48:32","guid":{"rendered":"https:\/\/dev4.develope.fi\/dev\/hpcommerce\/?post_type=product&#038;p=468"},"modified":"2022-04-18T21:13:28","modified_gmt":"2022-04-18T18:13:28","slug":"filmiyhtio-optipari-oy","status":"publish","type":"product","link":"https:\/\/dev4.develope.fi\/dev\/hpcommerce\/?product=filmiyhtio-optipari-oy","title":{"rendered":"Filmiyhti\u00f6 Optipari Oy"},"content":{"rendered":"","protected":false},"excerpt":{"rendered":"<p><strong>Kuvassa Tj. Tuukka Temonen.<\/strong><\/p>\n<p><span style=\"color: #0000ff;\"><a style=\"color: #0000ff;\" href=\"http:\/\/www.optipari.fi\">http:\/\/www.optipari.fi<\/a><\/span><\/p>\n<p>Optipari on t\u00e4yden palvelun videotoimisto. Meilt\u00e4 voit tilata videon t\u00e4ysin \u201davaimet k\u00e4teen\u201d &#8211;<br \/>\nperiaatteella. Yksik\u00e4\u00e4n projekti ei ole meille liian suuri tai pieni.<\/p>\n<p>Optiparin osaava ja kokenut tekij\u00e4kaarti vastaa jokaisesta projektista. Tuotamme laadukasta<br \/>\nkuvaa ja ilmaisua modernilla kalustolla.<\/p>\n<p><strong>YRITYSVIDEOT<\/strong><\/p>\n<p>Erotu joukosta, me autamme siin\u00e4.<\/p>\n<p>Jokainen moderni yritys tarvitsee itselleen filmin. T\u00e4ss\u00e4 ajassa neliv\u00e4riesitteet ja pelk\u00e4t nettisivut eiv\u00e4t riit\u00e4. Menestyv\u00e4 yritys viestii monin keinoin. Liikkuva kuva on kaikkialla, se on helppo vastaanottaa, levitt\u00e4\u00e4 eteenp\u00e4in ja se j\u00e4\u00e4 mieleen. Ideoimme ja k\u00e4sikirjoitamme filmit yhteisty\u00f6ss\u00e4 asiakkaamme kanssa. Onnistunut filmi lis\u00e4\u00e4 yrityksen arvoa, erottaa kilpailijoista, el\u00e4\u00e4 pitk\u00e4\u00e4n ja j\u00e4\u00e4 historiaan. Teemme my\u00f6s ohjelmayhteisty\u00f6minisarjoja mm. Liv&amp;Learn formattiin.<\/p>\n<p><strong>MAINOSFILMIT<\/strong><\/p>\n<p>Hyv\u00e4 mainos myy. Me teemme sellaisia.<\/p>\n<p><strong>TV-TUOTANTO<\/strong><\/p>\n<p>Kosketamme katsojia juuri niin kuin haluamme.<\/p>\n<p><strong>MUSAVIDEOT<\/strong><\/p>\n<p>Tehdyt 100 musavideota puhuvat puolesta<\/p>\n<p><strong>ELOKUVAT<\/strong><\/p>\n<p><strong>J\u00c4LKITUOTANTO<\/strong><\/p>\n<p>Viimeistelty ty\u00f6 varmistaa halutun el\u00e4myksen.<\/p>\n<p><strong>DCP PAKKAUKSET<\/strong><br \/>\n\u201dDigital Cinema Package\u201d on ainoa tapa toimittaa elokuvia teattereihin.<\/p>\n<p><strong>IHMISET<\/strong><\/p>\n<p>Optiparin tuotannoista vastaa aina yhdess\u00e4 pitk\u00e4\u00e4n t\u00f6it\u00e4 tehnyt ty\u00f6ryhm\u00e4. T\u00e4m\u00e4 takaa joustavat<br \/>\nja ripe\u00e4t aikataulut sek\u00e4 korkean laadun. Vakituisen tiimin lis\u00e4ksi k\u00e4yt\u00e4mme tuotantoihin my\u00f6s<br \/>\nmuita alan huipputekij\u00f6it\u00e4<\/p>\n<p><strong>TILAT<\/strong><\/p>\n<p>Optiparilla on 750 m2:n tuotantotilat It\u00e4-Helsingin Vartiokyl\u00e4ss\u00e4.<br \/>\nStudio ja kalusto ovat my\u00f6s vuokrattavissa ammattilaisk\u00e4ytt\u00f6\u00f6n.<\/p>\n<p><strong>OTA YHTEYTT\u00c4<\/strong><\/p>\n<p><strong>OPTIPARI OY<\/strong><br \/>\n<span style=\"color: #0000ff;\">Linnanherrankuja 3 C<\/span><br \/>\n<span style=\"color: #0000ff;\">00950 Helsinki<\/span><br \/>\n<span style=\"color: #0000ff;\">Tuukka Temonen<\/span><br \/>\n<span style=\"color: #0000ff;\">tuukka@optipari.fi<\/span><br \/>\n<span style=\"color: #0000ff;\"><a style=\"color: #0000ff;\" href=\"http:\/\/www.optipari.fi\">http:\/\/www.optipari.fi<\/a><\/span><\/p>\n","protected":false},"featured_media":0,"comment_status":"open","ping_status":"closed","template":"","meta":[],"product_brand":[],"product_cat":[22],"product_tag":[],"class_list":{"0":"post-468","1":"product","2":"type-product","3":"status-publish","5":"product_cat-edut","7":"first","8":"instock","9":"shipping-taxable","10":"product-type-simple"},"_links":{"self":[{"href":"https:\/\/dev4.develope.fi\/dev\/hpcommerce\/index.php?rest_route=\/wp\/v2\/product\/468","targetHints":{"allow":["GET"]}}],"collection":[{"href":"https:\/\/dev4.develope.fi\/dev\/hpcommerce\/index.php?rest_route=\/wp\/v2\/product"}],"about":[{"href":"https:\/\/dev4.develope.fi\/dev\/hpcommerce\/index.php?rest_route=\/wp\/v2\/types\/product"}],"replies":[{"embeddable":true,"href":"https:\/\/dev4.develope.fi\/dev\/hpcommerce\/index.php?rest_route=%2Fwp%2Fv2%2Fcomments&post=468"}],"wp:attachment":[{"href":"https:\/\/dev4.develope.fi\/dev\/hpcommerce\/index.php?rest_route=%2Fwp%2Fv2%2Fmedia&parent=468"}],"wp:term":[{"taxonomy":"product_brand","embeddable":true,"href":"https:\/\/dev4.develope.fi\/dev\/hpcommerce\/index.php?rest_route=%2Fwp%2Fv2%2Fproduct_brand&post=468"},{"taxonomy":"product_cat","embeddable":true,"href":"https:\/\/dev4.develope.fi\/dev\/hpcommerce\/index.php?rest_route=%2Fwp%2Fv2%2Fproduct_cat&post=468"},{"taxonomy":"product_tag","embeddable":true,"href":"https:\/\/dev4.develope.fi\/dev\/hpcommerce\/index.php?rest_route=%2Fwp%2Fv2%2Fproduct_tag&post=468"}],"curies":[{"name":"wp","href":"https:\/\/api.w.org\/{rel}","templated":true}]}}