{"id":473,"date":"2022-04-11T01:59:07","date_gmt":"2022-04-10T22:59:07","guid":{"rendered":"https:\/\/dev4.develope.fi\/dev\/hpcommerce\/?post_type=product&#038;p=473"},"modified":"2022-04-18T15:39:14","modified_gmt":"2022-04-18T12:39:14","slug":"tm-savotta-oy","status":"publish","type":"product","link":"https:\/\/dev4.develope.fi\/dev\/hpcommerce\/?product=tm-savotta-oy","title":{"rendered":"TM Savotta Oy"},"content":{"rendered":"","protected":false},"excerpt":{"rendered":"<p><strong>Kuvassa Tj. Tuomas Murdoch.<\/strong><\/p>\n<p><span style=\"color: #0000ff;\"><a style=\"color: #0000ff;\" href=\"http:\/\/www.tmsavotta.fi\">http:\/\/www.tmsavotta.fi<\/a><\/span><\/p>\n<p>PUUSTOSI ARVON VARTIJA<\/p>\n<p>VAIKEIDEN PUIDEN KAATOA AMMATTITAIDOLLA<\/p>\n<p>-Puuston poisto ja ongelmapuiden kaato haastavissa kohteissa.<\/p>\n<p>ONGELMAKANTOJEN JYRSINT\u00c4 L\u00c4HES J\u00c4LKI\u00c4 J\u00c4TT\u00c4M\u00c4TT\u00c4<\/p>\n<p>Koneellinen ongelmakantojen ja pintajuuriston poisto ymp\u00e4rist\u00f6\u00e4 s\u00e4\u00e4st\u00e4en.<\/p>\n<p>TONTTIHAKKUUT JA PUUSTON S\u00c4ILYTT\u00c4MISEN ARVIOINTI<\/p>\n<p>Puuston poisto rakennuskohteista.<\/p>\n<p>PUIDEN HOITOLEIKKAUKSET<\/p>\n<p>Puuston kuntoarvio ja hoitotoimenpiteiden suunnittelu kohteeseesi r\u00e4\u00e4t\u00e4l\u00f6ityn\u00e4.<\/p>\n<p>Puiden korjuu, oksien ja runkojen katkominen ja poiskuljetus.<\/p>\n<p>RAIVAUSTY\u00d6T VARMASTI JA TURVALLISESTI<\/p>\n<p><strong>OTA YHTEYTT\u00c4<\/strong><\/p>\n<p><strong>KERRO KOHTEESTASI JA J\u00c4T\u00c4 TARJOUSPYYNT\u00d6<\/strong><\/p>\n<p><span style=\"color: #0000ff;\">0452078135<\/span><\/p>\n<p>TM Savotta Oy<\/p>\n<p><span style=\"color: #0000ff;\"><a style=\"color: #0000ff;\" href=\"http:\/\/www.tmsavotta.fi\">http:\/\/www.tmsavotta.fi<\/a><\/span><\/p>\n","protected":false},"featured_media":0,"comment_status":"open","ping_status":"closed","template":"","meta":[],"product_brand":[],"product_cat":[22],"product_tag":[],"class_list":{"0":"post-473","1":"product","2":"type-product","3":"status-publish","5":"product_cat-edut","7":"first","8":"instock","9":"shipping-taxable","10":"product-type-simple"},"_links":{"self":[{"href":"https:\/\/dev4.develope.fi\/dev\/hpcommerce\/index.php?rest_route=\/wp\/v2\/product\/473","targetHints":{"allow":["GET"]}}],"collection":[{"href":"https:\/\/dev4.develope.fi\/dev\/hpcommerce\/index.php?rest_route=\/wp\/v2\/product"}],"about":[{"href":"https:\/\/dev4.develope.fi\/dev\/hpcommerce\/index.php?rest_route=\/wp\/v2\/types\/product"}],"replies":[{"embeddable":true,"href":"https:\/\/dev4.develope.fi\/dev\/hpcommerce\/index.php?rest_route=%2Fwp%2Fv2%2Fcomments&post=473"}],"wp:attachment":[{"href":"https:\/\/dev4.develope.fi\/dev\/hpcommerce\/index.php?rest_route=%2Fwp%2Fv2%2Fmedia&parent=473"}],"wp:term":[{"taxonomy":"product_brand","embeddable":true,"href":"https:\/\/dev4.develope.fi\/dev\/hpcommerce\/index.php?rest_route=%2Fwp%2Fv2%2Fproduct_brand&post=473"},{"taxonomy":"product_cat","embeddable":true,"href":"https:\/\/dev4.develope.fi\/dev\/hpcommerce\/index.php?rest_route=%2Fwp%2Fv2%2Fproduct_cat&post=473"},{"taxonomy":"product_tag","embeddable":true,"href":"https:\/\/dev4.develope.fi\/dev\/hpcommerce\/index.php?rest_route=%2Fwp%2Fv2%2Fproduct_tag&post=473"}],"curies":[{"name":"wp","href":"https:\/\/api.w.org\/{rel}","templated":true}]}}