{"id":477,"date":"2022-04-11T02:08:05","date_gmt":"2022-04-10T23:08:05","guid":{"rendered":"https:\/\/dev4.develope.fi\/dev\/hpcommerce\/?post_type=product&#038;p=477"},"modified":"2022-04-18T15:24:12","modified_gmt":"2022-04-18T12:24:12","slug":"nuohous-ja-ilmastointipalvelu-raty","status":"publish","type":"product","link":"https:\/\/dev4.develope.fi\/dev\/hpcommerce\/?product=nuohous-ja-ilmastointipalvelu-raty","title":{"rendered":"Nuohous ja Ilmastointipalvelu R\u00e4ty"},"content":{"rendered":"","protected":false},"excerpt":{"rendered":"<p><strong>Kuvassa yritt\u00e4j\u00e4 Harri R\u00e4ty.<\/strong><\/p>\n<p><span style=\"color: #0000ff;\"><a style=\"color: #0000ff;\" href=\"http:\/\/www.nuohousjailmastointipalveluraty.fi\">http:\/\/www.nuohousjailmastointipalveluraty.fi<\/a><\/span><\/p>\n<p>Nuohous- ja ilmastointialan ammattilaiset palveluksessasi!<br \/>\nNuohous- ja Ilmastointipalvelu R\u00e4ty on vankan kokemuksen omaava nuohous- ja<br \/>\nilmastointialan yritys Jyv\u00e4skyl\u00e4ss\u00e4 ja ilmastointit\u00f6iden osalta toimimme laajemmallakin<br \/>\nalueella Keski-Suomessa.<br \/>\nTulisija- ja savuhormien kuntotarkastukset<br \/>\nOlemme Paloturvallisuusmestareita. Nuohousalan Keskusliiton kautta yrityksemme<br \/>\nty\u00f6ntekij\u00e4t ovat kouluttautuneet tulisijojen ja savuhormien kunto- ja asennustarkastukseen<br \/>\nerikoistuneiksi nuohoojiksi.<br \/>\nIlmastointi ja sis\u00e4ilmahuolto<br \/>\nIlmanvaihtokanavien s\u00e4\u00e4t\u00f6<br \/>\nIlmanvaihtokanavien puhdistus<\/p>\n<p><strong>Yhteystiedot<\/strong><\/p>\n<p>Nuohous- ja Ilmastointipalvelu R\u00e4ty<\/p>\n<p><strong>Pyyd\u00e4 tarjous soittamalla numeroon<\/strong> <span style=\"color: #0000ff;\">0500 548 882<\/span> <strong>tai j\u00e4t\u00e4 yhteydenottopyynt\u00f6<\/strong><\/p>\n<p><span style=\"color: #0000ff;\"><a style=\"color: #0000ff;\" href=\"http:\/\/www.nuohousjailmastointipalveluraty.fi\">http:\/\/www.nuohousjailmastointipalveluraty.fi<\/a><\/span><\/p>\n<p>Harri R\u00e4ty<br \/>\nNuohoojamestari<\/p>\n<p><span style=\"color: #0000ff;\">Uimarannantie 7 A 1<\/span><br \/>\n<span style=\"color: #0000ff;\">40520 Jyv\u00e4skyl\u00e4<\/span><\/p>\n<p><span style=\"color: #0000ff;\">0500-548882<\/span><\/p>\n<p><span style=\"color: #0000ff;\">yhteydenotot@nuohousjailmastointipalveluraty.fi<\/span><\/p>\n","protected":false},"featured_media":0,"comment_status":"open","ping_status":"closed","template":"","meta":[],"product_brand":[],"product_cat":[22],"product_tag":[],"class_list":{"0":"post-477","1":"product","2":"type-product","3":"status-publish","5":"product_cat-edut","7":"first","8":"instock","9":"shipping-taxable","10":"product-type-simple"},"_links":{"self":[{"href":"https:\/\/dev4.develope.fi\/dev\/hpcommerce\/index.php?rest_route=\/wp\/v2\/product\/477","targetHints":{"allow":["GET"]}}],"collection":[{"href":"https:\/\/dev4.develope.fi\/dev\/hpcommerce\/index.php?rest_route=\/wp\/v2\/product"}],"about":[{"href":"https:\/\/dev4.develope.fi\/dev\/hpcommerce\/index.php?rest_route=\/wp\/v2\/types\/product"}],"replies":[{"embeddable":true,"href":"https:\/\/dev4.develope.fi\/dev\/hpcommerce\/index.php?rest_route=%2Fwp%2Fv2%2Fcomments&post=477"}],"wp:attachment":[{"href":"https:\/\/dev4.develope.fi\/dev\/hpcommerce\/index.php?rest_route=%2Fwp%2Fv2%2Fmedia&parent=477"}],"wp:term":[{"taxonomy":"product_brand","embeddable":true,"href":"https:\/\/dev4.develope.fi\/dev\/hpcommerce\/index.php?rest_route=%2Fwp%2Fv2%2Fproduct_brand&post=477"},{"taxonomy":"product_cat","embeddable":true,"href":"https:\/\/dev4.develope.fi\/dev\/hpcommerce\/index.php?rest_route=%2Fwp%2Fv2%2Fproduct_cat&post=477"},{"taxonomy":"product_tag","embeddable":true,"href":"https:\/\/dev4.develope.fi\/dev\/hpcommerce\/index.php?rest_route=%2Fwp%2Fv2%2Fproduct_tag&post=477"}],"curies":[{"name":"wp","href":"https:\/\/api.w.org\/{rel}","templated":true}]}}