{"id":479,"date":"2022-04-11T02:11:48","date_gmt":"2022-04-10T23:11:48","guid":{"rendered":"https:\/\/dev4.develope.fi\/dev\/hpcommerce\/?post_type=product&#038;p=479"},"modified":"2022-04-18T15:17:22","modified_gmt":"2022-04-18T12:17:22","slug":"harjun-kukka-ja-hautauspalvelu","status":"publish","type":"product","link":"https:\/\/dev4.develope.fi\/dev\/hpcommerce\/?product=harjun-kukka-ja-hautauspalvelu","title":{"rendered":"Harjun kukka ja hautauspalvelu"},"content":{"rendered":"","protected":false},"excerpt":{"rendered":"<p><strong>Kuvassa Tj. Tarja Mura.<\/strong><\/p>\n<p><span style=\"color: #0000ff;\"><a style=\"color: #0000ff;\" href=\"http:\/\/www.harjunkukka.fi\">http:\/\/www.harjunkukka.fi<\/a><\/span><\/p>\n<p>Liikkeemme toimii avarissa ja valoisissa tiloissa Tampereen Kaarilassa Harjun koulun<br \/>\nvieress\u00e4 Nokiantien varrella.<br \/>\nMeille on helppo tulla, maksutonta parkkitilaa on aivan liikkeemme edess\u00e4.<br \/>\nOlemme erikoistuneet hautauspalveluihin sek\u00e4 sidontat\u00f6ihin, ja meill\u00e4 on runsas valikoima<br \/>\nmy\u00f6s leikkokukkia sek\u00e4 viherkasveja.<br \/>\nHarjun kukassa kukitetaan el\u00e4m\u00e4n t\u00e4rkeimpi\u00e4 hetki\u00e4. Kukilla kerrotaan tunteista, v\u00e4litet\u00e4\u00e4n<br \/>\nosanottoa ja kaunistetaan juhlat. Pihaa ja puutarhaa ei my\u00f6sk\u00e4\u00e4n unohdeta, vaan kes\u00e4ll\u00e4<br \/>\nvalikoimissamme on kes\u00e4kukkia, yrttej\u00e4, perennoja, taimia ja havuja.<\/p>\n<p><strong>Tervetuloa!<\/strong><\/p>\n<p><strong>Puhelin<\/strong><\/p>\n<p><span style=\"color: #0000ff;\">033440592<\/span><\/p>\n<p><strong>S\u00e4hk\u00f6posti<\/strong><\/p>\n<p><span style=\"color: #0000ff;\">kukat@harjunkukka.fi<\/span><\/p>\n<p><strong>Osoite<\/strong><\/p>\n<p><span style=\"color: #0000ff;\">Nokiantie 24, 33300 Tampere<\/span><\/p>\n<p><span style=\"color: #0000ff;\">P\u00e4ivystysnumero<\/span><\/p>\n<p><span style=\"color: #0000ff;\">+358 400 861000<\/span><\/p>\n<p><span style=\"color: #0000ff;\"><a style=\"color: #0000ff;\" href=\"http:\/\/www.harjunkukka.fi\">http:\/\/www.harjunkukka.fi<\/a><\/span><\/p>\n","protected":false},"featured_media":0,"comment_status":"open","ping_status":"closed","template":"","meta":[],"product_brand":[],"product_cat":[22],"product_tag":[],"class_list":{"0":"post-479","1":"product","2":"type-product","3":"status-publish","5":"product_cat-edut","7":"first","8":"instock","9":"shipping-taxable","10":"product-type-simple"},"_links":{"self":[{"href":"https:\/\/dev4.develope.fi\/dev\/hpcommerce\/index.php?rest_route=\/wp\/v2\/product\/479","targetHints":{"allow":["GET"]}}],"collection":[{"href":"https:\/\/dev4.develope.fi\/dev\/hpcommerce\/index.php?rest_route=\/wp\/v2\/product"}],"about":[{"href":"https:\/\/dev4.develope.fi\/dev\/hpcommerce\/index.php?rest_route=\/wp\/v2\/types\/product"}],"replies":[{"embeddable":true,"href":"https:\/\/dev4.develope.fi\/dev\/hpcommerce\/index.php?rest_route=%2Fwp%2Fv2%2Fcomments&post=479"}],"wp:attachment":[{"href":"https:\/\/dev4.develope.fi\/dev\/hpcommerce\/index.php?rest_route=%2Fwp%2Fv2%2Fmedia&parent=479"}],"wp:term":[{"taxonomy":"product_brand","embeddable":true,"href":"https:\/\/dev4.develope.fi\/dev\/hpcommerce\/index.php?rest_route=%2Fwp%2Fv2%2Fproduct_brand&post=479"},{"taxonomy":"product_cat","embeddable":true,"href":"https:\/\/dev4.develope.fi\/dev\/hpcommerce\/index.php?rest_route=%2Fwp%2Fv2%2Fproduct_cat&post=479"},{"taxonomy":"product_tag","embeddable":true,"href":"https:\/\/dev4.develope.fi\/dev\/hpcommerce\/index.php?rest_route=%2Fwp%2Fv2%2Fproduct_tag&post=479"}],"curies":[{"name":"wp","href":"https:\/\/api.w.org\/{rel}","templated":true}]}}