{"id":483,"date":"2022-04-11T02:21:39","date_gmt":"2022-04-10T23:21:39","guid":{"rendered":"https:\/\/dev4.develope.fi\/dev\/hpcommerce\/?post_type=product&#038;p=483"},"modified":"2022-04-18T15:07:43","modified_gmt":"2022-04-18T12:07:43","slug":"radiokulma-oy","status":"publish","type":"product","link":"https:\/\/dev4.develope.fi\/dev\/hpcommerce\/?product=radiokulma-oy","title":{"rendered":"Radiokulma Oy"},"content":{"rendered":"","protected":false},"excerpt":{"rendered":"<p><strong>Kuvassa Tj. Tommi Karinam\u00e4ki.<\/strong><\/p>\n<p><span style=\"color: #0000ff;\"><a style=\"color: #0000ff;\" href=\"http:\/\/www.radiokulma.fi\">http:\/\/www.radiokulma.fi<\/a><\/span><\/p>\n<p>Radiokulma myy \u00e4\u00e4nentoistolaitteita Tampereella ja verkkokaupassa. Audiohifi,<br \/>\nkotihifi, bluetooth kaiuttimet, kuulokkeet, TV\/videolaitteet, PA-laitteet ja karaoke<br \/>\nAutohifien asennus. Suunnittelemme ja toteutamme autokohtaiset<br \/>\n\u00e4\u00e4nentoistoj\u00e4rjestelm\u00e4t, kysy tarjous! Meill\u00e4 on nykyaikainen ja iso asennushalli,<br \/>\njossa pystymme toteuttamaan asennukset kaiken kokoisiin ajoneuvoihin<br \/>\nmopoautoista asuntoautoihin!<br \/>\nVerkkokauppamme palvelee teit\u00e4 24\/7 toimitamme koko suomeen Postilla tai<br \/>\nMatkahuollolla. Toimitus maksun kirjautumisesta 1-2 ty\u00f6p\u00e4iv\u00e4\u00e4<br \/>\nTervetuloa liikkeeseemme<\/p>\n<p><strong>YHTEYSTIEDOT<\/strong><\/p>\n<p><span style=\"color: #0000ff;\">SATAMAKATU 2 TAMPERE<\/span><\/p>\n<p><span style=\"color: #0000ff;\"><a style=\"color: #0000ff;\" href=\"https:\/\/www.radiokulma.fi\">https:\/\/www.radiokulma.fi<\/a><\/span><\/p>\n<p><span style=\"color: #0000ff;\">myynti@radiokulma.fi<\/span><\/p>\n<p><span style=\"color: #0000ff;\">03 2140222<\/span><\/p>\n","protected":false},"featured_media":0,"comment_status":"open","ping_status":"closed","template":"","meta":[],"product_brand":[],"product_cat":[22],"product_tag":[],"class_list":{"0":"post-483","1":"product","2":"type-product","3":"status-publish","5":"product_cat-edut","7":"first","8":"instock","9":"shipping-taxable","10":"product-type-simple"},"_links":{"self":[{"href":"https:\/\/dev4.develope.fi\/dev\/hpcommerce\/index.php?rest_route=\/wp\/v2\/product\/483","targetHints":{"allow":["GET"]}}],"collection":[{"href":"https:\/\/dev4.develope.fi\/dev\/hpcommerce\/index.php?rest_route=\/wp\/v2\/product"}],"about":[{"href":"https:\/\/dev4.develope.fi\/dev\/hpcommerce\/index.php?rest_route=\/wp\/v2\/types\/product"}],"replies":[{"embeddable":true,"href":"https:\/\/dev4.develope.fi\/dev\/hpcommerce\/index.php?rest_route=%2Fwp%2Fv2%2Fcomments&post=483"}],"wp:attachment":[{"href":"https:\/\/dev4.develope.fi\/dev\/hpcommerce\/index.php?rest_route=%2Fwp%2Fv2%2Fmedia&parent=483"}],"wp:term":[{"taxonomy":"product_brand","embeddable":true,"href":"https:\/\/dev4.develope.fi\/dev\/hpcommerce\/index.php?rest_route=%2Fwp%2Fv2%2Fproduct_brand&post=483"},{"taxonomy":"product_cat","embeddable":true,"href":"https:\/\/dev4.develope.fi\/dev\/hpcommerce\/index.php?rest_route=%2Fwp%2Fv2%2Fproduct_cat&post=483"},{"taxonomy":"product_tag","embeddable":true,"href":"https:\/\/dev4.develope.fi\/dev\/hpcommerce\/index.php?rest_route=%2Fwp%2Fv2%2Fproduct_tag&post=483"}],"curies":[{"name":"wp","href":"https:\/\/api.w.org\/{rel}","templated":true}]}}