{"id":485,"date":"2022-04-11T02:26:24","date_gmt":"2022-04-10T23:26:24","guid":{"rendered":"https:\/\/dev4.develope.fi\/dev\/hpcommerce\/?post_type=product&#038;p=485"},"modified":"2022-04-26T22:58:21","modified_gmt":"2022-04-26T19:58:21","slug":"pirkan-laatukaluste","status":"publish","type":"product","link":"https:\/\/dev4.develope.fi\/dev\/hpcommerce\/?product=pirkan-laatukaluste","title":{"rendered":"Pirkan laatukaluste"},"content":{"rendered":"","protected":false},"excerpt":{"rendered":"<p><strong>Kuvassa yritt\u00e4j\u00e4 Tomi Nurmikolu.<\/strong><\/p>\n<p><span style=\"color: #0000ff;\"><a style=\"color: #0000ff;\" href=\"https:\/\/www.pirkankaluste.fi\">https:\/\/www.pirkankaluste.fi<\/a><\/span><\/p>\n<p>Pirkan Laatukaluste on yli 30 vuotta toiminut kiintokalusteiden valmistaja, toimittaja ja<br \/>\nasentaja Pirkanmaan alueella.<br \/>\nOlemme t\u00e4ydenpalvelun kiintokalusteiden valmistaja<br \/>\nSaat meilt\u00e4 keitti\u00f6n kilpailukykyiseen hintaan.<br \/>\nOnko haaveissasi keitti\u00f6 tai s\u00e4ilytysratkaisu, jonka toteuttaminen vaatii mittatilausty\u00f6t\u00e4.<br \/>\nPalveluumme kuuluu esimerkiksi suunnittelu, vanhojen kalusteiden purku, uusien asennus,<br \/>\nputki- ja s\u00e4hk\u00f6ty\u00f6t, laatoitukset ja v\u00e4litilan pinnoitteet, kodinkoneet ja rahoitus.<br \/>\nSovi vaikka heti ilmainen suunnitteluaika remonttikohteeseen.<br \/>\nJokainen tilaus on uniikki ja toimitetaan asiakkaallemme mittatilausty\u00f6n\u00e4 sek\u00e4 asennettuna.<\/p>\n<p><strong>YHTEYSTIEDOT:<\/strong><\/p>\n<p><span style=\"color: #0000ff;\">YRITT\u00c4J\u00c4NKATU 16 A 10, TAMPERE, 33710 | PUH 0400 835 950, FAX 0420 835 950 |<\/span><br \/>\n<span style=\"color: #0000ff;\">INFO(A)PIRKANKALUSTE.FI\u00a0<\/span><\/p>\n<p>&nbsp;<\/p>\n","protected":false},"featured_media":0,"comment_status":"open","ping_status":"closed","template":"","meta":[],"product_brand":[],"product_cat":[22],"product_tag":[],"class_list":{"0":"post-485","1":"product","2":"type-product","3":"status-publish","5":"product_cat-edut","7":"first","8":"instock","9":"shipping-taxable","10":"product-type-simple"},"_links":{"self":[{"href":"https:\/\/dev4.develope.fi\/dev\/hpcommerce\/index.php?rest_route=\/wp\/v2\/product\/485","targetHints":{"allow":["GET"]}}],"collection":[{"href":"https:\/\/dev4.develope.fi\/dev\/hpcommerce\/index.php?rest_route=\/wp\/v2\/product"}],"about":[{"href":"https:\/\/dev4.develope.fi\/dev\/hpcommerce\/index.php?rest_route=\/wp\/v2\/types\/product"}],"replies":[{"embeddable":true,"href":"https:\/\/dev4.develope.fi\/dev\/hpcommerce\/index.php?rest_route=%2Fwp%2Fv2%2Fcomments&post=485"}],"wp:attachment":[{"href":"https:\/\/dev4.develope.fi\/dev\/hpcommerce\/index.php?rest_route=%2Fwp%2Fv2%2Fmedia&parent=485"}],"wp:term":[{"taxonomy":"product_brand","embeddable":true,"href":"https:\/\/dev4.develope.fi\/dev\/hpcommerce\/index.php?rest_route=%2Fwp%2Fv2%2Fproduct_brand&post=485"},{"taxonomy":"product_cat","embeddable":true,"href":"https:\/\/dev4.develope.fi\/dev\/hpcommerce\/index.php?rest_route=%2Fwp%2Fv2%2Fproduct_cat&post=485"},{"taxonomy":"product_tag","embeddable":true,"href":"https:\/\/dev4.develope.fi\/dev\/hpcommerce\/index.php?rest_route=%2Fwp%2Fv2%2Fproduct_tag&post=485"}],"curies":[{"name":"wp","href":"https:\/\/api.w.org\/{rel}","templated":true}]}}