{"id":487,"date":"2022-04-11T02:29:20","date_gmt":"2022-04-10T23:29:20","guid":{"rendered":"https:\/\/dev4.develope.fi\/dev\/hpcommerce\/?post_type=product&#038;p=487"},"modified":"2022-04-18T14:59:12","modified_gmt":"2022-04-18T11:59:12","slug":"piateekki-oy","status":"publish","type":"product","link":"https:\/\/dev4.develope.fi\/dev\/hpcommerce\/?product=piateekki-oy","title":{"rendered":"Piateekki Oy"},"content":{"rendered":"","protected":false},"excerpt":{"rendered":"<p><strong>Kuvassa Tj. Pia Pitk\u00e4nen.<\/strong><\/p>\n<p><span style=\"color: #0000ff;\"><a style=\"color: #0000ff;\" href=\"http:\/\/www.piateekki.fi\">http:\/\/www.piateekki.fi<\/a><\/span><\/p>\n<p>Terveydenhoito tuotteiden erikoismyym\u00e4l\u00e4 ja verkkokauppa Tampereen keskustassa, josta<br \/>\nsaat apuv\u00e4lineet, jotka helpottavat kotona selviytymist\u00e4 ja itsen\u00e4ist\u00e4 toimintaa. Asiakkaita<br \/>\npalvelee kokenut fysioterapeutti.<br \/>\nOn upeaa ja motivoivaa saada olla avuksesi. Teht\u00e4v\u00e4ni on selvitt\u00e4\u00e4 sinun ongelmasi ja<br \/>\nhelpottaa arkeasi olipa kyseess\u00e4 kipe\u00e4 polvi tai ep\u00e4mukavat jalkineet. Hymysi ja<br \/>\nkiitollisuutesi on parasta mit\u00e4 saan t\u00e4st\u00e4 ty\u00f6st\u00e4ni.<br \/>\nKivijalkamyym\u00e4l\u00e4ss\u00e4 kohtaan asiakkaani kasvotusten. Verkkokaupasta asiakkaani ovat<br \/>\nvoineet tilata tuotteita vuodesta 2004 l\u00e4htien.<\/p>\n<p><strong>Tervetuloa ostoksille<\/strong><\/p>\n<p><strong>Piateekki Oy<\/strong><\/p>\n<p><span style=\"color: #0000ff;\">N\u00e4silinnankatu 27<\/span><br \/>\n<span style=\"color: #0000ff;\">33200 Tampere<\/span><\/p>\n<p><span style=\"color: #0000ff;\">Palvelemme<\/span><br \/>\n<span style=\"color: #0000ff;\">ma-pe klo 11-16<\/span><\/p>\n<p><span style=\"color: #0000ff;\">Arkipyh\u00e4t suljettu.<\/span><\/p>\n<p><span style=\"color: #0000ff;\">050 4521711<\/span><\/p>\n<p><span style=\"color: #0000ff;\">piateekki@piateekki.fi<\/span><\/p>\n","protected":false},"featured_media":0,"comment_status":"open","ping_status":"closed","template":"","meta":[],"product_brand":[],"product_cat":[22],"product_tag":[],"class_list":{"0":"post-487","1":"product","2":"type-product","3":"status-publish","5":"product_cat-edut","7":"first","8":"instock","9":"shipping-taxable","10":"product-type-simple"},"_links":{"self":[{"href":"https:\/\/dev4.develope.fi\/dev\/hpcommerce\/index.php?rest_route=\/wp\/v2\/product\/487","targetHints":{"allow":["GET"]}}],"collection":[{"href":"https:\/\/dev4.develope.fi\/dev\/hpcommerce\/index.php?rest_route=\/wp\/v2\/product"}],"about":[{"href":"https:\/\/dev4.develope.fi\/dev\/hpcommerce\/index.php?rest_route=\/wp\/v2\/types\/product"}],"replies":[{"embeddable":true,"href":"https:\/\/dev4.develope.fi\/dev\/hpcommerce\/index.php?rest_route=%2Fwp%2Fv2%2Fcomments&post=487"}],"wp:attachment":[{"href":"https:\/\/dev4.develope.fi\/dev\/hpcommerce\/index.php?rest_route=%2Fwp%2Fv2%2Fmedia&parent=487"}],"wp:term":[{"taxonomy":"product_brand","embeddable":true,"href":"https:\/\/dev4.develope.fi\/dev\/hpcommerce\/index.php?rest_route=%2Fwp%2Fv2%2Fproduct_brand&post=487"},{"taxonomy":"product_cat","embeddable":true,"href":"https:\/\/dev4.develope.fi\/dev\/hpcommerce\/index.php?rest_route=%2Fwp%2Fv2%2Fproduct_cat&post=487"},{"taxonomy":"product_tag","embeddable":true,"href":"https:\/\/dev4.develope.fi\/dev\/hpcommerce\/index.php?rest_route=%2Fwp%2Fv2%2Fproduct_tag&post=487"}],"curies":[{"name":"wp","href":"https:\/\/api.w.org\/{rel}","templated":true}]}}