{"id":489,"date":"2022-04-11T02:33:38","date_gmt":"2022-04-10T23:33:38","guid":{"rendered":"https:\/\/dev4.develope.fi\/dev\/hpcommerce\/?post_type=product&#038;p=489"},"modified":"2022-04-26T22:54:49","modified_gmt":"2022-04-26T19:54:49","slug":"suomen-ase-ja-retkeily","status":"publish","type":"product","link":"https:\/\/dev4.develope.fi\/dev\/hpcommerce\/?product=suomen-ase-ja-retkeily","title":{"rendered":"Suomen Ase ja Retkeily (Loimaa)"},"content":{"rendered":"","protected":false},"excerpt":{"rendered":"<p>Kuvassa Tj. Nikolas Taalikka.<\/p>\n<p><span style=\"color: #0000ff;\"><a style=\"color: #0000ff;\" href=\"http:\/\/www.suomenasejaretkeily.fi\">http:\/\/www.suomenasejaretkeily.fi<\/a><\/span><\/p>\n<p>Meilt\u00e4 l\u00f6yd\u00e4t kattavasti kaikkea mets\u00e4stykseen, ammuntaan ja retkeilyyn yli 30 vuoden<br \/>\nkokemuksella. Myym\u00e4l\u00e4mme sijaitsee Loimaan keskustan tuntumassa. Myym\u00e4l\u00e4mme on<br \/>\ntarjonnut mets\u00e4stys- ja retkeily-alan palveluja vuodesta 1991. Teit\u00e4 palvelevat<br \/>\nammattitaitoiset ja kokeneet myyj\u00e4t, joiden kanssa l\u00f6yd\u00e4t juuri sinulle sopivat tuotteet.<br \/>\nLoimaan myym\u00e4l\u00e4st\u00e4 l\u00f6ytyv\u00e4t tuotteet niin mets\u00e4stykseen , ammuntaan ,retkeilyyn ja<br \/>\nvaatetukseen. Sen lis\u00e4ksi voit vuokrata meilt\u00e4 SimWay Hunt- ampumasimulaattorin,<br \/>\nsaunaosaston ja kodan. Meille sopii noin kymmenen (10) hengen ryhm\u00e4 kerrallaan<br \/>\nviett\u00e4m\u00e4\u00e4n iltaa.<\/p>\n<p><strong>Tervetuloa tutustumaan myym\u00e4l\u00e4\u00e4mme ja tuotteisiimme<\/strong><\/p>\n<p><strong>Osoite:<\/strong> <span style=\"color: #0000ff;\">Satakunnantie 48, 32200 Loimaa<\/span><\/p>\n<p><strong>Puhelinnumero myym\u00e4l\u00e4\u00e4n:<\/strong> <span style=\"color: #0000ff;\">010 200 9170<\/span><\/p>\n<p><strong>Kauppiaat:<\/strong><\/p>\n<p><strong>Nikolas Taalikka,<\/strong>\u00a0<span style=\"color: #0000ff;\">040 534 2068<\/span>, <span style=\"color: #0000ff;\">nikolas.taalikka@suomenasejaretkeily.fi<\/span><\/p>\n<p><strong>Henrik Tiainen,<\/strong> <span style=\"color: #0000ff;\">henrik.tiainen@suomenasejaretkeily.fi<\/span><\/p>\n<p><strong>VERKKOKAUPAN ASIAKASPALVELU:<\/strong><\/p>\n<p><span style=\"color: #0000ff;\">puh. 010 200 9170<\/span><br \/>\n<span style=\"color: #0000ff;\">asiakaspalvelu(at)suomenasejaretkeily.fi<\/span><\/p>\n<p>&nbsp;<\/p>\n","protected":false},"featured_media":0,"comment_status":"open","ping_status":"closed","template":"","meta":[],"product_brand":[],"product_cat":[22],"product_tag":[],"class_list":{"0":"post-489","1":"product","2":"type-product","3":"status-publish","5":"product_cat-edut","7":"first","8":"instock","9":"shipping-taxable","10":"product-type-simple"},"_links":{"self":[{"href":"https:\/\/dev4.develope.fi\/dev\/hpcommerce\/index.php?rest_route=\/wp\/v2\/product\/489","targetHints":{"allow":["GET"]}}],"collection":[{"href":"https:\/\/dev4.develope.fi\/dev\/hpcommerce\/index.php?rest_route=\/wp\/v2\/product"}],"about":[{"href":"https:\/\/dev4.develope.fi\/dev\/hpcommerce\/index.php?rest_route=\/wp\/v2\/types\/product"}],"replies":[{"embeddable":true,"href":"https:\/\/dev4.develope.fi\/dev\/hpcommerce\/index.php?rest_route=%2Fwp%2Fv2%2Fcomments&post=489"}],"wp:attachment":[{"href":"https:\/\/dev4.develope.fi\/dev\/hpcommerce\/index.php?rest_route=%2Fwp%2Fv2%2Fmedia&parent=489"}],"wp:term":[{"taxonomy":"product_brand","embeddable":true,"href":"https:\/\/dev4.develope.fi\/dev\/hpcommerce\/index.php?rest_route=%2Fwp%2Fv2%2Fproduct_brand&post=489"},{"taxonomy":"product_cat","embeddable":true,"href":"https:\/\/dev4.develope.fi\/dev\/hpcommerce\/index.php?rest_route=%2Fwp%2Fv2%2Fproduct_cat&post=489"},{"taxonomy":"product_tag","embeddable":true,"href":"https:\/\/dev4.develope.fi\/dev\/hpcommerce\/index.php?rest_route=%2Fwp%2Fv2%2Fproduct_tag&post=489"}],"curies":[{"name":"wp","href":"https:\/\/api.w.org\/{rel}","templated":true}]}}