{"id":494,"date":"2022-04-11T02:46:16","date_gmt":"2022-04-10T23:46:16","guid":{"rendered":"https:\/\/dev4.develope.fi\/dev\/hpcommerce\/?post_type=product&#038;p=494"},"modified":"2022-04-18T14:38:14","modified_gmt":"2022-04-18T11:38:14","slug":"saneeraus-taitaja-poutiainen-oy","status":"publish","type":"product","link":"https:\/\/dev4.develope.fi\/dev\/hpcommerce\/?product=saneeraus-taitaja-poutiainen-oy","title":{"rendered":"Saneeraus Taitaja Poutiainen Oy"},"content":{"rendered":"","protected":false},"excerpt":{"rendered":"<p><span style=\"color: #000000;\"><strong>Kuvassa yritt\u00e4j\u00e4 Tatu Poutiainen.<\/strong><\/span><\/p>\n<p><span style=\"color: #0000ff;\"><a style=\"color: #0000ff;\" href=\"http:\/\/www.saneeraustaitaja.fi\">http:\/\/www.saneeraustaitaja.fi<\/a><\/span><\/p>\n<p>Saneeraus Taitaja Poutiainen on monenlaisten keitti\u00f6kalusteiden ammattilainen Jyv\u00e4skyl\u00e4n<br \/>\nVaajakoskella. Mittatilauksena toteutamme projekteja p\u00e4\u00e4osin yritysasiakkaiden tarpeisiin,<br \/>\nmutta muutamme mielell\u00e4mme todeksi my\u00f6s yksityisasiakkaiden suunnitelmat. Laadukkaat<br \/>\nkalusteet saadaan sovitettua ymp\u00e4r\u00f6iv\u00e4\u00e4n tilaan t\u00e4ydellisesti.<br \/>\nJokainen tilaus on uniikki ja toimitetaan asiakkaallemme mittatilausty\u00f6n\u00e4 sek\u00e4 asennettuna.<br \/>\nL\u00f6yd\u00e4mme tavan toteuttaa sinun yksil\u00f6lliset ideasi<\/p>\n<blockquote><p><strong>\u2014 Kaikki kyll\u00e4 onnistuu<\/strong><\/p><\/blockquote>\n<p><strong>YHTEYSTIEDOT<\/strong><br \/>\n<strong>SaneerausTaitaja Poutiainen Oy<\/strong><br \/>\n<span style=\"color: #0000ff;\">tarjoukset@saneeraustaitaja.fi<\/span><br \/>\n<span style=\"color: #0000ff;\">Huoltokuja 2<\/span><br \/>\n<span style=\"color: #0000ff;\">40800 VAAJAKOSKI<\/span><br \/>\n<span style=\"color: #0000ff;\">Tatu Poutiainen<\/span><br \/>\n<span style=\"color: #0000ff;\">0505829184<\/span><br \/>\n<span style=\"color: #0000ff;\">tatu.poutiainen@saneeraustaitaja.fi<\/span><\/p>\n","protected":false},"featured_media":0,"comment_status":"open","ping_status":"closed","template":"","meta":[],"product_brand":[],"product_cat":[22],"product_tag":[],"class_list":{"0":"post-494","1":"product","2":"type-product","3":"status-publish","5":"product_cat-edut","7":"first","8":"instock","9":"shipping-taxable","10":"product-type-simple"},"_links":{"self":[{"href":"https:\/\/dev4.develope.fi\/dev\/hpcommerce\/index.php?rest_route=\/wp\/v2\/product\/494","targetHints":{"allow":["GET"]}}],"collection":[{"href":"https:\/\/dev4.develope.fi\/dev\/hpcommerce\/index.php?rest_route=\/wp\/v2\/product"}],"about":[{"href":"https:\/\/dev4.develope.fi\/dev\/hpcommerce\/index.php?rest_route=\/wp\/v2\/types\/product"}],"replies":[{"embeddable":true,"href":"https:\/\/dev4.develope.fi\/dev\/hpcommerce\/index.php?rest_route=%2Fwp%2Fv2%2Fcomments&post=494"}],"wp:attachment":[{"href":"https:\/\/dev4.develope.fi\/dev\/hpcommerce\/index.php?rest_route=%2Fwp%2Fv2%2Fmedia&parent=494"}],"wp:term":[{"taxonomy":"product_brand","embeddable":true,"href":"https:\/\/dev4.develope.fi\/dev\/hpcommerce\/index.php?rest_route=%2Fwp%2Fv2%2Fproduct_brand&post=494"},{"taxonomy":"product_cat","embeddable":true,"href":"https:\/\/dev4.develope.fi\/dev\/hpcommerce\/index.php?rest_route=%2Fwp%2Fv2%2Fproduct_cat&post=494"},{"taxonomy":"product_tag","embeddable":true,"href":"https:\/\/dev4.develope.fi\/dev\/hpcommerce\/index.php?rest_route=%2Fwp%2Fv2%2Fproduct_tag&post=494"}],"curies":[{"name":"wp","href":"https:\/\/api.w.org\/{rel}","templated":true}]}}