{"id":75,"date":"2021-12-28T23:27:08","date_gmt":"2021-12-28T21:27:08","guid":{"rendered":"https:\/\/dev4.develope.fi\/dev\/hpcommerce\/?post_type=product&#038;p=75"},"modified":"2022-04-18T23:53:37","modified_gmt":"2022-04-18T20:53:37","slug":"rauman-torni","status":"publish","type":"product","link":"https:\/\/dev4.develope.fi\/dev\/hpcommerce\/?product=rauman-torni","title":{"rendered":"Rauman Torni"},"content":{"rendered":"","protected":false},"excerpt":{"rendered":"<p><span style=\"color: #0000ff;\"><a style=\"color: #0000ff;\" href=\"http:\/\/www.raumantorni.fi\">www.raumantorni.fi<\/a><\/span><\/p>\n<p>RAUMAN TORNI ON RAUMALLA SIJAITSEVA VESITORNI JOSSA RAVINTOLAMME<br \/>\nSIJAITSEE 66,5 METRI\u00c4 MERENPINNAN YL\u00c4PUOLELLA. HUIKEAN N\u00c4K\u00d6ALAN<br \/>\nRavintola Torni palvelee arkisin lounaalla, iltaisin ja viikonloppuisin ala cartea tarjoillen.<br \/>\nKannattaa pist\u00e4yty\u00e4, n\u00e4kyy koko Rauma ja sis\u00e4ll\u00e4 ylh\u00e4\u00e4ll\u00e4 on ruokaravintola ja<br \/>\nn\u00e4k\u00f6alatasanne<\/p>\n<p><strong>P\u00f6yt\u00e4varaukset ja tiedustelut<\/strong><\/p>\n<p><span style=\"color: #0000ff;\">+358 41 314 6182<\/span><br \/>\n<span style=\"color: #0000ff;\">www.raumantorni.fi<\/span><br \/>\n<span style=\"color: #0000ff;\">VESITORNINTIE 2, 26100 RAUMA, info@raumantorni.fi<\/span><br \/>\n<span style=\"color: #0000ff;\">TARJOUKSET, KYSELYT, P\u00d6YT\u00c4VARAUKSET<\/span><\/p>\n","protected":false},"featured_media":0,"comment_status":"open","ping_status":"closed","template":"","meta":[],"product_brand":[],"product_cat":[22],"product_tag":[],"class_list":{"0":"post-75","1":"product","2":"type-product","3":"status-publish","5":"product_cat-edut","7":"first","8":"instock","9":"shipping-taxable","10":"product-type-simple"},"_links":{"self":[{"href":"https:\/\/dev4.develope.fi\/dev\/hpcommerce\/index.php?rest_route=\/wp\/v2\/product\/75","targetHints":{"allow":["GET"]}}],"collection":[{"href":"https:\/\/dev4.develope.fi\/dev\/hpcommerce\/index.php?rest_route=\/wp\/v2\/product"}],"about":[{"href":"https:\/\/dev4.develope.fi\/dev\/hpcommerce\/index.php?rest_route=\/wp\/v2\/types\/product"}],"replies":[{"embeddable":true,"href":"https:\/\/dev4.develope.fi\/dev\/hpcommerce\/index.php?rest_route=%2Fwp%2Fv2%2Fcomments&post=75"}],"wp:attachment":[{"href":"https:\/\/dev4.develope.fi\/dev\/hpcommerce\/index.php?rest_route=%2Fwp%2Fv2%2Fmedia&parent=75"}],"wp:term":[{"taxonomy":"product_brand","embeddable":true,"href":"https:\/\/dev4.develope.fi\/dev\/hpcommerce\/index.php?rest_route=%2Fwp%2Fv2%2Fproduct_brand&post=75"},{"taxonomy":"product_cat","embeddable":true,"href":"https:\/\/dev4.develope.fi\/dev\/hpcommerce\/index.php?rest_route=%2Fwp%2Fv2%2Fproduct_cat&post=75"},{"taxonomy":"product_tag","embeddable":true,"href":"https:\/\/dev4.develope.fi\/dev\/hpcommerce\/index.php?rest_route=%2Fwp%2Fv2%2Fproduct_tag&post=75"}],"curies":[{"name":"wp","href":"https:\/\/api.w.org\/{rel}","templated":true}]}}