{"id":917,"date":"2022-04-18T20:45:19","date_gmt":"2022-04-18T17:45:19","guid":{"rendered":"https:\/\/dev4.develope.fi\/dev\/hpcommerce\/?post_type=product&#038;p=917"},"modified":"2022-04-18T20:47:04","modified_gmt":"2022-04-18T17:47:04","slug":"hyva-olo-ilona-2","status":"publish","type":"product","link":"https:\/\/dev4.develope.fi\/dev\/hpcommerce\/?product=hyva-olo-ilona-2","title":{"rendered":"Hyv\u00e4 Olo Ilona"},"content":{"rendered":"","protected":false},"excerpt":{"rendered":"<p><strong>Kuvassa yritt\u00e4j\u00e4 Ilona Fagerlund-Rauhanen<\/strong><\/p>\n<p><span style=\"color: #0000ff;\"><a style=\"color: #0000ff;\" href=\"http:\/\/www.hyvaoloilona.fi\">http:\/\/www.hyvaoloilona.fi<\/a><\/span><\/p>\n<p>Tarjoamme asiakkaillemme korkealaatuisia terveyden ja hyvinvoinnin palveluita<br \/>\nPirkanmaalla.<\/p>\n<p>Viihtyis\u00e4t vastaanottomme sijaitsevat keskeisill\u00e4 paikoilla Tampereella. Keskustan toimipisteemme on H\u00e4meenkadulla ja toinen sijaitsee Kaukaj\u00e4rvell\u00e4.<\/p>\n<p>Jos haluat jotain laadukkaampaa, valitse Hyv\u00e4 Olo Ilona hyvinvointikeskus HOIDAMME<br \/>\nASIAKKAAT VASTUULLISESTI VAUVASTA VAARIIN JA<br \/>\nTURVALLISESTI KOHTI PAREMPAA OLOA!.<\/p>\n<p><strong>Hoitomme vuodesta 2003 l\u00e4htien:<\/strong><\/p>\n<p>KUNTOUTUS JA FYSIOTERAPIA<br \/>\nOSTEOPATIA<br \/>\nHIERONTAPALVELUT<br \/>\nAKUPUNKTIO JA VY\u00d6HYKETERAPIA<br \/>\nPURENTAELIMIST\u00d6N PALVELUT<br \/>\nERIKOIS- JA DUO-HOIDOT<br \/>\nTERVEYSMITTAUS<br \/>\nRASKAUS, VANHEMMUUS JA LAPSETTOMUUS PALVELUT<br \/>\nET\u00c4PALVELUT<\/p>\n<p>Tervetuloa<\/p>\n<p><strong>YHTEYSTIEDOT<\/strong><\/p>\n<blockquote><p><strong>KESKUSTA<\/strong><\/p><\/blockquote>\n<ul>\n<li><span style=\"color: #0000ff;\">H\u00e4meenkatu 6 B, 7. krs, Tampere<\/span><br \/>\n<span style=\"color: #0000ff;\">info@hyvaoloilona.fi<\/span><br \/>\n<span style=\"color: #0000ff;\">010 320 3440<\/span><br \/>\nHyvinvointikeskuksemme sijaitsee Osuuspankin talossa, Stockmannin vieress\u00e4.<\/li>\n<\/ul>\n<blockquote><p><strong>KAUKAJ\u00c4RVI<\/strong><\/p><\/blockquote>\n<ul>\n<li><span style=\"color: #0000ff;\">Keskisenkatu 6, Tampere<\/span><br \/>\n<span style=\"color: #0000ff;\">info@hyvaoloilona.fi<\/span><\/li>\n<li><span style=\"color: #0000ff;\">010 320 3446<\/span><\/li>\n<\/ul>\n","protected":false},"featured_media":0,"comment_status":"open","ping_status":"closed","template":"","meta":[],"product_brand":[],"product_cat":[22],"product_tag":[],"class_list":{"0":"post-917","1":"product","2":"type-product","3":"status-publish","5":"product_cat-edut","7":"first","8":"instock","9":"shipping-taxable","10":"product-type-simple"},"_links":{"self":[{"href":"https:\/\/dev4.develope.fi\/dev\/hpcommerce\/index.php?rest_route=\/wp\/v2\/product\/917","targetHints":{"allow":["GET"]}}],"collection":[{"href":"https:\/\/dev4.develope.fi\/dev\/hpcommerce\/index.php?rest_route=\/wp\/v2\/product"}],"about":[{"href":"https:\/\/dev4.develope.fi\/dev\/hpcommerce\/index.php?rest_route=\/wp\/v2\/types\/product"}],"replies":[{"embeddable":true,"href":"https:\/\/dev4.develope.fi\/dev\/hpcommerce\/index.php?rest_route=%2Fwp%2Fv2%2Fcomments&post=917"}],"wp:attachment":[{"href":"https:\/\/dev4.develope.fi\/dev\/hpcommerce\/index.php?rest_route=%2Fwp%2Fv2%2Fmedia&parent=917"}],"wp:term":[{"taxonomy":"product_brand","embeddable":true,"href":"https:\/\/dev4.develope.fi\/dev\/hpcommerce\/index.php?rest_route=%2Fwp%2Fv2%2Fproduct_brand&post=917"},{"taxonomy":"product_cat","embeddable":true,"href":"https:\/\/dev4.develope.fi\/dev\/hpcommerce\/index.php?rest_route=%2Fwp%2Fv2%2Fproduct_cat&post=917"},{"taxonomy":"product_tag","embeddable":true,"href":"https:\/\/dev4.develope.fi\/dev\/hpcommerce\/index.php?rest_route=%2Fwp%2Fv2%2Fproduct_tag&post=917"}],"curies":[{"name":"wp","href":"https:\/\/api.w.org\/{rel}","templated":true}]}}